{"id":2852,"date":"2016-04-06T10:51:56","date_gmt":"2016-04-06T09:51:56","guid":{"rendered":"https:\/\/maralaser.wpdev.it\/\/es\/?page_id=2852"},"modified":"2020-07-06T12:04:43","modified_gmt":"2020-07-06T11:04:43","slug":"quienes-somos","status":"publish","type":"page","link":"https:\/\/maralaser.wpdev.it\/es\/quienes-somos\/","title":{"rendered":"Qui\u00e9nes somos"},"content":{"rendered":"<div class=\"wpb-content-wrapper\"><p>[vc_row full_width=&#8221;stretch_row_content&#8221; el_id=&#8221;MaraLaser&#8221; el_class=&#8221;parallax-about pott&#8221; css=&#8221;.vc_custom_1594029191087{margin-bottom: 70px !important;padding-top: 80px !important;padding-bottom: 80px !important;background-image: url(https:\/\/maralaser.wpdev.it\/\/wp-content\/uploads\/2016\/03\/parallax-chisiamo-2.jpg?id=3713) !important;}&#8221;][vc_column][\/vc_column][\/vc_row][vc_row el_class=&#8221;middle&#8221; css=&#8221;.vc_custom_1594027125261{margin-top: -50px !important;margin-bottom: 25px !important;}&#8221; el_id=&#8221;whoare&#8221;][vc_column width=&#8221;1\/3&#8243;][vc_single_image image=&#8221;3617&#8243; img_size=&#8221;310&#215;395&#8243; alignment=&#8221;center&#8221; onclick=&#8221;zoom&#8221;][\/vc_column][vc_column width=&#8221;2\/3&#8243;][vc_custom_heading text=&#8221;30 a\u00f1os de experiencia en la fabricaci\u00f3n de niveladoras l\u00e1ser&#8221; font_container=&#8221;tag:h2|font_size:32|text_align:left|color:%23fcce38|line_height:1.2&#8243; use_theme_fonts=&#8221;yes&#8221; el_class=&#8221;dpbl&#8221;][vc_column_text css=&#8221;.vc_custom_1594026711355{margin-top: 25px !important;margin-bottom: 25px !important;}&#8221;]<\/p>\n<p style=\"text-align: justify;\">MARA proyecta, produce y comercializa m\u00e1quinas para la nivelaci\u00f3n del terreno a control l\u00e1ser y gps. Fundada en 1986, la empresa contin\u00faa su evoluci\u00f3n tecnol\u00f3gica, al servicio de la productividad del cliente, ofreciendo el producto ideal para cada actividad.<\/p>\n<p style=\"text-align: justify;\">Hoy MARA produce 24 modelos de niveladoras, 7 grader a empuje y 5 tra\u00edllas. Con su \u00faltima generaci\u00f3n de m\u00e1quinas, la producci\u00f3n MARA conjuga la elevada capacidad de trabajar r\u00e1pidamente el terreno con tractores de potencia contenida con la fiabilidad y calidad de nivel superior.<\/p>\n<p style=\"text-align: justify;\">Presente en el mercado mundial en m\u00e1s de 30 pa\u00edses, MARA garantiza una notable precisi\u00f3n en el resultado final, sin\u00f3nimo de mayor producci\u00f3n en el campo agr\u00edcola y una reducci\u00f3n de los costes.<\/p>\n<p style=\"text-align: justify;\">El establecimiento productivo de Vercelli ocupa una superficie de 55.000 m\u00b2 de los cuales 8.800 cubiertos. Adem\u00e1s, un amplio espacio est\u00e1 reservado a las pruebas de funcionamiento y a las pruebas demostrativas para los clientes. El ingeniero Gianmario Delsignore, cofundador y socio de la empresa, administra una moderna organizaci\u00f3n a red que permite mantener los costes y asegurar calidad y entregas r\u00e1pidas.<\/p>\n<p>[\/vc_column_text][\/vc_column][\/vc_row][vc_row full_width=&#8221;stretch_row&#8221; parallax=&#8221;content-moving&#8221; parallax_image=&#8221;1611&#8243; el_class=&#8221;our-features-layout2 center specialp&#8221; css=&#8221;.vc_custom_1594028949010{padding-top: 60px !important;padding-bottom: 30px !important;}&#8221;][vc_column width=&#8221;1\/3&#8243; css=&#8221;.vc_custom_1439360282029{margin-bottom: 30px !important;}&#8221;][thememove_icon type=&#8221;pe7stroke&#8221; icon_pe7stroke=&#8221;pe-7s-like2&#8243; font_size=&#8221;80&#8243; font_color=&#8221;#fcce38&#8243;][vc_custom_heading text=&#8221;Personal cualificado&#8221; font_container=&#8221;tag:h3|font_size:20|text_align:center|color:%23ffffff&#8221; use_theme_fonts=&#8221;yes&#8221; css=&#8221;.vc_custom_1459265607655{margin-top: 5px !important;margin-bottom: 5px !important;}&#8221;][vc_column_text]<\/p>\n<p style=\"text-align: center;\">Personal disponible y altamente cualificado capaz de asegurar una respuesta r\u00e1pida<\/p>\n<p>[\/vc_column_text][\/vc_column][vc_column width=&#8221;1\/3&#8243; css=&#8221;.vc_custom_1439360289713{margin-bottom: 30px !important;}&#8221;][thememove_icon type=&#8221;pe7stroke&#8221; icon_pe7stroke=&#8221;pe-7s-paper-plane&#8221; font_size=&#8221;80&#8243; font_color=&#8221;#fcce38&#8243;][vc_custom_heading text=&#8221;Tecnolog\u00eda&#8221; font_container=&#8221;tag:h3|font_size:20|text_align:center|color:%23ffffff&#8221; use_theme_fonts=&#8221;yes&#8221; css=&#8221;.vc_custom_1459265622468{margin-top: 5px !important;margin-bottom: 5px !important;}&#8221;][vc_column_text]<\/p>\n<p style=\"text-align: center;\">Tecnologia l\u00e1ser a la vanguardia para permitir mediciones precisas y \u00f3ptimos resultados<\/p>\n<p>[\/vc_column_text][\/vc_column][vc_column width=&#8221;1\/3&#8243; css=&#8221;.vc_custom_1439360299267{margin-bottom: 30px !important;}&#8221;][thememove_icon type=&#8221;pe7stroke&#8221; icon_pe7stroke=&#8221;pe-7s-piggy&#8221; font_size=&#8221;80&#8243; font_color=&#8221;#fcce38&#8243;][vc_custom_heading text=&#8221;Ahorro&#8221; font_container=&#8221;tag:h3|font_size:20|text_align:center|color:%23ffffff&#8221; use_theme_fonts=&#8221;yes&#8221; css=&#8221;.vc_custom_1459265662186{margin-top: 5px !important;margin-bottom: 5px !important;}&#8221;][vc_column_text]<\/p>\n<p style=\"text-align: center;\">Un considerable ahorro sea en tiempo sea en dinero gracias al uso de m\u00e1quinas eficientes y de calidad<\/p>\n<p>[\/vc_column_text][\/vc_column][\/vc_row][vc_row][vc_column width=&#8221;1\/2&#8243;][vc_column_text]<\/p>\n<p style=\"text-align: justify;\">MARA nace en 1986 a ra\u00edz de una idea de 4 empresarios. Su misi\u00f3n queda clara desde el inicio: mejorar la productividad del cliente en agricultura, edilicia, movimiento tierra y construcci\u00f3n de carreteras, deporte y jardiner\u00eda.<\/p>\n<p style=\"text-align: justify;\">La experiencia de empresarios agr\u00edcolas de una parte de los socios, la competencia t\u00e9cnica de otros y el desarrollo de la tecnolog\u00eda l\u00e1ser hacen nacer la idea de una m\u00e1quina autom\u00e1tica para la nivelaci\u00f3n del terreno. El cultivo de arroz, que requiere planos precisos para la cobertura constante de agua de los cultivos, t\u00edpica de la zona donde nace MARA, ha constitu\u00eddo un banco de prueba importante para la tecnolog\u00eda de nivelaci\u00f3n de la empresa. Las ventajas de la nivelaci\u00f3n del terreno se han revelado importantes tambi\u00e9n en otros tipos de cultivos, aumentando la producci\u00f3n del cultivo en curso, reduciendo el volumen de agua, la cantidad de semillas, de abono y de herbicidas, favoreciendo el drenaje de los terrenos. Por estos motivos el uso de las niveladoras se ha extendido sucesivamente en otros sectores.<\/p>\n<p>[\/vc_column_text][\/vc_column][vc_column width=&#8221;1\/2&#8243;][vc_column_text]<\/p>\n<p style=\"text-align: justify;\">Los primeros productos ten\u00edan una anchura operativa de 3,60 m. y requer\u00edan tractores con potencia de 140-150 cv cuyo peso era de unos 13-14 toneladas. A causa de su peso estos tractores no encontraban otras aplicaciones y ten\u00edan que ser espec\u00edficos para la nivelaci\u00f3n solamente. MARA entonces decide desarrollar una gama de m\u00e1quinas ligeras, f\u00e1ciles de usar, que requieran una menor potencia de arrastre y que permitan ser utilizadas con tractores que normalmente se encuentran en las empresas agr\u00edcolas. Este resultado ha sido obtenido gracias a una particular geometr\u00eda global de las m\u00e1quinas, a una exclusiva conformaci\u00f3n de la cuchilla, al uso de una electr\u00f3nica sofisticada que puede evaluar con continuidad la potencia de arrastre requerida, optimizando el funcionamiento de la m\u00e1quina.<\/p>\n<p style=\"text-align: justify;\">Hoy la produccion de MARA se configura con un r\u00e9cord tecnol\u00f3gico basado en productos robustos pero ligeros, f\u00e1ciles de usar y muy productivos.<\/p>\n<p>[\/vc_column_text][\/vc_column][\/vc_row][vc_row full_width=&#8221;stretch_row&#8221; parallax=&#8221;content-moving&#8221; parallax_image=&#8221;2793&#8243; parallax_speed_bg=&#8221;1&#8243; css=&#8221;.vc_custom_1457536994236{margin-bottom: 0px !important;}&#8221; el_class=&#8221;quick-quote quick-quote&#8211;dark&#8221;][vc_column width=&#8221;1\/2&#8243; offset=&#8221;vc_hidden-sm vc_hidden-xs&#8221;][vc_column_text]<br \/>\n[\/vc_column_text][\/vc_column][vc_column offset=&#8221;vc_col-lg-6 vc_col-md-6&#8243;][vc_empty_space height=&#8221;40&#8243;][vc_custom_heading text=&#8221;Testimonios&#8221; font_container=&#8221;tag:h2|font_size:32|text_align:left|color:%23ffffff|line_height:1.2&#8243; use_theme_fonts=&#8221;yes&#8221; el_class=&#8221;heading-title dpbl&#8221; css=&#8221;.vc_custom_1594033048566{margin-bottom: 40px !important;}&#8221;][thememove_testimonials enable_carousel=&#8221;yes&#8221; display_bullets=&#8221;yes&#8221; enable_autoplay=&#8221;yes&#8221; number=&#8221;3&#8243; display_author=&#8221;yes&#8221;][vc_empty_space height=&#8221;40&#8243;][\/vc_column][\/vc_row][vc_row el_class=&#8221;heading-title-with-subtitle center specialp&#8221; css=&#8221;.vc_custom_1594028963289{margin-top: 60px !important;margin-bottom: 60px !important;}&#8221;][vc_column][vc_custom_heading text=&#8221;El personal de la mara&#8221; font_container=&#8221;tag:h2|font_size:36|text_align:center|color:%231d2634&#8243; use_theme_fonts=&#8221;yes&#8221; el_class=&#8221;heading-title&#8221; css=&#8221;.vc_custom_1459265962965{margin-bottom: 10px !important;}&#8221;][vc_column_text][\/vc_column_text][vc_images_carousel images=&#8221;3705,3701,3697,3693,3689,3681,3677,3669,3665,3657,3653&#8243; img_size=&#8221;1160&#215;600&#8243; slides_per_view=&#8221;4&#8243; autoplay=&#8221;yes&#8221; hide_pagination_control=&#8221;yes&#8221; wrap=&#8221;yes&#8221; el_class=&#8221;slider-about&#8221;][\/vc_column][\/vc_row][vc_row][vc_column][vc_column_text]<\/p>\n<p>[\/vc_column_text][\/vc_column][\/vc_row][vc_row full_width=&#8221;stretch_row&#8221; content_placement=&#8221;middle&#8221; parallax=&#8221;content-moving&#8221; el_class=&#8221;be-a-piece-of-us middle&#8221; css=&#8221;.vc_custom_1462397015581{padding-top: 35px !important;padding-bottom: 38px !important;background-color: #333333 !important;}&#8221;][vc_column width=&#8221;1\/6&#8243; css=&#8221;.vc_custom_1462396630207{background-color: #333333 !important;}&#8221; el_class=&#8221;center middle&#8221;][thememove_icon type=&#8221;pe7stroke&#8221; icon_pe7stroke=&#8221;pe-7s-info&#8221; font_size=&#8221;30&#8243; font_color=&#8221;#16000b&#8221; el_class=&#8221;center&#8221;][\/vc_column][vc_column width=&#8221;7\/12&#8243; el_class=&#8221;center-xs start-sm wpb_column vc_column_container&#8221;][vc_custom_heading text=&#8221;Visita nuestro cat\u00e1logo , desglosado por \u00e1reas de aplicaci\u00f3n&#8221; font_container=&#8221;tag:h2|text_align:left|color:%23ffffff&#8221; use_theme_fonts=&#8221;yes&#8221; link=&#8221;||&#8221;][\/vc_column][vc_column width=&#8221;1\/4&#8243; el_class=&#8221;center middle&#8221;][thememove_button add_icon=&#8221;yes&#8221; icon_fontawesome=&#8221;fa fa-angle-double-right&#8221; text=&#8221;Descubre las m\u00e1quinas Mara&#8221; link=&#8221;url:%2Fes%2Fproductos%2F|title:Visita%20il%20catalogo%20completo%20diviso%20per%20settore%20di%20applicazione|&#8221;][\/vc_column][\/vc_row][vc_row full_width=&#8221;stretch_row&#8221; content_placement=&#8221;middle&#8221; parallax=&#8221;content-moving&#8221; el_class=&#8221;be-a-piece-of-us grey middle&#8221; css=&#8221;.vc_custom_1462432780154{padding-top: 35px !important;padding-bottom: 38px !important;background-color: #eeeeee !important;}&#8221;][vc_column width=&#8221;1\/6&#8243; el_class=&#8221;center middle&#8221; css=&#8221;.vc_custom_1462398176646{background-color: #eeeeee !important;}&#8221;][thememove_icon type=&#8221;pe7stroke&#8221; icon_pe7stroke=&#8221;pe-7s-mail-open-file&#8221; font_size=&#8221;30&#8243; font_color=&#8221;#16000b&#8221; el_class=&#8221;center&#8221;][\/vc_column][vc_column width=&#8221;5\/12&#8243; el_class=&#8221;center-xs start-sm wpb_column vc_column_container&#8221;][vc_custom_heading text=&#8221;\u00bfQuieres saber m\u00e1s de los productos Mara?&#8221; font_container=&#8221;tag:h2|text_align:left|color:%23333333&#8243; use_theme_fonts=&#8221;yes&#8221; link=&#8221;||&#8221;][\/vc_column][vc_column width=&#8221;5\/12&#8243; el_class=&#8221;center middle&#8221;][thememove_button add_icon=&#8221;yes&#8221; icon_fontawesome=&#8221;fa fa-angle-double-right&#8221; text=&#8221;Contacto mediante el formulario , tel\u00e9fono, email&#8221; link=&#8221;url:http%3A%2F%2Fmaralaser.com%2Fes%2Fcontactos%2F|title:Contattaci%20ora|&#8221;][\/vc_column][\/vc_row]<\/p>\n<\/div>","protected":false},"excerpt":{"rendered":"<p>[vc_row full_width=&#8221;stretch_row_content&#8221; el_id=&#8221;MaraLaser&#8221; el_class=&#8221;parallax-about pott&#8221; css=&#8221;.vc_custom_1594029191087{margin-bottom: 70px !important;padding-top: 80px !important;padding-bottom: 80px !important;background-image: url(https:\/\/maralaser.wpdev.it\/\/wp-content\/uploads\/2016\/03\/parallax-chisiamo-2.jpg?id=3713) !important;}&#8221;][vc_column][\/vc_column][\/vc_row][vc_row el_class=&#8221;middle&#8221; css=&#8221;.vc_custom_1594027125261{margin-top: -50px !important;margin-bottom: 25px !important;}&#8221; el_id=&#8221;whoare&#8221;][vc_column width=&#8221;1\/3&#8243;][vc_single_image image=&#8221;3617&#8243; img_size=&#8221;310&#215;395&#8243; alignment=&#8221;center&#8221; onclick=&#8221;zoom&#8221;][\/vc_column][vc_column width=&#8221;2\/3&#8243;][vc_custom_heading text=&#8221;30 a\u00f1os de experiencia en la fabricaci\u00f3n de niveladoras l\u00e1ser&#8221; font_container=&#8221;tag:h2|font_size:32|text_align:left|color:%23fcce38|line_height:1.2&#8243; use_theme_fonts=&#8221;yes&#8221; el_class=&#8221;dpbl&#8221;][vc_column_text css=&#8221;.vc_custom_1594026711355{margin-top: 25px !important;margin-bottom: 25px !important;}&#8221;] MARA proyecta, produce y comercializa m\u00e1quinas para la nivelaci\u00f3n del [&hellip;]<\/p>\n","protected":false},"author":1,"featured_media":0,"parent":0,"menu_order":0,"comment_status":"closed","ping_status":"closed","template":"","meta":{"_acf_changed":false,"_monsterinsights_skip_tracking":false,"_monsterinsights_sitenote_active":false,"_monsterinsights_sitenote_note":"","_monsterinsights_sitenote_category":0,"footnotes":""},"class_list":["post-2852","page","type-page","status-publish","hentry"],"acf":[],"_links":{"self":[{"href":"https:\/\/maralaser.wpdev.it\/es\/wp-json\/wp\/v2\/pages\/2852","targetHints":{"allow":["GET"]}}],"collection":[{"href":"https:\/\/maralaser.wpdev.it\/es\/wp-json\/wp\/v2\/pages"}],"about":[{"href":"https:\/\/maralaser.wpdev.it\/es\/wp-json\/wp\/v2\/types\/page"}],"author":[{"embeddable":true,"href":"https:\/\/maralaser.wpdev.it\/es\/wp-json\/wp\/v2\/users\/1"}],"replies":[{"embeddable":true,"href":"https:\/\/maralaser.wpdev.it\/es\/wp-json\/wp\/v2\/comments?post=2852"}],"version-history":[{"count":0,"href":"https:\/\/maralaser.wpdev.it\/es\/wp-json\/wp\/v2\/pages\/2852\/revisions"}],"wp:attachment":[{"href":"https:\/\/maralaser.wpdev.it\/es\/wp-json\/wp\/v2\/media?parent=2852"}],"curies":[{"name":"wp","href":"https:\/\/api.w.org\/{rel}","templated":true}]}}