{"id":3151,"date":"2016-04-13T22:06:38","date_gmt":"2016-04-13T21:06:38","guid":{"rendered":"https:\/\/maralaser.wpdev.it\/\/es\/?page_id=3151"},"modified":"2025-11-25T11:46:23","modified_gmt":"2025-11-25T10:46:23","slug":"carreteras","status":"publish","type":"page","link":"https:\/\/maralaser.wpdev.it\/es\/carreteras\/","title":{"rendered":"Carreteras"},"content":{"rendered":"<div class=\"wpb-content-wrapper\"><p>[vc_row css=&#8221;.vc_custom_1439262636161{margin-bottom: 70px !important;}&#8221;][vc_column][vc_column_text]<\/p>\n<p style=\"font-size: 20px;\"><strong>CONSTRUCCI\u00d3N DE CARRETERAS: m\u00e1quinas sencillas de usar \u2192 menos costos y mejores resultados<\/strong><\/p>\n<blockquote>\n<ul style=\"font-size: 20px; text-align: justify;\">\n<li>Minimice su inversi\u00f3n (-90%)<\/li>\n<li>Reduzca los tiempos de procesamiento (-20%)<\/li>\n<li>No es necesario recurrir a mano de obra especializada<\/li>\n<li>Mejore el resultado final general de un error de \u00b1 2,5 cm a un error de \u00b1 0,2 cm<\/li>\n<li>Minimice el uso de materiales valiosos (-20%)<\/li>\n<li>Obtenga un plano horizontal con dos pendientes precisas al mil\u00edmetro<\/li>\n<\/ul>\n<\/blockquote>\n<p style=\"font-size: 20px; text-align: justify;\">El <strong>nivelador MARA<\/strong> puede sustituir f\u00e1cilmente a la motoniveladora, ya que el costo de la m\u00e1quina es diez veces menor y garantiza un resultado final \u00f3ptimo.<\/p>\n<p style=\"font-size: 20px; text-align: justify;\">Para la preparaci\u00f3n de la base (pre-pavimentaci\u00f3n), los niveladores MARA son f\u00e1ciles de utilizar y completamente autom\u00e1ticos. La costosa motoniveladora y su operador altamente especializado ya no son necesarios. El n\u00famero de pasadas para obtener el plano es mucho menor que con una motoniveladora, lo que se traduce en un ahorro de tiempo y dinero. La alta precisi\u00f3n del acabado superficial garantiza la pendiente lateral adecuada para la eliminaci\u00f3n natural del agua de lluvia.<\/p>\n<p style=\"font-size: 20px; text-align: justify;\">La central electr\u00f3nica de nuestros niveladores garantiza un control preciso de la cuchilla con una desviaci\u00f3n m\u00e1xima de 4 mm. Gracias a esto, el acabado de la superficie es extremadamente preciso y no presenta depresiones que luego tendr\u00edan que rellenarse con asfalto u hormig\u00f3n. Todo esto constituye una fuente importante de ahorro.<\/p>\n<p style=\"font-size: 20px; text-align: justify;\">Un ejemplo f\u00e1cil de entender ser\u00eda un tramo de carretera de 1 km con un ancho de 20 m. Una estimaci\u00f3n prudente del error, en el caso en que no se utilice un nivelador, puede ser de aproximadamente \u00b1 2 cm de diferencia de altura. Con el uso de un nivelador MARA, el error m\u00e1ximo es de 0,4 cm, lo que permite un ahorro de 245 m\u00b3 de asfalto para todo el tramo de 1 km.<\/p>\n<p>[\/vc_column_text][\/vc_column][\/vc_row][vc_row][vc_column][vc_column_text]<\/p>\n<h2>Descubra nuestros niveladores l\u00e1ser<\/h2>\n<p>[\/vc_column_text][\/vc_column][\/vc_row][vc_row][vc_column][vc_column_text css=&#8221;&#8221;]      <div id=\"post-grid-lazy-6719\" class=\"post-grid-lazy\"><img decoding=\"async\" alt=\"\" src=\"\" \/><\/div>\n    <script>\n      jQuery('#post-grid-lazy-6719').ready(function($) {\n        $('#post-grid-lazy-6719').fadeOut();\n        $('#post-grid-6719   ').fadeIn();\n      })\n    <\/script>\n    <style type=\"text\/css\">\n      #post-grid-6719 {\n        display: none;\n      }\n\n      .post-grid-lazy {\n        text-align: center;\n      }\n    <\/style>\n    <div data-options='{&quot;id&quot;:&quot;6719&quot;,&quot;lazy_load&quot;:&quot;yes&quot;,&quot;masonry_enable&quot;:&quot;no&quot;,&quot;view_type&quot;:&quot;grid&quot;}' id=\"post-grid-6719\" class=\"post-grid grid\">\n        <div class=\"grid-items\">\n      <div class=\"item item-3422 skin flat even 0 \">\n        <div class=\"layer-wrapper layout-6274\">\n          <div\n        class=\"element element_1626253626077  element-media \">\n        <a target=\"_self\" href=\"https:\/\/maralaser.wpdev.it\/es\/producto\/grader\/\"><img loading=\"lazy\" decoding=\"async\" width=\"419\" height=\"400\" src=\"https:\/\/maralaser.wpdev.it\/wp-content\/uploads\/2015\/04\/mmg20-1-419x400.jpg\" class=\"attachment-medium size-medium wp-post-image\" alt=\"\" srcset=\"https:\/\/maralaser.wpdev.it\/wp-content\/uploads\/2015\/04\/mmg20-1-419x400.jpg 419w, https:\/\/maralaser.wpdev.it\/wp-content\/uploads\/2015\/04\/mmg20-1-600x573.jpg 600w, https:\/\/maralaser.wpdev.it\/wp-content\/uploads\/2015\/04\/mmg20-1-768x734.jpg 768w, https:\/\/maralaser.wpdev.it\/wp-content\/uploads\/2015\/04\/mmg20-1.jpg 900w\" sizes=\"auto, (max-width: 419px) 100vw, 419px\" \/><\/a>    <\/div>\n    <div class=\"element element_1626253616658  title_link \">\n                    <a target=\"_parent\"\n                href=\"https:\/\/maralaser.wpdev.it\/es\/producto\/grader\/\">Grader<\/a>\n            <\/div>\n    <\/div>\n  <\/div><div class=\"item item-3419 skin flat odd 1 \">\n        <div class=\"layer-wrapper layout-6274\">\n          <div\n        class=\"element element_1626253626077  element-media \">\n        <a target=\"_self\" href=\"https:\/\/maralaser.wpdev.it\/es\/producto\/nivelador-laser-mi-25\/\"><img loading=\"lazy\" decoding=\"async\" width=\"419\" height=\"400\" src=\"https:\/\/maralaser.wpdev.it\/wp-content\/uploads\/2015\/04\/25mi-1-419x400.jpg\" class=\"attachment-medium size-medium wp-post-image\" alt=\"\" srcset=\"https:\/\/maralaser.wpdev.it\/wp-content\/uploads\/2015\/04\/25mi-1-419x400.jpg 419w, https:\/\/maralaser.wpdev.it\/wp-content\/uploads\/2015\/04\/25mi-1-600x573.jpg 600w, https:\/\/maralaser.wpdev.it\/wp-content\/uploads\/2015\/04\/25mi-1-768x734.jpg 768w, https:\/\/maralaser.wpdev.it\/wp-content\/uploads\/2015\/04\/25mi-1.jpg 900w\" sizes=\"auto, (max-width: 419px) 100vw, 419px\" \/><\/a>    <\/div>\n    <div class=\"element element_1626253616658  title_link \">\n                    <a target=\"_parent\"\n                href=\"https:\/\/maralaser.wpdev.it\/es\/producto\/nivelador-laser-mi-25\/\">Niveladora l\u00e1ser MI &#8211; 25<\/a>\n            <\/div>\n    <\/div>\n  <\/div>    <\/div>\n    <div class=\"pagination\">\n      <div class=\"paginate\">\n      <\/div>\n  <style type=\"text\/css\">\n    #post-grid-6719 .pagination .page-numbers {\n      font-size: 16px;\n      color: #fff;\n      background: #646464;\n    }\n\n    #post-grid-6719 .pagination .page-numbers:hover,\n    #post-grid-6719 .pagination .page-numbers.current {\n      background: #4b4b4b;\n    }\n  <\/style>\n  <\/div>\n    <style type=\"text\/css\">\n        .layout-6274 .element_1626253626077 {\n            overflow: hidden;\n                    }\n\n        .layout-6274 .element_1626253626077 img {\n            max-width: 100%;\n            height: auto;\n        }\n\n        @media only screen and (min-width: 1024px) {\n            .layout-6274 .element_1626253626077 {\n                height: auto;\n                            }\n        }\n\n        @media only screen and (min-width: 768px) and (max-width: 1023px) {\n            .layout-6274 .element_1626253626077 {\n                height: auto;\n                            }\n        }\n\n        @media only screen and (min-width: 0px) and (max-width: 767px) {\n            .layout-6274 .element_1626253626077 {\n                height: auto;\n                            }\n        }\n    <\/style>\n    <style type=\"text\/css\">\n        .layout-6274 .element_1626253616658 {\n            text-align: center;\n                    }\n\n        .layout-6274 .element_1626253616658 a {\n                    }\n    <\/style>\n      <script>\n          <\/script>\n    <style type=\"text\/css\">\n    #post-grid-6719 {\n      padding: 10px;\n          }\n\n    #post-grid-6719 .item {\n      padding: 0px;\n      background: #fff;\n          }\n\n    #post-grid-6719 .item .layer-media {\n      height:auto;    }\n\n    @media only screen and (min-width: 0px) and (max-width: 767px) {\n      #post-grid-6719 .grid-items {\n        display: grid;\n        grid-template-columns: 1fr ;\n        column-gap: 10px;\n        row-gap: 10px;\n              }\n\n      #post-grid-6719 .item {\n        height:auto;      }\n    }\n\n    @media only screen and (min-width: 768px) and (max-width: 1023px) {\n      #post-grid-6719 .grid-items {\n        display: grid;\n        grid-template-columns: 1fr 1fr ;\n        column-gap: 10px;\n        row-gap: 10px;\n              }\n\n      #post-grid-6719 .item {\n        max-height:auto;      }\n    }\n\n    @media only screen and (min-width: 1024px) {\n      #post-grid-6719 .grid-items {\n        display: grid;\n        grid-template-columns: 1fr 1fr 1fr ;\n        column-gap: 10px;\n        row-gap: 10px;\n              }\n\n      #post-grid-6719 .item {\n        height:auto;      }\n    }\n\n      <\/style>\n  <\/div>\n[\/vc_column_text][\/vc_column][\/vc_row]<\/p>\n<\/div>","protected":false},"excerpt":{"rendered":"<p>[vc_row css=&#8221;.vc_custom_1439262636161{margin-bottom: 70px !important;}&#8221;][vc_column][vc_column_text] CONSTRUCCI\u00d3N DE CARRETERAS: m\u00e1quinas sencillas de usar \u2192 menos costos y mejores resultados Minimice su inversi\u00f3n (-90%) Reduzca los tiempos de procesamiento (-20%) No es necesario recurrir a mano de obra especializada Mejore el resultado final general de un error de \u00b1 2,5 cm a un error de \u00b1 0,2 cm [&hellip;]<\/p>\n","protected":false},"author":1,"featured_media":0,"parent":0,"menu_order":0,"comment_status":"closed","ping_status":"closed","template":"","meta":{"_acf_changed":false,"_monsterinsights_skip_tracking":false,"_monsterinsights_sitenote_active":false,"_monsterinsights_sitenote_note":"","_monsterinsights_sitenote_category":0,"footnotes":""},"class_list":["post-3151","page","type-page","status-publish","hentry"],"acf":[],"_links":{"self":[{"href":"https:\/\/maralaser.wpdev.it\/es\/wp-json\/wp\/v2\/pages\/3151","targetHints":{"allow":["GET"]}}],"collection":[{"href":"https:\/\/maralaser.wpdev.it\/es\/wp-json\/wp\/v2\/pages"}],"about":[{"href":"https:\/\/maralaser.wpdev.it\/es\/wp-json\/wp\/v2\/types\/page"}],"author":[{"embeddable":true,"href":"https:\/\/maralaser.wpdev.it\/es\/wp-json\/wp\/v2\/users\/1"}],"replies":[{"embeddable":true,"href":"https:\/\/maralaser.wpdev.it\/es\/wp-json\/wp\/v2\/comments?post=3151"}],"version-history":[{"count":0,"href":"https:\/\/maralaser.wpdev.it\/es\/wp-json\/wp\/v2\/pages\/3151\/revisions"}],"wp:attachment":[{"href":"https:\/\/maralaser.wpdev.it\/es\/wp-json\/wp\/v2\/media?parent=3151"}],"curies":[{"name":"wp","href":"https:\/\/api.w.org\/{rel}","templated":true}]}}