{"id":3154,"date":"2016-04-13T22:12:27","date_gmt":"2016-04-13T21:12:27","guid":{"rendered":"https:\/\/maralaser.wpdev.it\/\/es\/?page_id=3154"},"modified":"2022-10-27T11:18:04","modified_gmt":"2022-10-27T10:18:04","slug":"movimiento-de-tierras","status":"publish","type":"page","link":"https:\/\/maralaser.wpdev.it\/es\/movimiento-de-tierras\/","title":{"rendered":"Movimiento de tierras"},"content":{"rendered":"<div class=\"wpb-content-wrapper\"><p>[vc_row css=&#8221;.vc_custom_1439262636161{margin-bottom: 70px !important;}&#8221;][vc_column][vc_column_text]<\/p>\n<p style=\"font-size: 20px;\"><strong>MOVIMIENTO TIERRA: M\u00e1quinas sencillas y ligeras que permiten desplazar mucho m\u00e1s material y requieren poca potencia de arrastre<\/strong><\/p>\n<blockquote>\n<ul style=\"font-size: 20px; text-align: justify;\">\n<li>Reduce tu inversi\u00f3n (-30%)<\/li>\n<li>Reduce los tiempos de trabajo (-20%)<\/li>\n<li>Mejora el resultado final de tu trabajo (de un error de \u00b12,5cm a un error \u00b10,2cm)<\/li>\n<li>Obtiene un plano horizontal y con 2 pendientes preciso al mm<\/li>\n<\/ul>\n<\/blockquote>\n<p style=\"font-size: 20px; text-align: justify;\">La continua evoluci\u00f3n de la geometr\u00eda y de la distribuci\u00f3n de los pesos, que son la base del correcto funcionamiento de las niveladoras, permiten a las m\u00e1quinas MARA ser caracterizadas para prestaciones superiores a la media. Esta ventaja se aprecia mejor cuando se tienen importantes masas de terreno a desplazar ya que esto se puede hacer con una elevada velocidad y con bajas potencias de arrastre.<\/p>\n<p style=\"font-size: 20px; text-align: justify;\">La robustez asociada a la ligereza de las niveladoras MARA permiten utilizar la potencia del tractor para desplazar una mayor cantidad de tierra. De hecho, se ha demostrado ampliamente que una m\u00e1quina ligera, caracterizada por una adecuada distribuci\u00f3n de los pesos entre el tractor y las ruedas posteriores, permite ser m\u00e1s eficiente y veloz (- hierro, + tierra).<\/p>\n<p style=\"font-size: 20px; text-align: justify;\">Con sus modelos pesados para el empleo \u201cheavy duty\u201d y consecuentemente adecuadas a trabajos y cargas pesadas, las m\u00e1quinas de la familia MPN son la respuesta a tu necesidad de movimiento tierra.<\/p>\n<p style=\"font-size: 20px; text-align: justify;\">Todo esto sin renunciar a las grandes precisiones (\u00b12mm) que la tecnolog\u00eda l\u00e1ser y las m\u00e1quinas MARA pueden ofrecer.<\/p>\n<p>[\/vc_column_text][\/vc_column][\/vc_row][vc_row][vc_column][vc_column_text]<\/p>\n<h2>Descubre nuestras niveladoras l\u00e1ser<\/h2>\n<p>[\/vc_column_text][\/vc_column][\/vc_row][vc_row][vc_column][vc_column_text]      <div id=\"post-grid-lazy-6549\" class=\"post-grid-lazy\"><img decoding=\"async\" alt=\"\" src=\"\" \/><\/div>\n    <script>\n      jQuery('#post-grid-lazy-6549').ready(function($) {\n        $('#post-grid-lazy-6549').fadeOut();\n        $('#post-grid-6549   ').fadeIn();\n      })\n    <\/script>\n    <style type=\"text\/css\">\n      #post-grid-6549 {\n        display: none;\n      }\n\n      .post-grid-lazy {\n        text-align: center;\n      }\n    <\/style>\n    <div data-options='{&quot;id&quot;:&quot;6549&quot;,&quot;lazy_load&quot;:&quot;yes&quot;,&quot;masonry_enable&quot;:&quot;no&quot;,&quot;view_type&quot;:&quot;grid&quot;}' id=\"post-grid-6549\" class=\"post-grid grid\">\n        <div class=\"grid-items\">\n      <div class=\"item item-3417 skin flat even 0 \">\n        <div class=\"layer-wrapper layout-6274\">\n          <div\n        class=\"element element_1626253626077  element-media \">\n        <a target=\"_self\" href=\"https:\/\/maralaser.wpdev.it\/es\/producto\/nivelador-laser-m8-30-40-50\/\"><img loading=\"lazy\" decoding=\"async\" width=\"419\" height=\"400\" src=\"https:\/\/maralaser.wpdev.it\/wp-content\/uploads\/2015\/04\/m7-419x400.jpg\" class=\"attachment-medium size-medium wp-post-image\" alt=\"\" srcset=\"https:\/\/maralaser.wpdev.it\/wp-content\/uploads\/2015\/04\/m7-419x400.jpg 419w, https:\/\/maralaser.wpdev.it\/wp-content\/uploads\/2015\/04\/m7-600x573.jpg 600w, https:\/\/maralaser.wpdev.it\/wp-content\/uploads\/2015\/04\/m7-768x734.jpg 768w, https:\/\/maralaser.wpdev.it\/wp-content\/uploads\/2015\/04\/m7.jpg 900w\" sizes=\"auto, (max-width: 419px) 100vw, 419px\" \/><\/a>    <\/div>\n    <div class=\"element element_1626253616658  title_link \">\n                    <a target=\"_parent\"\n                href=\"https:\/\/maralaser.wpdev.it\/es\/producto\/nivelador-laser-m8-30-40-50\/\">Niveladora l\u00e1ser M8 &#8211; 30\/40\/50<\/a>\n            <\/div>\n    <\/div>\n  <\/div><div class=\"item item-3416 skin flat odd 1 \">\n        <div class=\"layer-wrapper layout-6274\">\n          <div\n        class=\"element element_1626253626077  element-media \">\n        <a target=\"_self\" href=\"https:\/\/maralaser.wpdev.it\/es\/producto\/nivelador-laser-mdg-60-70-80\/\"><img loading=\"lazy\" decoding=\"async\" width=\"419\" height=\"400\" src=\"https:\/\/maralaser.wpdev.it\/wp-content\/uploads\/2015\/04\/60mde-419x400.jpg\" class=\"attachment-medium size-medium wp-post-image\" alt=\"\" srcset=\"https:\/\/maralaser.wpdev.it\/wp-content\/uploads\/2015\/04\/60mde-419x400.jpg 419w, https:\/\/maralaser.wpdev.it\/wp-content\/uploads\/2015\/04\/60mde-600x573.jpg 600w, https:\/\/maralaser.wpdev.it\/wp-content\/uploads\/2015\/04\/60mde-768x734.jpg 768w, https:\/\/maralaser.wpdev.it\/wp-content\/uploads\/2015\/04\/60mde.jpg 900w\" sizes=\"auto, (max-width: 419px) 100vw, 419px\" \/><\/a>    <\/div>\n    <div class=\"element element_1626253616658  title_link \">\n                    <a target=\"_parent\"\n                href=\"https:\/\/maralaser.wpdev.it\/es\/producto\/nivelador-laser-mdg-60-70-80\/\">Niveladora l\u00e1ser MDG &#8211; 60\/70\/80<\/a>\n            <\/div>\n    <\/div>\n  <\/div><div class=\"item item-3415 skin flat even 2 \">\n        <div class=\"layer-wrapper layout-6274\">\n          <div\n        class=\"element element_1626253626077  element-media \">\n        <a target=\"_self\" href=\"https:\/\/maralaser.wpdev.it\/es\/producto\/nivelador-laser-mpn-50-60-70\/\"><img loading=\"lazy\" decoding=\"async\" width=\"419\" height=\"400\" src=\"https:\/\/maralaser.wpdev.it\/wp-content\/uploads\/2015\/04\/70mpn_1-419x400.jpg\" class=\"attachment-medium size-medium wp-post-image\" alt=\"\" srcset=\"https:\/\/maralaser.wpdev.it\/wp-content\/uploads\/2015\/04\/70mpn_1-419x400.jpg 419w, https:\/\/maralaser.wpdev.it\/wp-content\/uploads\/2015\/04\/70mpn_1-600x573.jpg 600w, https:\/\/maralaser.wpdev.it\/wp-content\/uploads\/2015\/04\/70mpn_1-768x734.jpg 768w, https:\/\/maralaser.wpdev.it\/wp-content\/uploads\/2015\/04\/70mpn_1.jpg 900w\" sizes=\"auto, (max-width: 419px) 100vw, 419px\" \/><\/a>    <\/div>\n    <div class=\"element element_1626253616658  title_link \">\n                    <a target=\"_parent\"\n                href=\"https:\/\/maralaser.wpdev.it\/es\/producto\/nivelador-laser-mpn-50-60-70\/\">Niveladora l\u00e1ser MPN &#8211; 50\/60\/70<\/a>\n            <\/div>\n    <\/div>\n  <\/div><div class=\"item item-3414 skin flat odd 3 \">\n        <div class=\"layer-wrapper layout-6274\">\n          <div\n        class=\"element element_1626253626077  element-media \">\n        <a target=\"_self\" href=\"https:\/\/maralaser.wpdev.it\/es\/producto\/nivelador-laser-mdg-50\/\"><img loading=\"lazy\" decoding=\"async\" width=\"419\" height=\"400\" src=\"https:\/\/maralaser.wpdev.it\/wp-content\/uploads\/2015\/04\/50mde-419x400.jpg\" class=\"attachment-medium size-medium wp-post-image\" alt=\"\" srcset=\"https:\/\/maralaser.wpdev.it\/wp-content\/uploads\/2015\/04\/50mde-419x400.jpg 419w, https:\/\/maralaser.wpdev.it\/wp-content\/uploads\/2015\/04\/50mde-600x573.jpg 600w, https:\/\/maralaser.wpdev.it\/wp-content\/uploads\/2015\/04\/50mde-768x734.jpg 768w, https:\/\/maralaser.wpdev.it\/wp-content\/uploads\/2015\/04\/50mde.jpg 900w\" sizes=\"auto, (max-width: 419px) 100vw, 419px\" \/><\/a>    <\/div>\n    <div class=\"element element_1626253616658  title_link \">\n                    <a target=\"_parent\"\n                href=\"https:\/\/maralaser.wpdev.it\/es\/producto\/nivelador-laser-mdg-50\/\">Niveladora l\u00e1ser MDG &#8211; 50<\/a>\n            <\/div>\n    <\/div>\n  <\/div>    <\/div>\n    <div class=\"pagination\">\n      <div class=\"paginate\">\n      <\/div>\n  <style type=\"text\/css\">\n    #post-grid-6549 .pagination .page-numbers {\n      font-size: 16px;\n      color: #fff;\n      background: #646464;\n    }\n\n    #post-grid-6549 .pagination .page-numbers:hover,\n    #post-grid-6549 .pagination .page-numbers.current {\n      background: #4b4b4b;\n    }\n  <\/style>\n  <\/div>\n    <style type=\"text\/css\">\n        .layout-6274 .element_1626253626077 {\n            overflow: hidden;\n                    }\n\n        .layout-6274 .element_1626253626077 img {\n            max-width: 100%;\n            height: auto;\n        }\n\n        @media only screen and (min-width: 1024px) {\n            .layout-6274 .element_1626253626077 {\n                height: auto;\n                            }\n        }\n\n        @media only screen and (min-width: 768px) and (max-width: 1023px) {\n            .layout-6274 .element_1626253626077 {\n                height: auto;\n                            }\n        }\n\n        @media only screen and (min-width: 0px) and (max-width: 767px) {\n            .layout-6274 .element_1626253626077 {\n                height: auto;\n                            }\n        }\n    <\/style>\n    <style type=\"text\/css\">\n        .layout-6274 .element_1626253616658 {\n            text-align: center;\n                    }\n\n        .layout-6274 .element_1626253616658 a {\n                    }\n    <\/style>\n      <script>\n          <\/script>\n    <style type=\"text\/css\">\n    #post-grid-6549 {\n      padding: 10px;\n          }\n\n    #post-grid-6549 .item {\n      padding: 0px;\n      background: #fff;\n          }\n\n    #post-grid-6549 .item .layer-media {\n      height:auto;    }\n\n    @media only screen and (min-width: 0px) and (max-width: 767px) {\n      #post-grid-6549 .grid-items {\n        display: grid;\n        grid-template-columns: 1fr ;\n        column-gap: 10px;\n        row-gap: 10px;\n              }\n\n      #post-grid-6549 .item {\n        height:auto;      }\n    }\n\n    @media only screen and (min-width: 768px) and (max-width: 1023px) {\n      #post-grid-6549 .grid-items {\n        display: grid;\n        grid-template-columns: 1fr 1fr ;\n        column-gap: 10px;\n        row-gap: 10px;\n              }\n\n      #post-grid-6549 .item {\n        max-height:auto;      }\n    }\n\n    @media only screen and (min-width: 1024px) {\n      #post-grid-6549 .grid-items {\n        display: grid;\n        grid-template-columns: 1fr 1fr 1fr ;\n        column-gap: 10px;\n        row-gap: 10px;\n              }\n\n      #post-grid-6549 .item {\n        height:auto;      }\n    }\n\n      <\/style>\n  <\/div>\n[\/vc_column_text][\/vc_column][\/vc_row]<\/p>\n<\/div>","protected":false},"excerpt":{"rendered":"<p>[vc_row css=&#8221;.vc_custom_1439262636161{margin-bottom: 70px !important;}&#8221;][vc_column][vc_column_text] MOVIMIENTO TIERRA: M\u00e1quinas sencillas y ligeras que permiten desplazar mucho m\u00e1s material y requieren poca potencia de arrastre Reduce tu inversi\u00f3n (-30%) Reduce los tiempos de trabajo (-20%) Mejora el resultado final de tu trabajo (de un error de \u00b12,5cm a un error \u00b10,2cm) Obtiene un plano horizontal y con 2 [&hellip;]<\/p>\n","protected":false},"author":1,"featured_media":0,"parent":0,"menu_order":0,"comment_status":"closed","ping_status":"closed","template":"","meta":{"_acf_changed":false,"_monsterinsights_skip_tracking":false,"_monsterinsights_sitenote_active":false,"_monsterinsights_sitenote_note":"","_monsterinsights_sitenote_category":0,"footnotes":""},"class_list":["post-3154","page","type-page","status-publish","hentry"],"acf":[],"_links":{"self":[{"href":"https:\/\/maralaser.wpdev.it\/es\/wp-json\/wp\/v2\/pages\/3154","targetHints":{"allow":["GET"]}}],"collection":[{"href":"https:\/\/maralaser.wpdev.it\/es\/wp-json\/wp\/v2\/pages"}],"about":[{"href":"https:\/\/maralaser.wpdev.it\/es\/wp-json\/wp\/v2\/types\/page"}],"author":[{"embeddable":true,"href":"https:\/\/maralaser.wpdev.it\/es\/wp-json\/wp\/v2\/users\/1"}],"replies":[{"embeddable":true,"href":"https:\/\/maralaser.wpdev.it\/es\/wp-json\/wp\/v2\/comments?post=3154"}],"version-history":[{"count":0,"href":"https:\/\/maralaser.wpdev.it\/es\/wp-json\/wp\/v2\/pages\/3154\/revisions"}],"wp:attachment":[{"href":"https:\/\/maralaser.wpdev.it\/es\/wp-json\/wp\/v2\/media?parent=3154"}],"curies":[{"name":"wp","href":"https:\/\/api.w.org\/{rel}","templated":true}]}}