{"id":3157,"date":"2016-04-13T22:20:45","date_gmt":"2016-04-13T21:20:45","guid":{"rendered":"https:\/\/maralaser.wpdev.it\/\/es\/?page_id=3157"},"modified":"2025-11-25T11:36:36","modified_gmt":"2025-11-25T10:36:36","slug":"construccion","status":"publish","type":"page","link":"https:\/\/maralaser.wpdev.it\/es\/construccion\/","title":{"rendered":"Construcci\u00f3n"},"content":{"rendered":"<div class=\"wpb-content-wrapper\"><p>[vc_row css=&#8221;.vc_custom_1439262636161{margin-bottom: 70px !important;}&#8221;][vc_column][vc_column_text css=&#8221;&#8221;]<\/p>\n<p data-start=\"101\" data-end=\"185\"><strong data-start=\"101\" data-end=\"185\">CONSTRUCCI\u00d3N: trabajo m\u00e1s f\u00e1cil, grandes ahorros \u2192 inversi\u00f3n de alto rendimiento<\/strong><\/p>\n<ul>\n<li data-start=\"187\" data-end=\"496\">Reduzca el tiempo de procesamiento (-20%), la preparaci\u00f3n del terreno (-90%) y los costos (-20%)<\/li>\n<li data-start=\"187\" data-end=\"496\">Reduzca el uso de concreto (-20%)<\/li>\n<li data-start=\"187\" data-end=\"496\">Garantice el \u00e1ngulo correcto para el flujo del agua con pendientes precisas en mil\u00edmetros<\/li>\n<li data-start=\"187\" data-end=\"496\">Mejore el resultado final general de un error de \u00b1 2,5 cm a un error de \u00b1 0,2 cm<\/li>\n<\/ul>\n<p><\/p>\n<p data-start=\"498\" data-end=\"822\">La electr\u00f3nica a bordo de nuestras m\u00e1quinas garantiza un control preciso de la cuchilla con una desviaci\u00f3n m\u00e1xima de 4 mm. Gracias a esto, el acabado de la superficie es extremadamente preciso, evitando depresiones que luego tendr\u00edan que rellenarse con concreto. Consideramos cada etapa pensando en la posibilidad de ahorro.<\/p>\n<p><\/p>\n<p data-start=\"824\" data-end=\"1419\">Para un ejemplo f\u00e1cil de entender, tomemos una nave de 100 m x 25 m, con una superficie total de 2.500 m\u00b2. En la preparaci\u00f3n del suelo (pre-pavimentaci\u00f3n), con una estimaci\u00f3n conservadora del error sobre 100 m, en caso de no utilizar una motoniveladora, puede haber una diferencia de altura de aproximadamente 2,5 cm entre un extremo y el otro. Mediante el uso de un nivelador MARA, el error m\u00e1ximo es de 0,4 cm; esto implica un ahorro de 57,5 m\u00b3 de concreto para toda la nave. Adem\u00e1s, un espesor constante de la losa ofrece al cliente una mejor garant\u00eda de durabilidad y resistencia a la carga.<\/p>\n<p><\/p>\n<p data-start=\"1421\" data-end=\"1676\">La facilidad con la que los niveladores MARA permiten realizar planos inclinados, junto con la gran precisi\u00f3n del trabajo, hace posible garantizar a los clientes superficies con una pendiente de hasta 0,2% (2\u2030) para un drenaje correcto y natural del agua.<\/p>\n<p>[\/vc_column_text][\/vc_column][\/vc_row][vc_row][vc_column][vc_column_text]<\/p>\n<p data-start=\"33\" data-end=\"75\"><strong data-start=\"36\" data-end=\"75\">Descubra nuestros niveladores l\u00e1ser<\/strong><\/p>\n<p><\/p>\n<p data-start=\"77\" data-end=\"117\">\n<p>[\/vc_column_text][\/vc_column][\/vc_row][vc_row][vc_column][vc_column_text]      <div id=\"post-grid-lazy-6546\" class=\"post-grid-lazy\"><img decoding=\"async\" alt=\"\" src=\"\" \/><\/div>\n    <script>\n      jQuery('#post-grid-lazy-6546').ready(function($) {\n        $('#post-grid-lazy-6546').fadeOut();\n        $('#post-grid-6546   ').fadeIn();\n      })\n    <\/script>\n    <style type=\"text\/css\">\n      #post-grid-6546 {\n        display: none;\n      }\n\n      .post-grid-lazy {\n        text-align: center;\n      }\n    <\/style>\n    <div data-options='{&quot;id&quot;:&quot;6546&quot;,&quot;lazy_load&quot;:&quot;yes&quot;,&quot;masonry_enable&quot;:&quot;no&quot;,&quot;view_type&quot;:&quot;grid&quot;}' id=\"post-grid-6546\" class=\"post-grid grid\">\n        <div class=\"grid-items\">\n      <div class=\"item item-3422 skin flat even 0 \">\n        <div class=\"layer-wrapper layout-6274\">\n          <div\n        class=\"element element_1626253626077  element-media \">\n        <a target=\"_self\" href=\"https:\/\/maralaser.wpdev.it\/es\/producto\/grader\/\"><img loading=\"lazy\" decoding=\"async\" width=\"419\" height=\"400\" src=\"https:\/\/maralaser.wpdev.it\/wp-content\/uploads\/2015\/04\/mmg20-1-419x400.jpg\" class=\"attachment-medium size-medium wp-post-image\" alt=\"\" srcset=\"https:\/\/maralaser.wpdev.it\/wp-content\/uploads\/2015\/04\/mmg20-1-419x400.jpg 419w, https:\/\/maralaser.wpdev.it\/wp-content\/uploads\/2015\/04\/mmg20-1-600x573.jpg 600w, https:\/\/maralaser.wpdev.it\/wp-content\/uploads\/2015\/04\/mmg20-1-768x734.jpg 768w, https:\/\/maralaser.wpdev.it\/wp-content\/uploads\/2015\/04\/mmg20-1.jpg 900w\" sizes=\"auto, (max-width: 419px) 100vw, 419px\" \/><\/a>    <\/div>\n    <div class=\"element element_1626253616658  title_link \">\n                    <a target=\"_parent\"\n                href=\"https:\/\/maralaser.wpdev.it\/es\/producto\/grader\/\">Grader<\/a>\n            <\/div>\n    <\/div>\n  <\/div><div class=\"item item-3420 skin flat odd 1 \">\n        <div class=\"layer-wrapper layout-6274\">\n          <div\n        class=\"element element_1626253626077  element-media \">\n        <a target=\"_self\" href=\"https:\/\/maralaser.wpdev.it\/es\/producto\/nivelador-laser-m-25\/\"><img loading=\"lazy\" decoding=\"async\" width=\"419\" height=\"400\" src=\"https:\/\/maralaser.wpdev.it\/wp-content\/uploads\/2015\/03\/25m-419x400.jpg\" class=\"attachment-medium size-medium wp-post-image\" alt=\"\" srcset=\"https:\/\/maralaser.wpdev.it\/wp-content\/uploads\/2015\/03\/25m-419x400.jpg 419w, https:\/\/maralaser.wpdev.it\/wp-content\/uploads\/2015\/03\/25m-600x573.jpg 600w, https:\/\/maralaser.wpdev.it\/wp-content\/uploads\/2015\/03\/25m.jpg 900w\" sizes=\"auto, (max-width: 419px) 100vw, 419px\" \/><\/a>    <\/div>\n    <div class=\"element element_1626253616658  title_link \">\n                    <a target=\"_parent\"\n                href=\"https:\/\/maralaser.wpdev.it\/es\/producto\/nivelador-laser-m-25\/\">Niveladora l\u00e1ser M &#8211; 25<\/a>\n            <\/div>\n    <\/div>\n  <\/div>    <\/div>\n    <div class=\"pagination\">\n      <div class=\"paginate\">\n      <\/div>\n  <style type=\"text\/css\">\n    #post-grid-6546 .pagination .page-numbers {\n      font-size: 16px;\n      color: #fff;\n      background: #646464;\n    }\n\n    #post-grid-6546 .pagination .page-numbers:hover,\n    #post-grid-6546 .pagination .page-numbers.current {\n      background: #4b4b4b;\n    }\n  <\/style>\n  <\/div>\n    <style type=\"text\/css\">\n        .layout-6274 .element_1626253626077 {\n            overflow: hidden;\n                    }\n\n        .layout-6274 .element_1626253626077 img {\n            max-width: 100%;\n            height: auto;\n        }\n\n        @media only screen and (min-width: 1024px) {\n            .layout-6274 .element_1626253626077 {\n                height: auto;\n                            }\n        }\n\n        @media only screen and (min-width: 768px) and (max-width: 1023px) {\n            .layout-6274 .element_1626253626077 {\n                height: auto;\n                            }\n        }\n\n        @media only screen and (min-width: 0px) and (max-width: 767px) {\n            .layout-6274 .element_1626253626077 {\n                height: auto;\n                            }\n        }\n    <\/style>\n    <style type=\"text\/css\">\n        .layout-6274 .element_1626253616658 {\n            text-align: center;\n                    }\n\n        .layout-6274 .element_1626253616658 a {\n                    }\n    <\/style>\n      <script>\n          <\/script>\n    <style type=\"text\/css\">\n    #post-grid-6546 {\n      padding: 10px;\n          }\n\n    #post-grid-6546 .item {\n      padding: 0px;\n      background: #fff;\n          }\n\n    #post-grid-6546 .item .layer-media {\n      height:auto;    }\n\n    @media only screen and (min-width: 0px) and (max-width: 767px) {\n      #post-grid-6546 .grid-items {\n        display: grid;\n        grid-template-columns: 1fr ;\n        column-gap: 10px;\n        row-gap: 10px;\n              }\n\n      #post-grid-6546 .item {\n        height:auto;      }\n    }\n\n    @media only screen and (min-width: 768px) and (max-width: 1023px) {\n      #post-grid-6546 .grid-items {\n        display: grid;\n        grid-template-columns: 1fr 1fr ;\n        column-gap: 10px;\n        row-gap: 10px;\n              }\n\n      #post-grid-6546 .item {\n        max-height:auto;      }\n    }\n\n    @media only screen and (min-width: 1024px) {\n      #post-grid-6546 .grid-items {\n        display: grid;\n        grid-template-columns: 1fr 1fr 1fr ;\n        column-gap: 10px;\n        row-gap: 10px;\n              }\n\n      #post-grid-6546 .item {\n        height:auto;      }\n    }\n\n      <\/style>\n  <\/div>\n[\/vc_column_text][\/vc_column][\/vc_row]<\/p>\n<\/div>","protected":false},"excerpt":{"rendered":"<p>[vc_row css=&#8221;.vc_custom_1439262636161{margin-bottom: 70px !important;}&#8221;][vc_column][vc_column_text css=&#8221;&#8221;] CONSTRUCCI\u00d3N: trabajo m\u00e1s f\u00e1cil, grandes ahorros \u2192 inversi\u00f3n de alto rendimiento Reduzca el tiempo de procesamiento (-20%), la preparaci\u00f3n del terreno (-90%) y los costos (-20%) Reduzca el uso de concreto (-20%) Garantice el \u00e1ngulo correcto para el flujo del agua con pendientes precisas en mil\u00edmetros Mejore el resultado final [&hellip;]<\/p>\n","protected":false},"author":1,"featured_media":0,"parent":0,"menu_order":0,"comment_status":"closed","ping_status":"closed","template":"","meta":{"_acf_changed":false,"_monsterinsights_skip_tracking":false,"_monsterinsights_sitenote_active":false,"_monsterinsights_sitenote_note":"","_monsterinsights_sitenote_category":0,"footnotes":""},"class_list":["post-3157","page","type-page","status-publish","hentry"],"acf":[],"_links":{"self":[{"href":"https:\/\/maralaser.wpdev.it\/es\/wp-json\/wp\/v2\/pages\/3157","targetHints":{"allow":["GET"]}}],"collection":[{"href":"https:\/\/maralaser.wpdev.it\/es\/wp-json\/wp\/v2\/pages"}],"about":[{"href":"https:\/\/maralaser.wpdev.it\/es\/wp-json\/wp\/v2\/types\/page"}],"author":[{"embeddable":true,"href":"https:\/\/maralaser.wpdev.it\/es\/wp-json\/wp\/v2\/users\/1"}],"replies":[{"embeddable":true,"href":"https:\/\/maralaser.wpdev.it\/es\/wp-json\/wp\/v2\/comments?post=3157"}],"version-history":[{"count":0,"href":"https:\/\/maralaser.wpdev.it\/es\/wp-json\/wp\/v2\/pages\/3157\/revisions"}],"wp:attachment":[{"href":"https:\/\/maralaser.wpdev.it\/es\/wp-json\/wp\/v2\/media?parent=3157"}],"curies":[{"name":"wp","href":"https:\/\/api.w.org\/{rel}","templated":true}]}}