{"id":3164,"date":"2016-04-13T22:38:04","date_gmt":"2016-04-13T21:38:04","guid":{"rendered":"https:\/\/maralaser.wpdev.it\/\/es\/?page_id=3164"},"modified":"2016-05-05T10:33:34","modified_gmt":"2016-05-05T09:33:34","slug":"privacy-policy","status":"publish","type":"page","link":"https:\/\/maralaser.wpdev.it\/es\/privacy-policy\/","title":{"rendered":"Privacy Policy"},"content":{"rendered":"<p>La informativa se destina a todos los sujetos que interact\u00faan con las p\u00e1ginas web del Sitio, sea a los que utilizan el Sitio sin efectuar ninguna inscripci\u00f3n, sea a los que se inscriben en el Sitio y usufruct\u00faan los servicios online para comprar productos. Es posible acceder al Sitio sin que se pida el consentimiento de alg\u00fan dato personal<\/p>\n<p>&nbsp;<\/p>\n<h3>Titular del Tratamiento de Datos<\/h3>\n<p>Le informamos que, conforme a la ley D.Lgs 196\/2003, que establece disposiciones para la tutela de las personas y de otros sujetos con respecto al tratamiento de datos personales<\/p>\n<p><strong>MARA SRL<\/strong><\/p>\n<p>VIA ETTORE ARA,\u00a070<br \/>\n13100\u00a0VERCELLI<\/p>\n<p>es la propietaria del tratamiento de los datos personales que usted ha proporcionado, o solicitado en el \u00e1mbito de la actividad.<br \/>\nPor tratamiento de datos personales se entiende su recolecci\u00f3n, inscripci\u00f3n, organizaci\u00f3n, conservaci\u00f3n, elaboraci\u00f3n, modificaci\u00f3n, selecci\u00f3n, extracci\u00f3n, comparaci\u00f3n, utilizo, interconexi\u00f3n, bloqueo, comunicaci\u00f3n, difusi\u00f3n, cancelaci\u00f3n y destrucci\u00f3n, o la combinaci\u00f3n de dos o m\u00e1s de estas operaciones.<br \/>\nLos datos proporcionados por usted se tratar\u00e1n para las siguientes finalidades:<br \/>\n\u2013 para erogar el servicio y\/o suministrar los productos que usted ha adquirido;<br \/>\n\u2013 con relaci\u00f3n a las obligaciones contractuales, precontractuales o de ley, exclusivamente para finalidad de pedidos administrativos y contables;<br \/>\n\u2013 para ejecutar la transacci\u00f3n que el usuario est\u00e1 cumpliendo;<br \/>\n\u2013 para ejecutar obligaciones de la ley;<br \/>\n\u2013 por exigencias de tipo operativo, normativo, fiscal y gestional.<br \/>\nLos datos no se comunicar\u00e1n a otros sujetos ni ser\u00e1n objeto de difusi\u00f3n a terceros.<\/p>\n<p>Se recoger\u00e1n los siguientes datos:<br \/>\nNombre y apellidos del cliente;<br \/>\nDirecci\u00f3n del cliente;<br \/>\nCorreo electr\u00f3nico personal;<br \/>\nN\u00famero de tel\u00e9fono;<\/p>\n<p>N\u00famero de identificaci\u00f3n fiscal y c\u00f3digo de identificaci\u00f3n fiscal (\u00e9ste \u00faltimo s\u00f3lo si se necesita la factura, y en cualquier caso si se trata de una empresa o aut\u00f3nomo)<br \/>\nLos datos pedidos se necesitan para efectuar la transacci\u00f3n comercial y\/o la distribuci\u00f3n de los servicios informativos, y, a falta de s\u00f3lo uno de ellos, no se podr\u00e1 proceder al proveimiento de la mercanc\u00eda o a la prestaci\u00f3n del servicio, por cuanto el titular del tratamiento de los datos no podr\u00e1 cumplir con las obligaciones precontractuales, contractuales, normativas y fiscales.<\/p>\n<p>El tratamiento de los datos advendr\u00e1 a trav\u00e9s de instrumentos adaptados a garantizar la seguridad y la discreci\u00f3n y, podr\u00e1 ser efectuado tambi\u00e9n a trav\u00e9s de papel y\/o intrumentos automatizados id\u00f3neos a memorizar, gestionar y transmitir los datos mismos.<\/p>\n<p>Le informamos, adem\u00e1s, que conforme a la norma del art. 13 del D.Lgs 196\/2003, el interesado puede obtener del titular del tratamiento de datos la confirmaci\u00f3n sobre la existencia o menos de los propios datos personales, y que tales datos se pongan a su disposici\u00f3n de forma inteligible. El interesado puede tambi\u00e9n preguntar por el origen y el contenido de los datos y de la l\u00f3gica sobre la que se base el tratamiento; puede verificar la exactitud o pedir la integraci\u00f3n o actualizaci\u00f3n, o la rectificaci\u00f3n en conformidad del art.7 del D.Lgs 196\/2003; puede obtener la cancelaci\u00f3n, la transformaci\u00f3n de forma an\u00f3nima o el bloqueo de los datos tratados ilegalmente; puede oponerse, por motivos leg\u00edtimos, al tratamiento mismo.<\/p>\n<p>El titular del tratamiento de los datos le informa que ulteriores informaciones en orden al tratamiento y a la comunicaci\u00f3n de sus datos personales, podr\u00e1n ser solicitados por escrito al responsable del tratamiento de los datos a la siguiente direcci\u00f3n de correo electr\u00f3nico: info@maralaser.com<br \/>\nPara ulteriores informaciones en orden a sus derechos sobre la privacidad, le invitamos a visitar el sitio web del Garante de la privacidad a la direcci\u00f3n <a href=\"http:\/\/www.garanteprivacy.it\">www.garanteprivacy.it<\/a>.<\/p>\n<p>&nbsp;<\/p>\n<h3>Tipolog\u00edas de Datos recogidos<\/h3>\n<p>Entre los Datos Personales recogidos por esta Web, de manera aut\u00f3noma o a trav\u00e9s de terceras partes, hay: Cookie, informaciones estad\u00edsticas sobre el uso, Correo electr\u00f3nico, Nombre, Apellidos y N\u00famero de tel\u00e9fono.<br \/>\nOtos Datos Personales recogidos podr\u00edan ser indicados en otras secciones de esta pol\u00edtica de privacidad o mediante textos informativos visualizados contextualmente a la recogida de los Datos mismos.<\/p>\n<p>Los Datos Personales pueden ser introducidos voluntariamente por el Usuario, o recogidos de manera autom\u00e1tica durante la navegaci\u00f3n en el sitio web.<br \/>\nEl eventual utilizo de Cookie \u2013 o de otros instrumentos de trazabilidad \u2013 por parte del sitio web o de los titulares de los servicios de terceros utilizados por el sitio mismo, donde no sea precisado, tiene la finalidad de identificar al usuario y grabar las relativas preferencias, para finalidad estrechamente vinculada al suministro del servicio pedido por el Usuario, con el fin de maximizar la User Experience y la calidad de la fruici\u00f3n de las informaciones presentes en el sitio.<br \/>\nA falta del consentimiento del usuario de la autorizaci\u00f3n o inhibici\u00f3n del uso de Cookie, podr\u00eda impedirse a este sitio Web distribuir correctamente los propios servicios.<br \/>\nEl usuario se asume la responsabilidad de los datos personales de terceros publicados o compartidos a trav\u00e9s de este sitio y garantiza tener el derecho de comunicarlos o difundirlos, liberando al Titular de cualquier responsabilidad hacia estos terceros sujetos.<\/p>\n<p>&nbsp;<\/p>\n<h3>Modalidad y lugar del tratamiento de los Datos recogidos<\/h3>\n<p>El Titular trata los Datos Personales de los Usuarios adoptando las oportunas medidas de seguridad miradas a impedir el acceso, la divulgaci\u00f3n, la modificaci\u00f3n o la destrucci\u00f3n no autorizada de los Datos Personales.<br \/>\nEl tratamiento se efect\u00faa a trav\u00e9s de instrumentos inform\u00e1ticos y\/o telem\u00e1ticos, con modalidad organizativas y con l\u00f3gicas rigurosamente vinculadas a la finalidad indicada. Adem\u00e1s del Titular, en algunos casos, podr\u00eda tener acceso a los Datos categor\u00edas de encargados implicados en la organizaci\u00f3n del sitio (personal administrativo, comercial, marketing, legal, administradores del sistema) o sujetos externos (como proveedores de servicios t\u00e9cnicos terceros, transportes, hosting provider, sociedad inform\u00e1tica, agencia de comunicaci\u00f3n) nombrados tambi\u00e9n, si es necesario, Responsables del Tratamiento por parte del Titular. La lista actualizada de los Responsables se podr\u00e1 solicitar siempre al Titular del Tratamiento.<br \/>\nLugar<\/p>\n<p>Los Datos se usan en la sede operativa del Titular y en cualquier otro lugar en el que las partes implicadas en el tratamiento sean localizadas. Para ulteriores informaciones, contacta el Titular.<\/p>\n<p>&nbsp;<\/p>\n<h3>Tiempos<\/h3>\n<p>Los Datos se usan durante el tiempo necesario al desarrollo del servicio solicitado por el Usuario, o solicitado para la finalidad descrita en este documento, y el Usuario puede siempre pedir la interrupci\u00f3n del Tratamiento o la cancelaci\u00f3n de los Datos.<\/p>\n<p>&nbsp;<\/p>\n<h3>Finalidad del Tratamiento de los Datos recogidos<\/h3>\n<p>Los Datos del Usuario se recogen para consentir al Titular el abastecimiento de los propios servicios, as\u00ed como para las siguientes finalidades: An\u00e1lisis estad\u00edsticas, adquirir informaciones para contactar al usuario, consentir la interacci\u00f3n con las redes sociales y el uso de plataformas externas para la visualizaci\u00f3n de contenidos e informaciones provenientes de plataformas externas.<br \/>\nLas tipolog\u00edas de Datos Personales utilizados para cada finalidad se indican en las secciones espec\u00edficas de este documento.<\/p>\n<p>&nbsp;<\/p>\n<h3>Detalles sobre el tratamiento de los Datos Personales<\/h3>\n<p>Los Datos Personales se recogen para las siguientes finalidades y utilizando los siguientes servicios:<br \/>\nFormularios de contacto (FORM)<br \/>\nEl Usuario, rellenando con los propios Datos los formularios de contacto presentes en el sitio, consiente el uso de las informaciones comunicadas para responder a las solicitudes de informaciones, de presupuesto, o de cualquier otra naturaleza indicada por el encabecimiento del formulario.<br \/>\nLos datos personales que pueden ser recogidos son: apellidos, nombre, raz\u00f3n social, correo electr\u00f3nico, n\u00famero de tel\u00e9fono, descripci\u00f3n de la solicitud.<br \/>\nInteracci\u00f3n con redes sociales y plataformas externas<br \/>\nEstos widget o plugin instalados, permiten efectuar interacciones con las redes sociales, o con otras plataformas externas, directamente desde las p\u00e1ginas de este sitio web.<br \/>\nLas interacciones y las informaciones recogidas por este sitio web est\u00e1n en cualquier caso sujetas a las establecidas por la privacidad del Usuario relativas a cualquier red social.<\/p>\n<p>&nbsp;<\/p>\n<h3>An\u00e1lisis Estad\u00edstica<\/h3>\n<p>Utilizo del c\u00f3digo de trazabilidad de Google Analytics contenido en el sitio, permite al Titular del Tratamiento de controlar y analizar los datos de tr\u00e1fico y sirven a tener traza del comportamiento del Usuario.<br \/>\nCon el fin de no utilizar Cookie del perfil, se utiliza en este sitio Google Analytics con IP anonimizado (Google Inc.)<br \/>\nGoogle Analytics es un servicio de an\u00e1lisis web abastecido por Google Inc. (\u201cGoogle\u201d). Google utiliza los Datos Personales recogidos con el fin de trazar y examinar el uso de esta Aplicaci\u00f3n, rellenar informes y compartirlos con otros servicios desarrollados por Google.<br \/>\nGoogle podr\u00eda utilizar los Datos Personales para contextualizar y personalizar los anuncios de la propria red publicitaria.<br \/>\nEsta integraci\u00f3n de Google Analytics hace an\u00f3nima tu direcci\u00f3n IP. La anonimidad funciona abreviando dentro de los confines de los Estados Miembros de la Uni\u00f3n Europea y otros Pa\u00edses adherentes al acuerdo sobre el Espacio Econ\u00f3mico Europeo la direcci\u00f3n IP de los Usuarios. S\u00f3lo en estos casos excepcionales, la direcci\u00f3n IP se enviar\u00e1 a los servidores de Google y abreviado al interno de los Estados Unidos.<\/p>\n<p>Datos personales recogidos: Cookie y Datos de uso.<br \/>\nLugar del tratamiento: USA \u2013 <a href=\"http:\/\/www.google.com\/intl\/en\/policies\/privacy\/\">Privacy Policy<\/a>\u00a0\u2013\u00a0<a href=\"http:\/\/tools.google.com\/dlpage\/gaoptout?hl=it\">Opt Out<\/a><\/p>\n<p>&nbsp;<\/p>\n<h3>Ulteriores informaciones sobre el tratamiento<\/h3>\n<p>&nbsp;<\/p>\n<h3>Defensa en juicio<\/h3>\n<p>Los Datos Personales del Usuario pueden ser utilizados para la defensa por parte del Titular en juicio o en fases proped\u00e9uticas a su eventual instauraci\u00f3n, por abusos del uso de la misma o de los servicios conectados por parte del Usuario.<br \/>\nEl Usuario declara ser responsable de que podr\u00edan pedir al Titular que revele los Datos bajo petici\u00f3n de las autoridades p\u00fablicas.<\/p>\n<p>&nbsp;<\/p>\n<h3>Informativas espec\u00edficas<\/h3>\n<p>A solicitud del Usuario, en a\u00f1adidura a las informaciones contenidas en esta pol\u00edtica de la privacidad, este sitio web podr\u00eda abastecer al usuario de las informativas a\u00f1adidas y contextuales inherentes a servicios espec\u00edficos, o a la recogida y al tratamiento de Datos Personales.<\/p>\n<p>&nbsp;<\/p>\n<h3>Log de sistema y manutenci\u00f3n<\/h3>\n<p>Por necesidades vinculadas al funcionamiento y a la manutenci\u00f3n, esta Aplicaci\u00f3n y los eventuales servicios terceros utilizados por \u00e9sta podr\u00edan recoger Log de sistema, o sea archivos que graban las interacciones y que pueden contener tambi\u00e9n Datos Personales, como la direcci\u00f3n IP del Usuario.<\/p>\n<p>&nbsp;<\/p>\n<h3>Informaciones no contenidas en esta pol\u00edtica<\/h3>\n<p>Mayores informaciones con relaci\u00f3n al tratamiento de los Datos Personales podr\u00e1n ser solicitadas en cualquier momento al Titular de los Tratamientos utilizando las informaciones de contacto.<\/p>\n<p>&nbsp;<\/p>\n<h3>Ejercicio de los derechos por parte de los Usuarios<\/h3>\n<p>Los sujetos a los que se refieren los Datos Personales tienen el derecho en cualquier momento de obtener la confirmaci\u00f3n o menos de la existencia de los mismos con el Titular del Tratamiento, de conocer el contenido y el origen, de verificar la exactitud o pedir la integraci\u00f3n, la cancelaci\u00f3n, la actualizaci\u00f3n, la rectificaci\u00f3n, la transformaci\u00f3n a forma an\u00f3nima o el bloqueo de los Datos Personales tratados ilegalmente, y tambi\u00e9n de oponerse en cualquier caso, por motivos leg\u00edtimos, a su tratamiento. Las solicitudes deber\u00e1n ser dirigidas al Titular del Tratamiento.<br \/>\nEste sitio no sostiene las peticiones \u201cDo Not Track\u201d. Para conocer si los eventuales servicios de terceras partes utilizados las sostienen, consulta su pol\u00edtica de la privacidad.<br \/>\nModificaciones a esta pol\u00edtica de la privacidad<br \/>\nEl Titular del Tratamiento se reserva el derecho de aportar modificaciones a la presente pol\u00edtica de la privacidad en cualquier momento dando publicidad a los usuarios en esta p\u00e1gina. Se ruega consultar a menudo esta p\u00e1gina, tomando como referencia la fecha de la \u00faltima modificaci\u00f3n indicada al final de la misma. En el caso de la no aceptaci\u00f3n de las modificaciones aportadas a la presente pol\u00edtica de la privacidad, el usuario debe cesar la navegaci\u00f3n en este sitio Web y puede solicitar al Titular del Tratamiento que remueva los propios Datos Personales. Salvo cuando sea especificado diversamente, la precedente pol\u00edtica de la privacidad continuar\u00e1 a aplicarse a los Datos Personales recogidos hasta el momento.<\/p>\n<p>&nbsp;<\/p>\n<h3>Informaciones sobre esta pol\u00edtica de la privacidad<\/h3>\n<p>El Titular del Tratamiento de los Datos es responsable de esta pol\u00edtica de la privacidad.<\/p>\n<p>&nbsp;<\/p>\n<h3>Datos Personales (o Datos)<\/h3>\n<p>Constituye dato personal cualquier informaci\u00f3n relativa a persona f\u00edsica, identificada o indentificable, a\u00fan directamente, por referencia a cualquier otra informaci\u00f3n, incluyendo un n\u00famero de identificaci\u00f3n personal.<\/p>\n<p>&nbsp;<\/p>\n<h3>Datos de Uso<\/h3>\n<p>Son los datos personales recogidos de manera autom\u00e1tica por la Aplicaci\u00f3n (o por las aplicaciones por parte terceras que la misma utiliza), entre los cuales: las direcciones IP o los nombres a dominio de los ordenadores utilizados por el Usuario que se conecta a la Aplicaci\u00f3n, las direcciones en notaci\u00f3n URI (Uniform Resource Identifier), el horario de la solicitud, el m\u00e9todo utilizado en el exponer la solicitud al servidor, la dimensi\u00f3n del archivo obtenido como respuesta, el c\u00f3digo num\u00e9rico indicando el estado de la respuesta por el servidor (correcto, error, etc.) el pa\u00eds de proveniencia, las caracter\u00edsticas del navegador y del sistema operativo utilizados por el visitante, las varias connotaciones temporales de la visita (por ejemplo el tiempo de permanencia en cada p\u00e1gina) y los detalles relativos al itinerario seguido en el interior de la Aplicaci\u00f3n, con particular referencia a la secuencia de las p\u00e1ginas consultadas, a los par\u00e1metros relativos al sistema operativo y al ambiente inform\u00e1tico del Usuario.<\/p>\n<p>&nbsp;<\/p>\n<h3>Usuario<\/h3>\n<p>El individuo que usa esta Aplicaci\u00f3n, que debe coincidir con el interesado o ser por \u00e9ste autorizado y cuyos Datos Personales est\u00e1n sujetos al tratamiento.<\/p>\n<p>&nbsp;<\/p>\n<h3>Interesado<\/h3>\n<p>La persona f\u00edsica o jur\u00eddica a las que se refieren los Datos Personales.<br \/>\nResponsable del Tratamiento (o Responsable)<br \/>\nLa persona f\u00edsica, jur\u00eddica, la administraci\u00f3n p\u00fablica y cuaquier otro ente, asociaci\u00f3n u \u00f3rgano puesto por el Titular al tratamiento de los Datos Personales, seg\u00fan lo predispuesto por la presente pol\u00edtica de la privacidad.<\/p>\n<p>&nbsp;<\/p>\n<h3>Titular del Tratamiento (o Titular)<\/h3>\n<p>La persona f\u00edsica, jur\u00eddica, la administraci\u00f3n p\u00fablica y cualquier otro ente, asociaci\u00f3n u organismo al que compete, a\u00fan junto a otro titular, las decisiones en orden a las finalidades, a las modalidades del tratamiento de datos personales y a los instrumentos utilizados, incluyendo el perfil de la seguridad, en relaci\u00f3n al funcionamiento y a la fruici\u00f3n de este sitio. El titular del Tratamiento, salvo diversamente especificado, es el propietario de este sitio web.<\/p>\n<p>&nbsp;<\/p>\n<h3>Este sitio Web<\/h3>\n<p>El intrumento compuesto por las p\u00e1ginas HTML visualizadas por el navegador a trav\u00e9s del cual se recogen los Datos Personales de los Usuarios.<\/p>\n<p>&nbsp;<\/p>\n<h3>Cookie<\/h3>\n<p>Peque\u00f1os archivos de texto que contiene informaciones y conserva en el interior del dispositivo utilizado para navegar el sitio web por el Usuario.<\/p>\n<p>&nbsp;<\/p>\n<h3>Referencias legales<\/h3>\n<p>Aviso a los Usuarios europeos: la presente informativa de la privacidad se redacta en cumplimiento de las obligaciones previstas por el Art. 10 de la Directiva n.95\/46\/ce, adem\u00e1s de lo previsto en la Directiva 2002\/58\/ce, como actualizada en la Directiva 2009\/136\/ce, en materia de Cookie.<br \/>\nEsta informativa de la privacidad concierne exclusivamente a este sitio Web.<\/p>\n","protected":false},"excerpt":{"rendered":"<p>La informativa se destina a todos los sujetos que interact\u00faan con las p\u00e1ginas web del Sitio, sea a los que utilizan el Sitio sin efectuar ninguna inscripci\u00f3n, sea a los que se inscriben en el Sitio y usufruct\u00faan los servicios online para comprar productos. Es posible acceder al Sitio sin que se pida el consentimiento [&hellip;]<\/p>\n","protected":false},"author":1,"featured_media":0,"parent":0,"menu_order":0,"comment_status":"closed","ping_status":"closed","template":"","meta":{"_acf_changed":false,"_monsterinsights_skip_tracking":false,"_monsterinsights_sitenote_active":false,"_monsterinsights_sitenote_note":"","_monsterinsights_sitenote_category":0,"footnotes":""},"class_list":["post-3164","page","type-page","status-publish","hentry"],"acf":[],"_links":{"self":[{"href":"https:\/\/maralaser.wpdev.it\/es\/wp-json\/wp\/v2\/pages\/3164","targetHints":{"allow":["GET"]}}],"collection":[{"href":"https:\/\/maralaser.wpdev.it\/es\/wp-json\/wp\/v2\/pages"}],"about":[{"href":"https:\/\/maralaser.wpdev.it\/es\/wp-json\/wp\/v2\/types\/page"}],"author":[{"embeddable":true,"href":"https:\/\/maralaser.wpdev.it\/es\/wp-json\/wp\/v2\/users\/1"}],"replies":[{"embeddable":true,"href":"https:\/\/maralaser.wpdev.it\/es\/wp-json\/wp\/v2\/comments?post=3164"}],"version-history":[{"count":0,"href":"https:\/\/maralaser.wpdev.it\/es\/wp-json\/wp\/v2\/pages\/3164\/revisions"}],"wp:attachment":[{"href":"https:\/\/maralaser.wpdev.it\/es\/wp-json\/wp\/v2\/media?parent=3164"}],"curies":[{"name":"wp","href":"https:\/\/api.w.org\/{rel}","templated":true}]}}