{"id":3167,"date":"2016-04-13T22:48:54","date_gmt":"2016-04-13T21:48:54","guid":{"rendered":"https:\/\/maralaser.wpdev.it\/\/es\/?page_id=3167"},"modified":"2025-11-25T11:40:57","modified_gmt":"2025-11-25T10:40:57","slug":"invernaderos-y-jardineria","status":"publish","type":"page","link":"https:\/\/maralaser.wpdev.it\/es\/invernaderos-y-jardineria\/","title":{"rendered":"Invernaderos y jardiner\u00eda"},"content":{"rendered":"<div class=\"wpb-content-wrapper\"><p>[vc_row css=&#8221;.vc_custom_1439262636161{margin-bottom: 70px !important;}&#8221;][vc_column][vc_column_text]<\/p>\n<p style=\"font-size: 20px;\"><strong>INVERNADEROS Y JARDINER\u00cdA: \u00bfquieres un suelo siempre seco y perfectamente nivelado? Salud de c\u00e9spedes y plantas<\/strong><\/p>\n<blockquote>\n<ul style=\"font-size: 20px; text-align: justify;\">\n<li>Garantizar la pendiente correcta para el drenaje del agua de lluvia<\/li>\n<li>Mejorar el crecimiento del c\u00e9sped gracias a superficies perfectas<\/li>\n<li>Apariencia perfecta incluso a largas distancias<\/li>\n<li>Pendientes precisas al mil\u00edmetro<\/li>\n<\/ul>\n<\/blockquote>\n<p style=\"font-size: 20px; text-align: justify;\">La electr\u00f3nica a bordo de nuestras m\u00e1quinas garantiza un control preciso de la cuchilla con una variaci\u00f3n m\u00e1xima de 4 mm.<\/p>\n<p style=\"font-size: 20px; text-align: justify;\">Es f\u00e1cil configurar 1 o 2 pendientes para permitir un flujo natural del agua de lluvia o de riego, garantizando la salud de los c\u00e9spedes y los cultivos en invernadero y obteniendo as\u00ed un mejor rendimiento productivo.<\/p>\n<p style=\"font-size: 20px; text-align: justify;\"><strong>Las peque\u00f1as niveladoras MARA<\/strong> son ligeras, \u00e1giles, f\u00e1ciles de manejar y pueden ser remolcadas por tractores normalmente utilizados para el mantenimiento de \u00e1reas verdes, ya que requieren poca potencia.<\/p>\n<p style=\"font-size: 20px; text-align: justify;\">En conclusi\u00f3n, \u00a1solo se necesitan unos pocos pasos y el trabajo est\u00e1 hecho!<\/p>\n<p>[\/vc_column_text][\/vc_column][\/vc_row][vc_row][vc_column][vc_column_text]<\/p>\n<h2>Descubra nuestros niveladores l\u00e1ser<\/h2>\n<p>[\/vc_column_text][\/vc_column][\/vc_row][vc_row][vc_column][vc_column_text css=&#8221;&#8221;]      <div id=\"post-grid-lazy-6718\" class=\"post-grid-lazy\"><img decoding=\"async\" alt=\"\" src=\"\" \/><\/div>\n    <script>\n      jQuery('#post-grid-lazy-6718').ready(function($) {\n        $('#post-grid-lazy-6718').fadeOut();\n        $('#post-grid-6718   ').fadeIn();\n      })\n    <\/script>\n    <style type=\"text\/css\">\n      #post-grid-6718 {\n        display: none;\n      }\n\n      .post-grid-lazy {\n        text-align: center;\n      }\n    <\/style>\n    <div data-options='{&quot;id&quot;:&quot;6718&quot;,&quot;lazy_load&quot;:&quot;yes&quot;,&quot;masonry_enable&quot;:&quot;no&quot;,&quot;view_type&quot;:&quot;grid&quot;}' id=\"post-grid-6718\" class=\"post-grid grid\">\n        <div class=\"grid-items\">\n      <div class=\"item item-3422 skin flat even 0 \">\n        <div class=\"layer-wrapper layout-6274\">\n          <div\n        class=\"element element_1626253626077  element-media \">\n        <a target=\"_self\" href=\"https:\/\/maralaser.wpdev.it\/es\/producto\/grader\/\"><img loading=\"lazy\" decoding=\"async\" width=\"419\" height=\"400\" src=\"https:\/\/maralaser.wpdev.it\/wp-content\/uploads\/2015\/04\/mmg20-1-419x400.jpg\" class=\"attachment-medium size-medium wp-post-image\" alt=\"\" srcset=\"https:\/\/maralaser.wpdev.it\/wp-content\/uploads\/2015\/04\/mmg20-1-419x400.jpg 419w, https:\/\/maralaser.wpdev.it\/wp-content\/uploads\/2015\/04\/mmg20-1-600x573.jpg 600w, https:\/\/maralaser.wpdev.it\/wp-content\/uploads\/2015\/04\/mmg20-1-768x734.jpg 768w, https:\/\/maralaser.wpdev.it\/wp-content\/uploads\/2015\/04\/mmg20-1.jpg 900w\" sizes=\"auto, (max-width: 419px) 100vw, 419px\" \/><\/a>    <\/div>\n    <div class=\"element element_1626253616658  title_link \">\n                    <a target=\"_parent\"\n                href=\"https:\/\/maralaser.wpdev.it\/es\/producto\/grader\/\">Grader<\/a>\n            <\/div>\n    <\/div>\n  <\/div><div class=\"item item-3421 skin flat odd 1 \">\n        <div class=\"layer-wrapper layout-6274\">\n          <div\n        class=\"element element_1626253626077  element-media \">\n        <a target=\"_self\" href=\"https:\/\/maralaser.wpdev.it\/es\/producto\/nivelador-laser-mj-20\/\"><img loading=\"lazy\" decoding=\"async\" width=\"419\" height=\"400\" src=\"https:\/\/maralaser.wpdev.it\/wp-content\/uploads\/2015\/04\/j10m-1-419x400.jpg\" class=\"attachment-medium size-medium wp-post-image\" alt=\"\" srcset=\"https:\/\/maralaser.wpdev.it\/wp-content\/uploads\/2015\/04\/j10m-1-419x400.jpg 419w, https:\/\/maralaser.wpdev.it\/wp-content\/uploads\/2015\/04\/j10m-1-600x573.jpg 600w, https:\/\/maralaser.wpdev.it\/wp-content\/uploads\/2015\/04\/j10m-1-768x734.jpg 768w, https:\/\/maralaser.wpdev.it\/wp-content\/uploads\/2015\/04\/j10m-1.jpg 900w\" sizes=\"auto, (max-width: 419px) 100vw, 419px\" \/><\/a>    <\/div>\n    <div class=\"element element_1626253616658  title_link \">\n                    <a target=\"_parent\"\n                href=\"https:\/\/maralaser.wpdev.it\/es\/producto\/nivelador-laser-mj-20\/\">Niveladora l\u00e1ser MJ &#8211; 20<\/a>\n            <\/div>\n    <\/div>\n  <\/div><div class=\"item item-3420 skin flat even 2 \">\n        <div class=\"layer-wrapper layout-6274\">\n          <div\n        class=\"element element_1626253626077  element-media \">\n        <a target=\"_self\" href=\"https:\/\/maralaser.wpdev.it\/es\/producto\/nivelador-laser-m-25\/\"><img loading=\"lazy\" decoding=\"async\" width=\"419\" height=\"400\" src=\"https:\/\/maralaser.wpdev.it\/wp-content\/uploads\/2015\/03\/25m-419x400.jpg\" class=\"attachment-medium size-medium wp-post-image\" alt=\"\" srcset=\"https:\/\/maralaser.wpdev.it\/wp-content\/uploads\/2015\/03\/25m-419x400.jpg 419w, https:\/\/maralaser.wpdev.it\/wp-content\/uploads\/2015\/03\/25m-600x573.jpg 600w, https:\/\/maralaser.wpdev.it\/wp-content\/uploads\/2015\/03\/25m.jpg 900w\" sizes=\"auto, (max-width: 419px) 100vw, 419px\" \/><\/a>    <\/div>\n    <div class=\"element element_1626253616658  title_link \">\n                    <a target=\"_parent\"\n                href=\"https:\/\/maralaser.wpdev.it\/es\/producto\/nivelador-laser-m-25\/\">Niveladora l\u00e1ser M &#8211; 25<\/a>\n            <\/div>\n    <\/div>\n  <\/div>    <\/div>\n    <div class=\"pagination\">\n      <div class=\"paginate\">\n      <\/div>\n  <style type=\"text\/css\">\n    #post-grid-6718 .pagination .page-numbers {\n      font-size: 16px;\n      color: #fff;\n      background: #646464;\n    }\n\n    #post-grid-6718 .pagination .page-numbers:hover,\n    #post-grid-6718 .pagination .page-numbers.current {\n      background: #4b4b4b;\n    }\n  <\/style>\n  <\/div>\n    <style type=\"text\/css\">\n        .layout-6274 .element_1626253626077 {\n            overflow: hidden;\n                    }\n\n        .layout-6274 .element_1626253626077 img {\n            max-width: 100%;\n            height: auto;\n        }\n\n        @media only screen and (min-width: 1024px) {\n            .layout-6274 .element_1626253626077 {\n                height: auto;\n                            }\n        }\n\n        @media only screen and (min-width: 768px) and (max-width: 1023px) {\n            .layout-6274 .element_1626253626077 {\n                height: auto;\n                            }\n        }\n\n        @media only screen and (min-width: 0px) and (max-width: 767px) {\n            .layout-6274 .element_1626253626077 {\n                height: auto;\n                            }\n        }\n    <\/style>\n    <style type=\"text\/css\">\n        .layout-6274 .element_1626253616658 {\n            text-align: center;\n                    }\n\n        .layout-6274 .element_1626253616658 a {\n                    }\n    <\/style>\n      <script>\n          <\/script>\n    <style type=\"text\/css\">\n    #post-grid-6718 {\n      padding: 10px;\n          }\n\n    #post-grid-6718 .item {\n      padding: 0px;\n      background: #fff;\n          }\n\n    #post-grid-6718 .item .layer-media {\n      height:auto;    }\n\n    @media only screen and (min-width: 0px) and (max-width: 767px) {\n      #post-grid-6718 .grid-items {\n        display: grid;\n        grid-template-columns: 1fr ;\n        column-gap: 10px;\n        row-gap: 10px;\n              }\n\n      #post-grid-6718 .item {\n        height:auto;      }\n    }\n\n    @media only screen and (min-width: 768px) and (max-width: 1023px) {\n      #post-grid-6718 .grid-items {\n        display: grid;\n        grid-template-columns: 1fr 1fr ;\n        column-gap: 10px;\n        row-gap: 10px;\n              }\n\n      #post-grid-6718 .item {\n        max-height:auto;      }\n    }\n\n    @media only screen and (min-width: 1024px) {\n      #post-grid-6718 .grid-items {\n        display: grid;\n        grid-template-columns: 1fr 1fr 1fr ;\n        column-gap: 10px;\n        row-gap: 10px;\n              }\n\n      #post-grid-6718 .item {\n        height:auto;      }\n    }\n\n      <\/style>\n  <\/div>\n[\/vc_column_text][\/vc_column][\/vc_row]<\/p>\n<\/div>","protected":false},"excerpt":{"rendered":"<p>[vc_row css=&#8221;.vc_custom_1439262636161{margin-bottom: 70px !important;}&#8221;][vc_column][vc_column_text] INVERNADEROS Y JARDINER\u00cdA: \u00bfquieres un suelo siempre seco y perfectamente nivelado? Salud de c\u00e9spedes y plantas Garantizar la pendiente correcta para el drenaje del agua de lluvia Mejorar el crecimiento del c\u00e9sped gracias a superficies perfectas Apariencia perfecta incluso a largas distancias Pendientes precisas al mil\u00edmetro La electr\u00f3nica a bordo de [&hellip;]<\/p>\n","protected":false},"author":1,"featured_media":0,"parent":0,"menu_order":0,"comment_status":"closed","ping_status":"closed","template":"","meta":{"_acf_changed":false,"_monsterinsights_skip_tracking":false,"_monsterinsights_sitenote_active":false,"_monsterinsights_sitenote_note":"","_monsterinsights_sitenote_category":0,"footnotes":""},"class_list":["post-3167","page","type-page","status-publish","hentry"],"acf":[],"_links":{"self":[{"href":"https:\/\/maralaser.wpdev.it\/es\/wp-json\/wp\/v2\/pages\/3167","targetHints":{"allow":["GET"]}}],"collection":[{"href":"https:\/\/maralaser.wpdev.it\/es\/wp-json\/wp\/v2\/pages"}],"about":[{"href":"https:\/\/maralaser.wpdev.it\/es\/wp-json\/wp\/v2\/types\/page"}],"author":[{"embeddable":true,"href":"https:\/\/maralaser.wpdev.it\/es\/wp-json\/wp\/v2\/users\/1"}],"replies":[{"embeddable":true,"href":"https:\/\/maralaser.wpdev.it\/es\/wp-json\/wp\/v2\/comments?post=3167"}],"version-history":[{"count":0,"href":"https:\/\/maralaser.wpdev.it\/es\/wp-json\/wp\/v2\/pages\/3167\/revisions"}],"wp:attachment":[{"href":"https:\/\/maralaser.wpdev.it\/es\/wp-json\/wp\/v2\/media?parent=3167"}],"curies":[{"name":"wp","href":"https:\/\/api.w.org\/{rel}","templated":true}]}}