{"id":4459,"date":"2016-06-21T16:26:51","date_gmt":"2016-06-21T15:26:51","guid":{"rendered":"https:\/\/maralaser.wpdev.it\/es\/technology\/"},"modified":"2016-07-28T15:43:54","modified_gmt":"2016-07-28T14:43:54","slug":"tecnologia","status":"publish","type":"page","link":"https:\/\/maralaser.wpdev.it\/es\/tecnologia\/","title":{"rendered":"Tecnologia"},"content":{"rendered":"<div class=\"wpb-content-wrapper\"><p>[vc_row full_width=&#8221;stretch_row&#8221; css=&#8221;.vc_custom_1466520872677{background-color: #ffffff !important;}&#8221; el_class=&#8221;row-image-top &#8220;][vc_column width=&#8221;1\/4&#8243; el_class=&#8221;image-top&#8221;][vc_single_image image=&#8221;4421&#8243; img_size=&#8221;large&#8221; css=&#8221;.vc_custom_1466526179193{margin-top: 0px !important;margin-bottom: 0px !important;padding-top: 0px !important;padding-bottom: 0px !important;}&#8221;][\/vc_column][vc_column width=&#8221;3\/4&#8243;][vc_column_text css=&#8221;.vc_custom_1469453953844{margin-bottom: 10px !important;padding-top: 40px !important;}&#8221;]<\/p>\n<h2 style=\"font-size: 35px;\"><strong>L\u00e1ser, gps o sistema MARA l\u00e1ser+gps: \u00bfcual es la tecnolog\u00eda MARA adecuada a tus exigencias?<\/strong><\/h2>\n<p>[\/vc_column_text][vc_column_text css=&#8221;.vc_custom_1469453680334{margin-bottom: 30px !important;padding-bottom: 20px !important;}&#8221;]<\/p>\n<p style=\"font-size: 18px; color: #777777; text-align: justify;\">Las niveladoras y los grader fabricados por MARA pueden ser utlizados con diferentes sistemas de control para realizar superficies llanas, inclinadas o de formas complejas, a\u00fan bas\u00e1ndose con dise\u00f1os del cliente.<\/p>\n<p>[\/vc_column_text][\/vc_column][\/vc_row][vc_row full_width=&#8221;stretch_row&#8221; css=&#8221;.vc_custom_1469452029748{margin-top: 0px !important;margin-bottom: 0px !important;padding-top: 60px !important;padding-bottom: 50px !important;background-color: #111111 !important;}&#8221; el_class=&#8221;center&#8221;][vc_column width=&#8221;1\/3&#8243;][thememove_icon type=&#8221;pe7stroke&#8221; icon_pe7stroke=&#8221;pe-7s-check&#8221; font_size=&#8221;80&#8243; font_color=&#8221;#fcce38&#8243;][vc_custom_heading text=&#8221;Tecnolog\u00cda l\u00e1ser&#8221; font_container=&#8221;tag:h3|font_size:20|text_align:center|color:%23ffffff&#8221; use_theme_fonts=&#8221;yes&#8221; css=&#8221;.vc_custom_1469451315590{margin-top: 5px !important;margin-bottom: 5px !important;}&#8221;][vc_column_text css=&#8221;.vc_custom_1469451397453{padding-top: 30px !important;padding-bottom: 25px !important;}&#8221;]<\/p>\n<p style=\"text-align: justify; font-size: 15px; font-weight: bold;\">El emisor l\u00e1ser genera un plano de referencia interceptado por el receptor puesto en la m\u00e1quina. La caja de control interpreta los datos y regula la altura de la cuchilla de manera continua.<\/p>\n<p>[\/vc_column_text][vc_custom_heading text=&#8221;Caracter\u00edsticas principales&#8221; font_container=&#8221;tag:h3|text_align:center|color:%23f9d22d&#8221; google_fonts=&#8221;font_family:Lato%3A100%2C100italic%2C300%2C300italic%2Cregular%2Citalic%2C700%2C700italic%2C900%2C900italic|font_style:400%20regular%3A400%3Anormal&#8221;][vc_column_text css=&#8221;.vc_custom_1469451524673{padding-top: 30px !important;}&#8221;]<\/p>\n<p style=\"font-size: 15px; font-weight: bold; text-align: left;\">Precisi\u00f3n: \u00b1 2 mm<br \/>\nAlcance: hasta 650 m de distancia del emisor<br \/>\nNota: elevada precisi\u00f3n<\/p>\n<p>[\/vc_column_text][vc_btn title=&#8221;LEE MAS&#8221; style=&#8221;flat&#8221; shape=&#8221;square&#8221; color=&#8221;default&#8221; align=&#8221;center&#8221; el_class=&#8221;b1-spa&#8221; link=&#8221;url:https%3A%2F%2Fmaralaser.wpdev.it%2Fes%2Ftecnologia-laser%2F||&#8221;][\/vc_column][vc_column width=&#8221;1\/3&#8243;][thememove_icon type=&#8221;pe7stroke&#8221; icon_pe7stroke=&#8221;pe-7s-check&#8221; font_size=&#8221;80&#8243; font_color=&#8221;#fcce38&#8243;][vc_custom_heading text=&#8221;Tecnolog\u00cda GPS<br \/>\n&#8221; font_container=&#8221;tag:h3|font_size:20|text_align:center|color:%23ffffff&#8221; use_theme_fonts=&#8221;yes&#8221; css=&#8221;.vc_custom_1469451348840{margin-top: 5px !important;margin-bottom: 5px !important;}&#8221;][vc_column_text css=&#8221;.vc_custom_1469451410541{padding-top: 30px !important;}&#8221;]<\/p>\n<p style=\"text-align: justify; font-size: 15px; font-weight: bold;\">La antena gps montada en la m\u00e1quina recibe las se\u00f1ales de los sat\u00e9lites y determina la posici\u00f3n (x, y, z). La caja de control y el software interpretan los datos, controlando posici\u00f3n de la m\u00e1quina y altura de la cuchilla.<\/p>\n<p>[\/vc_column_text][vc_custom_heading text=&#8221;Caracter\u00edsticas principales&#8221; font_container=&#8221;tag:h3|text_align:center|color:%23f9d22d&#8221; google_fonts=&#8221;font_family:Lato%3A100%2C100italic%2C300%2C300italic%2Cregular%2Citalic%2C700%2C700italic%2C900%2C900italic|font_style:400%20regular%3A400%3Anormal&#8221;][vc_column_text css=&#8221;.vc_custom_1469451551250{padding-top: 30px !important;}&#8221;]<\/p>\n<p style=\"font-size: 15px; font-weight: bold; text-align: left;\">Precisi\u00f3n: \u00b1 10 mm<br \/>\nAlcance: 5 km<br \/>\nNota: posibilidad de utilizo en grandes extensiones, buena precisi\u00f3n<\/p>\n<p>[\/vc_column_text][vc_btn title=&#8221;LEE MAS&#8221; style=&#8221;flat&#8221; shape=&#8221;square&#8221; color=&#8221;default&#8221; align=&#8221;center&#8221; el_class=&#8221;b2-spa&#8221; link=&#8221;url:https%3A%2F%2Fmaralaser.wpdev.it%2Fes%2Ftecnologia-gps%2F||&#8221;][\/vc_column][vc_column width=&#8221;1\/3&#8243;][thememove_icon type=&#8221;pe7stroke&#8221; icon_pe7stroke=&#8221;pe-7s-check&#8221; font_size=&#8221;80&#8243; font_color=&#8221;#fcce38&#8243;][vc_custom_heading text=&#8221;MARA l\u00e1ser system+GPS<br \/>\n&#8221; font_container=&#8221;tag:h3|font_size:20|text_align:center|color:%23ffffff&#8221; use_theme_fonts=&#8221;yes&#8221; css=&#8221;.vc_custom_1469451370216{margin-top: 5px !important;margin-bottom: 5px !important;}&#8221;][vc_column_text css=&#8221;.vc_custom_1469451427035{padding-top: 30px !important;}&#8221;]<\/p>\n<p style=\"text-align: justify; font-size: 15px; font-weight: bold;\">El sistema l\u00e1ser y el gps regulan respectivamente la altura de la cuchilla y la posici\u00f3n de la m\u00e1quina, obteniendo de manera autom\u00e1tica los programas de trabajo y estimando tiempo y costos de manera cuidadosa.<\/p>\n<p>[\/vc_column_text][vc_custom_heading text=&#8221;Caracter\u00edsticas principales&#8221; font_container=&#8221;tag:h3|text_align:center|color:%23f9d22d&#8221; google_fonts=&#8221;font_family:Lato%3A100%2C100italic%2C300%2C300italic%2Cregular%2Citalic%2C700%2C700italic%2C900%2C900italic|font_style:400%20regular%3A400%3Anormal&#8221;][vc_column_text css=&#8221;.vc_custom_1469451655481{padding-top: 30px !important;}&#8221;]<\/p>\n<p style=\"font-size: 15px; text-align: justify; font-weight: bold;\">Precisi\u00f3n: \u00b1 2 mm<br \/>\nAlcance: hasta 650 m de distancia del emisor<br \/>\nNota: elevada precisi\u00f3n, gu\u00eda automatizada, c\u00e1lculo de las pendientes, indicaci\u00f3n del recorrido a seguir, c\u00e1lculo de los costos.<\/p>\n<p>[\/vc_column_text][vc_btn title=&#8221;LEE MAS&#8221; style=&#8221;flat&#8221; shape=&#8221;square&#8221; color=&#8221;default&#8221; align=&#8221;center&#8221; el_class=&#8221;b3-spa&#8221; link=&#8221;url:https%3A%2F%2Fmaralaser.wpdev.it%2Fes%2Fsistema-mara-laser-gps%2F||&#8221;][\/vc_column][\/vc_row][vc_row full_width=&#8221;stretch_row_content_no_spaces&#8221; css=&#8221;.vc_custom_1468829685924{margin-top: 0px !important;margin-bottom: 0px !important;}&#8221;][vc_column][vc_single_image image=&#8221;4412&#8243; img_size=&#8221;1903&#215;504&#8243; alignment=&#8221;center&#8221;][\/vc_column][\/vc_row]<\/p>\n<\/div>","protected":false},"excerpt":{"rendered":"<p>[vc_row full_width=&#8221;stretch_row&#8221; css=&#8221;.vc_custom_1466520872677{background-color: #ffffff !important;}&#8221; el_class=&#8221;row-image-top &#8220;][vc_column width=&#8221;1\/4&#8243; el_class=&#8221;image-top&#8221;][vc_single_image image=&#8221;4421&#8243; img_size=&#8221;large&#8221; css=&#8221;.vc_custom_1466526179193{margin-top: 0px !important;margin-bottom: 0px !important;padding-top: 0px !important;padding-bottom: 0px !important;}&#8221;][\/vc_column][vc_column width=&#8221;3\/4&#8243;][vc_column_text css=&#8221;.vc_custom_1469453953844{margin-bottom: 10px !important;padding-top: 40px !important;}&#8221;] L\u00e1ser, gps o sistema MARA l\u00e1ser+gps: \u00bfcual es la tecnolog\u00eda MARA adecuada a tus exigencias? [\/vc_column_text][vc_column_text css=&#8221;.vc_custom_1469453680334{margin-bottom: 30px !important;padding-bottom: 20px !important;}&#8221;] Las niveladoras y los grader fabricados por MARA [&hellip;]<\/p>\n","protected":false},"author":1,"featured_media":0,"parent":0,"menu_order":0,"comment_status":"open","ping_status":"closed","template":"","meta":{"_acf_changed":false,"_monsterinsights_skip_tracking":false,"_monsterinsights_sitenote_active":false,"_monsterinsights_sitenote_note":"","_monsterinsights_sitenote_category":0,"footnotes":""},"class_list":["post-4459","page","type-page","status-publish","hentry"],"acf":[],"_links":{"self":[{"href":"https:\/\/maralaser.wpdev.it\/es\/wp-json\/wp\/v2\/pages\/4459","targetHints":{"allow":["GET"]}}],"collection":[{"href":"https:\/\/maralaser.wpdev.it\/es\/wp-json\/wp\/v2\/pages"}],"about":[{"href":"https:\/\/maralaser.wpdev.it\/es\/wp-json\/wp\/v2\/types\/page"}],"author":[{"embeddable":true,"href":"https:\/\/maralaser.wpdev.it\/es\/wp-json\/wp\/v2\/users\/1"}],"replies":[{"embeddable":true,"href":"https:\/\/maralaser.wpdev.it\/es\/wp-json\/wp\/v2\/comments?post=4459"}],"version-history":[{"count":0,"href":"https:\/\/maralaser.wpdev.it\/es\/wp-json\/wp\/v2\/pages\/4459\/revisions"}],"wp:attachment":[{"href":"https:\/\/maralaser.wpdev.it\/es\/wp-json\/wp\/v2\/media?parent=4459"}],"curies":[{"name":"wp","href":"https:\/\/api.w.org\/{rel}","templated":true}]}}