{"id":4520,"date":"2016-06-22T08:45:11","date_gmt":"2016-06-22T07:45:11","guid":{"rendered":"https:\/\/maralaser.wpdev.it\/es\/laser-tecnology-new\/"},"modified":"2020-07-06T11:29:57","modified_gmt":"2020-07-06T10:29:57","slug":"tecnologia-laser","status":"publish","type":"page","link":"https:\/\/maralaser.wpdev.it\/es\/tecnologia-laser\/","title":{"rendered":"Tecnolog\u00eda L\u00e1ser"},"content":{"rendered":"<div class=\"wpb-content-wrapper\"><p>[vc_row full_width=&#8221;stretch_row&#8221; css=&#8221;.vc_custom_1466520872677{background-color: #ffffff !important;}&#8221; el_class=&#8221;row-image-top &#8220;][vc_column width=&#8221;1\/4&#8243; el_class=&#8221;image-top&#8221;][vc_single_image image=&#8221;5698&#8243; img_size=&#8221;large&#8221; onclick=&#8221;link_image&#8221; css=&#8221;.vc_custom_1594031392760{margin-top: 20px !important;margin-bottom: 0px !important;padding-top: 0px !important;padding-bottom: 0px !important;}&#8221;][\/vc_column][vc_column width=&#8221;3\/4&#8243;][vc_column_text css=&#8221;.vc_custom_1469695109220{padding-top: 40px !important;}&#8221;]<\/p>\n<h2 style=\"font-size: 33px;\">Niveladoras l\u00e1ser MARA: aqu\u00ed es c\u00f3mo funcionan!<\/h2>\n<p>[\/vc_column_text][vc_column_text css=&#8221;.vc_custom_1594030804675{margin-bottom: 30px !important;padding-bottom: 20px !important;}&#8221;]<\/p>\n<p style=\"font-size: 20px; color: #777777; text-align: justify;\">Las <strong>niveladoras l\u00e1ser Mara<\/strong> se forma a partir de tres componentes representados por la <strong>m\u00e1quina que trabaja el suelo<\/strong>, por un <strong>emisor<\/strong> y un <strong>receptor del rayo l\u00e1ser<\/strong>. En particular, el grado se monta el receptor que recibe la se\u00f1al de l\u00e1ser emitido por un emisor colocado en la parte superior de un tr\u00edpode, con el objetivo de lograr un plano correcto nivelado.<\/p>\n<p>[\/vc_column_text][\/vc_column][\/vc_row][vc_row full_width=&#8221;stretch_row&#8221; css=&#8221;.vc_custom_1463998420773{background-color: #111111 !important;}&#8221; el_class=&#8221;no-space-bottom&#8221;][vc_column css=&#8221;.vc_custom_1463749445402{margin-top: 75px !important;margin-bottom: 75px !important;}&#8221;][vc_custom_heading text=&#8221;Las niveladoras MARA l\u00e1ser est\u00e1n compuestas por tres elementos principales&#8221; font_container=&#8221;tag:h2|font_size:35px|text_align:center|color:%23ffffff&#8221; google_fonts=&#8221;font_family:Montserrat%3Aregular%2C700|font_style:400%20regular%3A400%3Anormal&#8221;][\/vc_column][\/vc_row][vc_row full_width=&#8221;stretch_row&#8221; css=&#8221;.vc_custom_1468838416773{margin-bottom: 0px !important;padding-top: 60px !important;padding-bottom: 30px !important;background-image: url(https:\/\/maralaser.wpdev.it\/wp-content\/uploads\/2016\/05\/back_img.jpg?id=3956) !important;}&#8221; el_class=&#8221;center&#8221;][vc_column width=&#8221;1\/3&#8243;][thememove_icon type=&#8221;pe7stroke&#8221; icon_pe7stroke=&#8221;pe-7s-check&#8221; font_size=&#8221;80&#8243; font_color=&#8221;#fcce38&#8243;][vc_custom_heading text=&#8221;Emisor del rayo l\u00e1ser&#8221; font_container=&#8221;tag:h3|font_size:20|text_align:center|color:%23ffffff&#8221; use_theme_fonts=&#8221;yes&#8221; css=&#8221;.vc_custom_1469456638827{margin-top: 5px !important;margin-bottom: 5px !important;}&#8221;][\/vc_column][vc_column width=&#8221;1\/3&#8243;][thememove_icon type=&#8221;pe7stroke&#8221; icon_pe7stroke=&#8221;pe-7s-check&#8221; font_size=&#8221;80&#8243; font_color=&#8221;#fcce38&#8243;][vc_custom_heading text=&#8221;Receptor del rayo l\u00e1ser &#8221; font_container=&#8221;tag:h3|font_size:20|text_align:center|color:%23ffffff&#8221; use_theme_fonts=&#8221;yes&#8221; css=&#8221;.vc_custom_1469456652902{margin-top: 5px !important;margin-bottom: 5px !important;}&#8221;][\/vc_column][vc_column width=&#8221;1\/3&#8243;][thememove_icon type=&#8221;pe7stroke&#8221; icon_pe7stroke=&#8221;pe-7s-check&#8221; font_size=&#8221;80&#8243; font_color=&#8221;#fcce38&#8243;][vc_custom_heading text=&#8221;M\u00e1quina que trabaja el terreno&#8221; font_container=&#8221;tag:h3|font_size:20|text_align:center|color:%23ffffff&#8221; use_theme_fonts=&#8221;yes&#8221; css=&#8221;.vc_custom_1469456665604{margin-top: 5px !important;margin-bottom: 5px !important;}&#8221;][\/vc_column][\/vc_row][vc_row full_width=&#8221;stretch_row&#8221; css=&#8221;.vc_custom_1468853830473{margin-top: 0px !important;margin-bottom: 0px !important;padding-top: 50px !important;background-color: #eaeaea !important;}&#8221;][vc_column][vc_column_text] \t<div  class=\"team-slider\">\n\n    <ul class=\"member-list\">\n\n\n  <li><a href=\"#slider-member4503\">Emisor del rayo l\u00e1ser<\/a><\/li>      <li><a href=\"#slider-member4504\">Receptor del rayo l\u00e1ser<\/a><\/li>      <li><a href=\"#slider-member4505\">M\u00e1quina que trabaja el terreno<\/a><\/li>    <\/ul>\n<div class=\"team-slider-profiles flexslider\">\n<ul class=\"slides\">\n      <li id=\"slider-member4503\" >\n\n                        <div class=\"sixcol\">\n\n                            <div class=\"center\">\n\n                                <div class=\"team-member\">\n\n                                    <div class=\"img-wrap\">\n                                        <p><img loading=\"lazy\" decoding=\"async\" width=\"450\" height=\"450\" src=\"https:\/\/maralaser.wpdev.it\/wp-content\/uploads\/2016\/07\/Trasmettitori-laser-2-450x373.png\" class=\"alignleft img-circle wp-post-image\" alt=\"Testimonial\" title=\"\" srcset=\"https:\/\/maralaser.wpdev.it\/wp-content\/uploads\/2016\/07\/Trasmettitori-laser-2-450x373.png 450w, https:\/\/maralaser.wpdev.it\/wp-content\/uploads\/2016\/07\/Trasmettitori-laser-2-150x150.png 150w\" sizes=\"auto, (max-width: 450px) 100vw, 450px\" \/><\/p>\n                                        <\/div>\n\n                                    <h3> <\/h3>\n                                             <span><\/span>\n\n\n                                <\/div>\n\n                            <\/div>\n\n                        <\/div>\n\n                        <div class=\"sixcol last\">\n\n                            <h3 class=\"member-title\">EMISOR DEL RAYO L\u00c1SER  <\/h3>\n\n                            <div class=\"member-content\">\n                                <p style=\"text-align: justify;\"><p style=\"text-align: justify;\">A finales de los a\u00f1os 70 se encuentra disponible en el mercado la tecnolog\u00eda l\u00e1ser que permite tener un rayo de luz lineal, concentrado y muy luminoso. \u00c9sto permite tener, a\u00fan a distancias de unos centenares de metros, un haz de luz potente, legible y de dimensiones todav\u00eda muy peque\u00f1as. El uso de un particular cristal pentaprisma rodante, que hace salir exactamente a 90\u00b0 un rayo l\u00e1ser en entrada, crea un plano de referencia a 360\u00b0. El equipo receptor capta una se\u00f1al y a trav\u00e9s de la niveladora, reproduce a tierra el plano creado por el emisor l\u00e1ser. \u00c9ste \u00faltimo va puesto sobre un tr\u00edpode a una altura superior a la cabina del tractor, de manera que no hayan obst\u00e1culos entre el emisor y el receptor l\u00e1ser. Los modernos emisores l\u00e1seres son autonivelantes ya que encuentran autom\u00e1ticamente el plano horizontal. Se pueden, adem\u00e1s, configurar planos con 1 o 2 pendientes y el rayo l\u00e1ser puede controlar las m\u00e1quinas a una distancia de hasta unos 650 metros. MARA no construye el emisor l\u00e1ser a\u00fan as\u00ed las niveladoras MARA funcionan con todos los sistemas presentes en el mercado.<\/p><\/p>\n                            <\/div>\n\n\n                        <\/div>\n                    <\/li>\n       <li id=\"slider-member4504\" >\n\n                        <div class=\"sixcol\">\n\n                            <div class=\"center\">\n\n                                <div class=\"team-member\">\n\n                                    <div class=\"img-wrap\">\n                                        <p><img loading=\"lazy\" decoding=\"async\" width=\"450\" height=\"450\" src=\"https:\/\/maralaser.wpdev.it\/wp-content\/uploads\/2016\/05\/foto2.jpg\" class=\"alignleft img-circle wp-post-image\" alt=\"Testimonial\" title=\"\" srcset=\"https:\/\/maralaser.wpdev.it\/wp-content\/uploads\/2016\/05\/foto2.jpg 450w, https:\/\/maralaser.wpdev.it\/wp-content\/uploads\/2016\/05\/foto2-150x150.jpg 150w\" sizes=\"auto, (max-width: 450px) 100vw, 450px\" \/><\/p>\n                                        <\/div>\n\n                                    <h3> <\/h3>\n                                             <span><\/span>\n\n\n                                <\/div>\n\n                            <\/div>\n\n                        <\/div>\n\n                        <div class=\"sixcol last\">\n\n                            <h3 class=\"member-title\">RECEPTOR DEL RAYO L\u00c1SER <\/h3>\n\n                            <div class=\"member-content\">\n                                <p style=\"text-align: justify;\"><p style=\"text-align: justify;\">El receptor es el componente que lee la luz l\u00e1ser que el emisor emite. Esto adviene a trav\u00e9s de especiales fotodiodos sensibles a la luz. Las m\u00e1quinas niveladoras se tienen que poder mover sobre todo en el terreno siguiendo direcciones diversas en relaci\u00f3n a la conformaci\u00f3n del terreno (zonas de destierro y de relleno); para su funcionamiento es necesario un aparato receptor preciso, sensible y que pueda leer la se\u00f1al a 360\u00b0. MARA construye su receptor l\u00e1ser que, gracias a su particular tecnolog\u00eda, puede leer y utilizar tambi\u00e9n se\u00f1ales d\u00e9biles y es muy poco sensible a eventuales disturbios externos. El acoplamiento del receptor con la caja de control MARA permite optimizar el funcionamiento del sistema a trav\u00e9s de las funciones de correcci\u00f3n del disturbio del viento, de la recuperaci\u00f3n autom\u00e1tica de la se\u00f1al del l\u00e1ser, en el caso en el que se pierda y, del control de la potencia del tractor, funciones exclusivas de MARA. Adem\u00e1s de \u00e9stas, tiene tambi\u00e9n la funci\u00f3n est\u00e1ndar del control autom\u00e1tico de la cuchilla para la realizaci\u00f3n del plano deseado.<\/p><\/p>\n                            <\/div>\n\n\n                        <\/div>\n                    <\/li>\n       <li id=\"slider-member4505\" >\n\n                        <div class=\"sixcol\">\n\n                            <div class=\"center\">\n\n                                <div class=\"team-member\">\n\n                                    <div class=\"img-wrap\">\n                                        <p><img loading=\"lazy\" decoding=\"async\" width=\"450\" height=\"450\" src=\"https:\/\/maralaser.wpdev.it\/wp-content\/uploads\/2016\/07\/macchina-che-lavora-il-terreno-e1537345641946-450x278.png\" class=\"alignleft img-circle wp-post-image\" alt=\"Testimonial\" title=\"\" srcset=\"https:\/\/maralaser.wpdev.it\/wp-content\/uploads\/2016\/07\/macchina-che-lavora-il-terreno-e1537345641946-450x278.png 450w, https:\/\/maralaser.wpdev.it\/wp-content\/uploads\/2016\/07\/macchina-che-lavora-il-terreno-e1537345641946-150x150.png 150w\" sizes=\"auto, (max-width: 450px) 100vw, 450px\" \/><\/p>\n                                        <\/div>\n\n                                    <h3> <\/h3>\n                                             <span><\/span>\n\n\n                                <\/div>\n\n                            <\/div>\n\n                        <\/div>\n\n                        <div class=\"sixcol last\">\n\n                            <h3 class=\"member-title\">M\u00c1QUINA QUE TRABAJA EL TERRENO <\/h3>\n\n                            <div class=\"member-content\">\n                                <p style=\"text-align: justify;\"><p style=\"text-align: justify;\">A trav\u00e9s del plano creado por el emisor l\u00e1ser y captado por el receptor, la m\u00e1quina puede ser correctamente controlada para la nivelaci\u00f3n del terreno. La particular geometr\u00eda del proyecto y los pistones hidr\u00e1ulicos dirigidos por las electrov\u00e1lvulas, que se gestionan con la caja de control, garantizan que la cuchilla se levante y se baje de manera correcta para obetener el plano deseado con una precisi\u00f3n de \u00b12 mm.<\/p><\/p>\n                            <\/div>\n\n\n                        <\/div>\n                    <\/li>\n  \n            <\/ul>\n            <!-- \/.row -->\n        <\/div>\n        <\/div>\n        <script type=\"text\/javascript\">\n            jQuery(document).ready(function ($) {\n                jQuery(' .team-slider-profiles').flexslider({\n                    animation: 'slide',\n                    controlsContainer: \" .member-list\",\n                    controlNav: true,\n                    directionNav: false,\n                    animationLoop: false,\n                    slideshow: false,\n                    manualControls: \" .member-list li a\"\n                });\n            });\n        <\/script>\n        <\/div>\n        [\/vc_column_text][\/vc_column][\/vc_row]<\/p>\n<\/div>","protected":false},"excerpt":{"rendered":"<p>[vc_row full_width=&#8221;stretch_row&#8221; css=&#8221;.vc_custom_1466520872677{background-color: #ffffff !important;}&#8221; el_class=&#8221;row-image-top &#8220;][vc_column width=&#8221;1\/4&#8243; el_class=&#8221;image-top&#8221;][vc_single_image image=&#8221;5698&#8243; img_size=&#8221;large&#8221; onclick=&#8221;link_image&#8221; css=&#8221;.vc_custom_1594031392760{margin-top: 20px !important;margin-bottom: 0px !important;padding-top: 0px !important;padding-bottom: 0px !important;}&#8221;][\/vc_column][vc_column width=&#8221;3\/4&#8243;][vc_column_text css=&#8221;.vc_custom_1469695109220{padding-top: 40px !important;}&#8221;] Niveladoras l\u00e1ser MARA: aqu\u00ed es c\u00f3mo funcionan! [\/vc_column_text][vc_column_text css=&#8221;.vc_custom_1594030804675{margin-bottom: 30px !important;padding-bottom: 20px !important;}&#8221;] Las niveladoras l\u00e1ser Mara se forma a partir de tres componentes representados por la m\u00e1quina que trabaja [&hellip;]<\/p>\n","protected":false},"author":1,"featured_media":0,"parent":0,"menu_order":0,"comment_status":"open","ping_status":"closed","template":"","meta":{"_acf_changed":false,"_monsterinsights_skip_tracking":false,"_monsterinsights_sitenote_active":false,"_monsterinsights_sitenote_note":"","_monsterinsights_sitenote_category":0,"footnotes":""},"class_list":["post-4520","page","type-page","status-publish","hentry"],"acf":[],"_links":{"self":[{"href":"https:\/\/maralaser.wpdev.it\/es\/wp-json\/wp\/v2\/pages\/4520","targetHints":{"allow":["GET"]}}],"collection":[{"href":"https:\/\/maralaser.wpdev.it\/es\/wp-json\/wp\/v2\/pages"}],"about":[{"href":"https:\/\/maralaser.wpdev.it\/es\/wp-json\/wp\/v2\/types\/page"}],"author":[{"embeddable":true,"href":"https:\/\/maralaser.wpdev.it\/es\/wp-json\/wp\/v2\/users\/1"}],"replies":[{"embeddable":true,"href":"https:\/\/maralaser.wpdev.it\/es\/wp-json\/wp\/v2\/comments?post=4520"}],"version-history":[{"count":0,"href":"https:\/\/maralaser.wpdev.it\/es\/wp-json\/wp\/v2\/pages\/4520\/revisions"}],"wp:attachment":[{"href":"https:\/\/maralaser.wpdev.it\/es\/wp-json\/wp\/v2\/media?parent=4520"}],"curies":[{"name":"wp","href":"https:\/\/api.w.org\/{rel}","templated":true}]}}