{"id":4533,"date":"2016-07-25T16:24:23","date_gmt":"2016-07-25T15:24:23","guid":{"rendered":"https:\/\/maralaser.wpdev.it\/es\/gps-technology\/"},"modified":"2020-07-06T11:53:56","modified_gmt":"2020-07-06T10:53:56","slug":"tecnologia-gps","status":"publish","type":"page","link":"https:\/\/maralaser.wpdev.it\/es\/tecnologia-gps\/","title":{"rendered":"Tecnolog\u00eda GPS"},"content":{"rendered":"<div class=\"wpb-content-wrapper\"><p>[vc_row full_width=&#8221;stretch_row&#8221; css=&#8221;.vc_custom_1466520872677{background-color: #ffffff !important;}&#8221; el_class=&#8221;row-image-top &#8220;][vc_column width=&#8221;1\/4&#8243; el_class=&#8221;image-top&#8221;][vc_single_image image=&#8221;5302&#8243; img_size=&#8221;large&#8221; onclick=&#8221;link_image&#8221; css=&#8221;.vc_custom_1594031632468{margin-top: 35px !important;margin-bottom: 0px !important;padding-top: 0px !important;padding-bottom: 0px !important;}&#8221;][\/vc_column][vc_column width=&#8221;3\/4&#8243;][vc_column_text css=&#8221;.vc_custom_1469460452693{padding-top: 40px !important;}&#8221;]<\/p>\n<h2 style=\"font-size: 35px;\">Sistema GPS: \u00b1 10 mm de precisi\u00f3n<\/h2>\n<p>[\/vc_column_text][vc_column_text css=&#8221;.vc_custom_1594032831876{margin-bottom: 30px !important;padding-bottom: 20px !important;}&#8221; el_class=&#8221;dpbl&#8221;]<\/p>\n<p style=\"font-size: 20px; color: #777777; text-align: justify;\">Il sistema <strong>GPS (Global Position System)<\/strong> naci\u00f3 en 1973 en USA; en 2000 el gobierno americano liberaliz\u00f3 el sistema para usos civiles. Para hacer esto se coloc\u00f3 en el espacio una red de <strong>31 sat\u00e9lites artificiales<\/strong>, que giran alrededor de la tierra a alturas diversas, los cuales transmiten su posici\u00f3n a todos los receptores GPS. El <strong>receptor GPS<\/strong> capta las se\u00f1ales de los sat\u00e9lites que dan la posici\u00f3n horizontal del receptor en la tierra (longitud y latitud).<\/p>\n<p>[\/vc_column_text][\/vc_column][\/vc_row][vc_row full_width=&#8221;stretch_row&#8221; css=&#8221;.vc_custom_1468838416773{margin-bottom: 0px !important;padding-top: 60px !important;padding-bottom: 30px !important;background-image: url(https:\/\/maralaser.wpdev.it\/wp-content\/uploads\/2016\/05\/back_img.jpg?id=3956) !important;}&#8221; el_class=&#8221;center&#8221;][vc_column][vc_column_text]<\/p>\n<p style=\"text-align: justify; font-size: 20px;\"><span style=\"color: #ffffff;\">En los \u00faltimos a\u00f1os se ha obtenido, a trav\u00e9s de softwares dedicados a ello, una elevada <strong>precisi\u00f3n<\/strong>, alrededor de <strong>\u00b1 10 mm<\/strong>, tambi\u00e9n en la elevaci\u00f3n (en la indicaci\u00f3n de la posici\u00f3n vertical), gracias al <strong>sistema RTK (Real Time Kinematic)<\/strong>, que da la posici\u00f3n en tiempo real y la frecuencia elevada de las se\u00f1ales emitidas (unos 10 hertz).<\/span><\/p>\n<p>[\/vc_column_text][\/vc_column][\/vc_row][vc_row full_width=&#8221;stretch_row&#8221; css=&#8221;.vc_custom_1463998420773{background-color: #111111 !important;}&#8221; el_class=&#8221;no-space-bottom&#8221;][vc_column css=&#8221;.vc_custom_1463749445402{margin-top: 75px !important;margin-bottom: 75px !important;}&#8221;][vc_custom_heading text=&#8221;Descubre el funcionamiento y los componentes del sistema GPS&#8221; font_container=&#8221;tag:h2|font_size:35px|text_align:center|color:%23ffffff&#8221; google_fonts=&#8221;font_family:Montserrat%3Aregular%2C700|font_style:400%20regular%3A400%3Anormal&#8221;][\/vc_column][\/vc_row][vc_row css=&#8221;.vc_custom_1469459792204{margin-top: 60px !important;margin-bottom: 60px !important;background-color: #ffffff !important;}&#8221;][vc_column][vc_tta_tabs][vc_tta_section title=&#8221;FUNCIONAMIENTO DEL SISTEMA GPS MARA&#8221; tab_id=&#8221;1469459202854-1fd4ad93-b4ea&#8221;][vc_column_text]<\/p>\n<p style=\"text-align: justify;\"><span style=\"color: #333333;\">Las m\u00e1quinas MARA funcionan tambi\u00e9n con los sistemas GPS y son compatibles con todos los sistemas GPS en comercio. El funcionamiento de las niveladoras MARA GPS es igual al de los sistemas l\u00e1ser, a excepci\u00f3n del hecho de que la altura de referencia la da directamente el GPS. El sistema GPS puede ser utilizado para crear un plano horizontal, con 1 o 2 pendientes, con pendientes variables o con pendientes programadas a trav\u00e9s de un software. Las niveladoras MARA, controladas por el sistema GPS, reciben las se\u00f1ales que definen el plano de los sat\u00e9lites y lo copian a tierra. La precisi\u00f3n que se obtiene con esta tecnolog\u00eda con respecto al l\u00e1ser se debe a la menor precisi\u00f3n intr\u00ednseca de los sistemas GPS, sujeta tambi\u00e9n a variaciones peri\u00f3dicas unidas al cambio de constelaci\u00f3n de los sat\u00e9lites cada 12,5 minutos. El sistema GPS ofrece, contrariamente, una gran flexibilidad de empleo, en particular modo en terrenos de grandes dimensiones con pendientes diversas, y se utiliza tambi\u00e9n en otros tipos de trabajos bien sea en campo agr\u00edcola, bien sea en construcci\u00f3n civil o en grandes movimientos de tierra.<\/span><\/p>\n<p>&nbsp;<\/p>\n<p>[\/vc_column_text][\/vc_tta_section][vc_tta_section title=&#8221;COMPONENTES DEL SISTEMA&#8221; tab_id=&#8221;1469459203108-7059c326-b582&#8243;][vc_column_text]<\/p>\n<p style=\"text-align: justify;\"><span style=\"color: #333333;\">El sistema GPS est\u00e1 dotado de un receptor (base m\u00f3vil) colocado en la niveladora que va en el campo, y de un receptor fijo (base est\u00e1tica) como referencia en diferencial, la que define la diferencia de desplazamiento entre la estaci\u00f3n m\u00f3vil y la fija. En la cabina, al lado del operador, se posiciona una pantalla (pc embedded \u2013 pc industrial) que elabora los datos emitidos por el receptor m\u00f3vil (via cavo) y por el receptor fijo (via radio) y manda un mando electrohidr\u00e1ulico que controla la altura de la cuchilla, consinti\u00e9ndole ejecutar el plano en el terreno. Esto permite tener una precisi\u00f3n de posici\u00f3n horizontal y vertical alrededor del cent\u00edmetro, a una distancia m\u00e1xima de 5 km entre los dos receptores. Contra m\u00e1s aumente la distancia entre los dos receptores, m\u00e1s de 5 km, menor ser\u00e1 la precisi\u00f3n.<\/span><\/p>\n<p>[\/vc_column_text][\/vc_tta_section][\/vc_tta_tabs][\/vc_column][\/vc_row]<\/p>\n<\/div>","protected":false},"excerpt":{"rendered":"<p>[vc_row full_width=&#8221;stretch_row&#8221; css=&#8221;.vc_custom_1466520872677{background-color: #ffffff !important;}&#8221; el_class=&#8221;row-image-top &#8220;][vc_column width=&#8221;1\/4&#8243; el_class=&#8221;image-top&#8221;][vc_single_image image=&#8221;5302&#8243; img_size=&#8221;large&#8221; onclick=&#8221;link_image&#8221; css=&#8221;.vc_custom_1594031632468{margin-top: 35px !important;margin-bottom: 0px !important;padding-top: 0px !important;padding-bottom: 0px !important;}&#8221;][\/vc_column][vc_column width=&#8221;3\/4&#8243;][vc_column_text css=&#8221;.vc_custom_1469460452693{padding-top: 40px !important;}&#8221;] Sistema GPS: \u00b1 10 mm de precisi\u00f3n [\/vc_column_text][vc_column_text css=&#8221;.vc_custom_1594032831876{margin-bottom: 30px !important;padding-bottom: 20px !important;}&#8221; el_class=&#8221;dpbl&#8221;] Il sistema GPS (Global Position System) naci\u00f3 en 1973 en USA; en 2000 el gobierno americano [&hellip;]<\/p>\n","protected":false},"author":1,"featured_media":0,"parent":0,"menu_order":0,"comment_status":"open","ping_status":"closed","template":"","meta":{"_acf_changed":false,"_monsterinsights_skip_tracking":false,"_monsterinsights_sitenote_active":false,"_monsterinsights_sitenote_note":"","_monsterinsights_sitenote_category":0,"footnotes":""},"class_list":["post-4533","page","type-page","status-publish","hentry"],"acf":[],"_links":{"self":[{"href":"https:\/\/maralaser.wpdev.it\/es\/wp-json\/wp\/v2\/pages\/4533","targetHints":{"allow":["GET"]}}],"collection":[{"href":"https:\/\/maralaser.wpdev.it\/es\/wp-json\/wp\/v2\/pages"}],"about":[{"href":"https:\/\/maralaser.wpdev.it\/es\/wp-json\/wp\/v2\/types\/page"}],"author":[{"embeddable":true,"href":"https:\/\/maralaser.wpdev.it\/es\/wp-json\/wp\/v2\/users\/1"}],"replies":[{"embeddable":true,"href":"https:\/\/maralaser.wpdev.it\/es\/wp-json\/wp\/v2\/comments?post=4533"}],"version-history":[{"count":0,"href":"https:\/\/maralaser.wpdev.it\/es\/wp-json\/wp\/v2\/pages\/4533\/revisions"}],"wp:attachment":[{"href":"https:\/\/maralaser.wpdev.it\/es\/wp-json\/wp\/v2\/media?parent=4533"}],"curies":[{"name":"wp","href":"https:\/\/api.w.org\/{rel}","templated":true}]}}