{"id":4549,"date":"2016-07-25T17:21:04","date_gmt":"2016-07-25T16:21:04","guid":{"rendered":"https:\/\/maralaser.wpdev.it\/es\/sistema-mara-laser-gps\/"},"modified":"2020-07-06T11:49:57","modified_gmt":"2020-07-06T10:49:57","slug":"sistema-mara-laser-gps","status":"publish","type":"page","link":"https:\/\/maralaser.wpdev.it\/es\/sistema-mara-laser-gps\/","title":{"rendered":"Sistema MARA l\u00e1ser + GPS"},"content":{"rendered":"<div class=\"wpb-content-wrapper\"><p>[vc_row full_width=&#8221;stretch_row&#8221; css=&#8221;.vc_custom_1466520872677{background-color: #ffffff !important;}&#8221; el_class=&#8221;row-image-top &#8220;][vc_column width=&#8221;1\/4&#8243; el_class=&#8221;image-top&#8221;][vc_single_image image=&#8221;5303&#8243; img_size=&#8221;large&#8221; onclick=&#8221;link_image&#8221; css=&#8221;.vc_custom_1594031682913{margin-top: 40px !important;margin-bottom: 0px !important;padding-top: 0px !important;padding-bottom: 0px !important;}&#8221;][\/vc_column][vc_column width=&#8221;3\/4&#8243;][vc_column_text css=&#8221;.vc_custom_1469632381982{padding-top: 40px !important;}&#8221;]<\/p>\n<h2 style=\"font-size: 35px;\">Sistema integrado MARA l\u00e1ser + GPS<\/h2>\n<p>[\/vc_column_text][vc_column_text css=&#8221;.vc_custom_1594032577792{margin-bottom: 30px !important;padding-bottom: 20px !important;}&#8221; el_class=&#8221;dpbl&#8221;]<\/p>\n<p style=\"font-size: 20px; color: #777777; text-align: justify;\">El funcionamiento del <strong>sistema integrado MARA<\/strong> es sencillo, preciso y eficaz, ya que prev\u00e9 el uso del <strong>control l\u00e1ser<\/strong> y de la <strong>posici\u00f3n a trav\u00e9s de gps<\/strong>. La diferencia m\u00e1s sorprendente entre el sistema de nivelaci\u00f3n a control l\u00e1ser y el sistema a control gps es la precisi\u00f3n; el sistema l\u00e1ser permite crear un plano m\u00e1s preciso (\u00b12 mm de error) mientras que el sistema GPS da un error de unos \u00b110 mm que cambia cada 12 minutos cuando se activa la nueva constelaci\u00f3n de sat\u00e9lites que son las que dan la se\u00f1al del plano de referencia. Por estos motivos MARA ha pensado utilizar el sistema l\u00e1ser para realizar el plano, a\u00fan con un l\u00edmite de control de un c\u00edrculo de unos 1300 m. Se utiliza despu\u00e9s el sistema GPS para definir la posici\u00f3n de la niveladora en el terreno. El sistema es integrado por el l\u00e1ser, que controla la altura de la niveladora, y por el GPS que controla la posici\u00f3n.<\/p>\n<p>[\/vc_column_text][\/vc_column][\/vc_row][vc_row full_width=&#8221;stretch_row&#8221; css=&#8221;.vc_custom_1463998420773{background-color: #111111 !important;}&#8221; el_class=&#8221;no-space-bottom&#8221;][vc_column css=&#8221;.vc_custom_1463749445402{margin-top: 75px !important;margin-bottom: 75px !important;}&#8221;][vc_column_text]<\/p>\n<p style=\"text-align: justify; font-size: 20px;\"><span style=\"color: #ffffff;\">Para ayudar al operador a ejecutar el trabajo MARA ha pensado hacer el sistema completamente autom\u00e1tico. Las varias fases de trabajo son las siguientes:<br \/>\n<\/span><\/p>\n<p>[\/vc_column_text][vc_row_inner][vc_column_inner width=&#8221;1\/6&#8243;][vc_icon icon_fontawesome=&#8221;fa fa-check&#8221; color=&#8221;orange&#8221; align=&#8221;right&#8221;][vc_icon icon_fontawesome=&#8221;fa fa-check&#8221; color=&#8221;orange&#8221; align=&#8221;right&#8221;][vc_icon icon_fontawesome=&#8221;fa fa-check&#8221; color=&#8221;orange&#8221; align=&#8221;right&#8221;][vc_icon icon_fontawesome=&#8221;fa fa-check&#8221; color=&#8221;orange&#8221; align=&#8221;right&#8221; css=&#8221;.vc_custom_1469611055708{padding-top: 8px !important;}&#8221;][\/vc_column_inner][vc_column_inner width=&#8221;5\/6&#8243;][vc_column_text css=&#8221;.vc_custom_1469632537747{padding-top: 12px !important;padding-bottom: 25px !important;}&#8221;]<\/p>\n<p style=\"text-align: justify; font-size: 20px;\"><span style=\"color: #ffffff;\">El operador introduce en el sistema el tipo de tractor y la dimensi\u00f3n de la niveladora con la que trabajar\u00e1; <\/span><\/p>\n<p>[\/vc_column_text][vc_column_text]<\/p>\n<p style=\"text-align: justify; font-size: 20px;\"><span style=\"color: #ffffff;\">Despu\u00e9s de haber entrado en el campo y de haber encendido el sistema (a trav\u00e9s de una pantalla t\u00e1ctil de 10\u201d colocada a un lado de la cabina), recorrer\u00e1 un lado del campo que desee nivelar; <\/span><\/p>\n<p>[\/vc_column_text][vc_column_text]<\/p>\n<p style=\"text-align: justify; font-size: 20px;\"><span style=\"color: #ffffff;\">En la pantalla aparecer\u00e1n las trazas del recorrido a seguir y el sistema corregir\u00e1 con flechas la direcci\u00f3n del tractor (como en el sistema de gu\u00eda paralela asistida);<\/span><\/p>\n<p>[\/vc_column_text][vc_column_text]<\/p>\n<p style=\"text-align: justify; font-size: 20px;\"><span style=\"color: #ffffff;\">El sistema, autom\u00e1ticamente, leer\u00e1 las cuotas del terreno y, al terminar el campo, dibujar\u00e1 el mapa en 3D del campo con la indicaci\u00f3n;<\/span><\/p>\n<p>[\/vc_column_text][\/vc_column_inner][\/vc_row_inner][vc_row_inner][vc_column_inner width=&#8221;1\/6&#8243;][\/vc_column_inner][vc_column_inner width=&#8221;5\/6&#8243;][vc_column_text]<\/p>\n<ul style=\"color: #ffffff; font-size: 18px;\">\n<li>Del \u00e1rea en la que trabajar;<\/li>\n<li>De las pendientes norte-sur y este-oeste (eje X y eje Y);<\/li>\n<li>De la distancia m\u00e1xima entre las \u00e1reas de destierro y las de rellenar;<\/li>\n<li>Del volumen de tierra que ser\u00e1 necesario mover;<\/li>\n<li>Del tiempo necesario para hacer el trabajo;<\/li>\n<li>Del costo de la ejecuci\u00f3n del trabajo en funci\u00f3n del tractor y de la niveladora con la que se trabaje y que el operador habr\u00e1 introducido en el sistema antes de empezar;<\/li>\n<\/ul>\n<p>[\/vc_column_text][\/vc_column_inner][\/vc_row_inner][vc_row_inner][vc_column_inner][vc_column_text]<\/p>\n<p style=\"text-align: justify; font-size: 20px;\"><span style=\"color: #ffffff;\">A este punto ser\u00e1 posible cambiar las pendientes y el sistema calcular\u00e1 los nuevos resultados. Cuando el operador acepte los resultados, en la pantalla aparecer\u00e1 el campo en 3D indicando;<br \/>\n<\/span><\/p>\n<p>[\/vc_column_text][\/vc_column_inner][\/vc_row_inner][vc_row_inner][vc_column_inner width=&#8221;1\/6&#8243;][\/vc_column_inner][vc_column_inner width=&#8221;5\/6&#8243;][vc_column_text]<\/p>\n<ul style=\"color: #ffffff; font-size: 18px;\">\n<li>Las \u00e1reas a cortar en rojo;<\/li>\n<li>Las \u00e1reas a rellenar en verde;<\/li>\n<li>El punto m\u00e1s alto desde d\u00f3nde empezar a trabajar en amarillo;<\/li>\n<li>La posicion del tractor y de la niveladora en azul;<\/li>\n<li>Algunas flechas indicar\u00e1n el recorrido que debe seguir el operador para optimizar el trabajo (menor cantidad de tierra a llevar a la menor distancia);<\/li>\n<\/ul>\n<p>[\/vc_column_text][\/vc_column_inner][\/vc_row_inner][vc_row_inner][vc_column_inner][vc_column_text]<\/p>\n<p style=\"text-align: justify; font-size: 20px;\"><span style=\"color: #ffffff;\">En autom\u00e1tico el sistema subir\u00e1 el receptor hasta encontrar el rayo l\u00e1ser para dar la profundidad de corte en relaci\u00f3n a la potencia del tractor disponible y a la dimensi\u00f3n, en anchura, de la cuchilla de la niveladora utilizada. En cada pasaje, el sistema actualizar\u00e1 el plano e informar\u00e1 al operador sobre la zona en la que debe dirigir el tractor para optimizar la nivelaci\u00f3n. Cuando ya no hayan variaciones de plano, el sistema dir\u00e1 al operador que el trabajo est\u00e1 terminado.<br \/>\n<\/span><\/p>\n<p>[\/vc_column_text][\/vc_column_inner][\/vc_row_inner][\/vc_column][\/vc_row][vc_row full_width=&#8221;stretch_row&#8221; css=&#8221;.vc_custom_1469629711102{margin-bottom: 0px !important;padding-top: 60px !important;padding-bottom: 60px !important;background-color: #282828 !important;}&#8221;][vc_column width=&#8221;2\/3&#8243;][vc_row_inner][vc_column_inner width=&#8221;3\/4&#8243;][vc_column_text]<\/p>\n<p style=\"text-align: justify; font-size: 20px; color: #333333;\"><span style=\"color: #ffffff;\">Los tiempos de trabajo y el rendimiento por hect\u00e1rea dependen de la situaci\u00f3n del terrano antes del trabajo:<\/span><\/p>\n<p>[\/vc_column_text][vc_column_text css=&#8221;.vc_custom_1469632958373{padding-left: 50px !important;}&#8221;]<\/p>\n<ul style=\"font-size: 20px; color: #ffffff;\">\n<li>Del volumen de terreno a desplazar;<\/li>\n<li>De la distancia de las \u00e1reas de destierro y las de relleno;<\/li>\n<li>De la consistencia del terreno (arcilloso, arenoso o de media mezcla);<\/li>\n<li>De la humedad del terreno;<\/li>\n<\/ul>\n<p>[\/vc_column_text][vc_column_text]<\/p>\n<p style=\"text-align: justify; font-size: 20px; color: #ffffff;\">Estos par\u00e1metros definen el tiempo de ejecuci\u00f3n de una nivelaci\u00f3n.<\/p>\n<p>[\/vc_column_text][\/vc_column_inner][vc_column_inner width=&#8221;1\/4&#8243;][\/vc_column_inner][\/vc_row_inner][\/vc_column][vc_column width=&#8221;1\/3&#8243;][vc_column_text css=&#8221;.vc_custom_1594032595786{padding-top: 50px !important;padding-right: 50px !important;padding-bottom: 50px !important;padding-left: 50px !important;background-color: #fcce38 !important;border-radius: 10px !important;}&#8221; el_class=&#8221;yellowbox&#8221;]<\/p>\n<p style=\"text-align: center; font-size: 20px; color: #333333;\"><strong>El sistema no pide que el operador haga alguna intervenci\u00f3n y tampoco que tenga una grande experiencia, de hecho, a\u00fan un operador inexperto es capaz de ejecutar el trabajo perfectamente y en el tiempo establecido.<\/strong><\/p>\n<p>[\/vc_column_text][\/vc_column][\/vc_row][vc_row full_width=&#8221;stretch_row&#8221; css=&#8221;.vc_custom_1469629578494{margin-top: 0px !important;margin-bottom: 0px !important;padding-top: 50px !important;padding-bottom: 50px !important;background-color: #ffffff !important;}&#8221;][vc_column][vc_column_text]<\/p>\n<h2 style=\"text-align: center;\"><span style=\"color: #333333;\">Descubre nuestros ejemplos de nivelar el terreno por la maquinaria MARA<\/span><\/h2>\n<p>[\/vc_column_text][vc_tta_tabs][vc_tta_section title=&#8221;EJEMPLO N\u00b01&#8243; tab_id=&#8221;1469623406441-f73c7ef0-d2d8&#8243;][vc_column_text]<\/p>\n<p style=\"color: #333333;\">Un ejemplo explicativo para hacer un plano, despu\u00e9s del c\u00e1lculo hecho por el sistema integrado MARA con en un terreno de 1 hect\u00e1rea con:<\/p>\n<ul style=\"padding-left: 50px; color: #333333;\">\n<li>La diferencia de 20 cm de desnivel entre el punto m\u00e1s alto y el m\u00e1s bajo;<\/li>\n<li>La distancia m\u00e1xima de 80 m entre las \u00e1reas a cortar con respecto a las de rellenar;<\/li>\n<li>En un terreno de media mezcla;<\/li>\n<li>Con una humedad relativa de un 45%;<\/li>\n<li>Utilizando una niveladora de 4 m de anchura;<\/li>\n<li>Con un tractor de 120 cv de potencia;<\/li>\n<\/ul>\n<p>&nbsp;<\/p>\n<p style=\"color: #333333;\">El tiempo de trabajo ser\u00e1 de unas 6 horas.<\/p>\n<p>[\/vc_column_text][\/vc_tta_section][vc_tta_section title=&#8221;EJEMPLO N\u00b02&#8243; tab_id=&#8221;1469623406829-05d19a50-e84d&#8221;][vc_column_text]<\/p>\n<p style=\"color: #333333;\">Otro ejemplo de un plano hecho en un terreno de 1 hect\u00e1rea ya nivelado precedentemente, pero a corregir con:<\/p>\n<ul style=\"padding-left: 50px; color: #333333;\">\n<li>Un desnivel de unos 2-3 cm;<\/li>\n<li>Las mismas caracter\u00edsticas del ejemplo precedente;<\/li>\n<li>La misma niveladora;<\/li>\n<li>El mismo tractor;<\/li>\n<\/ul>\n<p>&nbsp;<\/p>\n<p style=\"color: #333333;\">El tiempo de trabajo ser\u00e1 de 1,5 horas indicativamente.<\/p>\n<p>[\/vc_column_text][\/vc_tta_section][\/vc_tta_tabs][\/vc_column][\/vc_row]<\/p>\n<\/div>","protected":false},"excerpt":{"rendered":"<p>[vc_row full_width=&#8221;stretch_row&#8221; css=&#8221;.vc_custom_1466520872677{background-color: #ffffff !important;}&#8221; el_class=&#8221;row-image-top &#8220;][vc_column width=&#8221;1\/4&#8243; el_class=&#8221;image-top&#8221;][vc_single_image image=&#8221;5303&#8243; img_size=&#8221;large&#8221; onclick=&#8221;link_image&#8221; css=&#8221;.vc_custom_1594031682913{margin-top: 40px !important;margin-bottom: 0px !important;padding-top: 0px !important;padding-bottom: 0px !important;}&#8221;][\/vc_column][vc_column width=&#8221;3\/4&#8243;][vc_column_text css=&#8221;.vc_custom_1469632381982{padding-top: 40px !important;}&#8221;] Sistema integrado MARA l\u00e1ser + GPS [\/vc_column_text][vc_column_text css=&#8221;.vc_custom_1594032577792{margin-bottom: 30px !important;padding-bottom: 20px !important;}&#8221; el_class=&#8221;dpbl&#8221;] El funcionamiento del sistema integrado MARA es sencillo, preciso y eficaz, ya que prev\u00e9 el uso del [&hellip;]<\/p>\n","protected":false},"author":1,"featured_media":0,"parent":0,"menu_order":0,"comment_status":"open","ping_status":"closed","template":"","meta":{"_acf_changed":false,"_monsterinsights_skip_tracking":false,"_monsterinsights_sitenote_active":false,"_monsterinsights_sitenote_note":"","_monsterinsights_sitenote_category":0,"footnotes":""},"class_list":["post-4549","page","type-page","status-publish","hentry"],"acf":[],"_links":{"self":[{"href":"https:\/\/maralaser.wpdev.it\/es\/wp-json\/wp\/v2\/pages\/4549","targetHints":{"allow":["GET"]}}],"collection":[{"href":"https:\/\/maralaser.wpdev.it\/es\/wp-json\/wp\/v2\/pages"}],"about":[{"href":"https:\/\/maralaser.wpdev.it\/es\/wp-json\/wp\/v2\/types\/page"}],"author":[{"embeddable":true,"href":"https:\/\/maralaser.wpdev.it\/es\/wp-json\/wp\/v2\/users\/1"}],"replies":[{"embeddable":true,"href":"https:\/\/maralaser.wpdev.it\/es\/wp-json\/wp\/v2\/comments?post=4549"}],"version-history":[{"count":0,"href":"https:\/\/maralaser.wpdev.it\/es\/wp-json\/wp\/v2\/pages\/4549\/revisions"}],"wp:attachment":[{"href":"https:\/\/maralaser.wpdev.it\/es\/wp-json\/wp\/v2\/media?parent=4549"}],"curies":[{"name":"wp","href":"https:\/\/api.w.org\/{rel}","templated":true}]}}