{"id":2849,"date":"2016-04-06T09:50:56","date_gmt":"2016-04-06T08:50:56","guid":{"rendered":"https:\/\/maralaser.wpdev.it\/\/it\/?page_id=2849"},"modified":"2022-10-28T10:10:08","modified_gmt":"2022-10-28T09:10:08","slug":"chi-siamo","status":"publish","type":"page","link":"https:\/\/maralaser.wpdev.it\/it\/chi-siamo\/","title":{"rendered":"Chi siamo"},"content":{"rendered":"<div class=\"wpb-content-wrapper\"><p>[vc_row full_width=&#8221;stretch_row_content&#8221; el_class=&#8221;parallax-about pott&#8221; css=&#8221;.vc_custom_1594029178069{margin-bottom: 70px !important;padding-top: 80px !important;padding-bottom: 80px !important;background-image: url(https:\/\/maralaser.wpdev.it\/\/wp-content\/uploads\/2016\/03\/parallax-chisiamo-2.jpg?id=3712) !important;}&#8221;][vc_column][\/vc_column][\/vc_row][vc_row el_class=&#8221;middle&#8221; css=&#8221;.vc_custom_1594027149260{margin-top: -50px !important;margin-bottom: 25px !important;}&#8221; el_id=&#8221;whoare&#8221;][vc_column width=&#8221;1\/3&#8243;][vc_single_image image=&#8221;3616&#8243; img_size=&#8221;310&#215;395&#8243; alignment=&#8221;center&#8221; onclick=&#8221;zoom&#8221;][\/vc_column][vc_column width=&#8221;2\/3&#8243;][vc_custom_heading text=&#8221;30 anni di esperienza nella produzione di livellatrici laser&#8221; font_container=&#8221;tag:h2|font_size:32|text_align:left|color:%23fcce38|line_height:1.2&#8243; use_theme_fonts=&#8221;yes&#8221;][vc_column_text css=&#8221;.vc_custom_1459264939746{margin-top: 25px !important;margin-bottom: 25px !important;}&#8221;]<\/p>\n<p style=\"text-align: justify;\">MARA progetta, produce e commercializza macchine per il livellamento del terreno a controllo laser e gps.\u00a0Fondata nel 1986, l&#8217;azienda continua la sua evoluzione tecnologica, \u00a0al servizio della produttivit\u00e0 del cliente, offrendo il prodotto giusto per ogni attivit\u00e0.<\/p>\n<p style=\"text-align: justify;\">Oggi MARA produce 24 modelli di livellatrice, 7 grader a spinta e 5 scraper. Con la sua ultima generazione di macchine, la produzione MARA coniuga l\u2019elevata capacit\u00e0 di lavorare velocemente il terreno con trattori di potenza contenuta con un&#8217;affidabilit\u00e0 ed una qualit\u00e0 di livello superiore.<\/p>\n<p style=\"text-align: justify;\">Presente sul mercato mondiale in ben oltre 30 Paesi, MARA garantisce una notevole precisione nel risultato finale, grazie ad una maggiore produzione in campo agricolo e ad una riduzione dei costi.<\/p>\n<p style=\"text-align: justify;\">Lo stabilimento produttivo di Vercelli occupa una superficie di 55.000 m\u00b2 di cui 8.800 coperti. Inoltre, un ampio spazio \u00e8 riservato alle verifiche di funzionamento e alle prove dimostrative per i clienti.\u00a0L&#8217;ingegnere Gianmario Delsignore, cofondatore e socio dell&#8217;azienda, gestisce una moderna organizzazione a rete che consente di contenere i costi e assicurare qualit\u00e0 e consegne veloci.<\/p>\n<p>[\/vc_column_text][\/vc_column][\/vc_row][vc_row full_width=&#8221;stretch_row&#8221; parallax=&#8221;content-moving&#8221; el_class=&#8221;our-features-layout2 center specialp&#8221; css=&#8221;.vc_custom_1594028917993{padding-top: 60px !important;padding-bottom: 30px !important;}&#8221;][vc_column width=&#8221;1\/3&#8243; css=&#8221;.vc_custom_1439360282029{margin-bottom: 30px !important;}&#8221;][thememove_icon type=&#8221;pe7stroke&#8221; icon_pe7stroke=&#8221;pe-7s-like2&#8243; font_size=&#8221;80&#8243; font_color=&#8221;#fcce38&#8243;][vc_custom_heading text=&#8221;Personale qualificato&#8221; font_container=&#8221;tag:h3|font_size:20|text_align:center|color:%23ffffff&#8221; use_theme_fonts=&#8221;yes&#8221; css=&#8221;.vc_custom_1459265607655{margin-top: 5px !important;margin-bottom: 5px !important;}&#8221;][vc_column_text]<\/p>\n<p style=\"text-align: center;\">Personale disponibile e altamente qualificato in grado di garantire una rapidit\u00e0 d\u2019intervento<\/p>\n<p>[\/vc_column_text][\/vc_column][vc_column width=&#8221;1\/3&#8243; css=&#8221;.vc_custom_1439360289713{margin-bottom: 30px !important;}&#8221;][thememove_icon type=&#8221;pe7stroke&#8221; icon_pe7stroke=&#8221;pe-7s-paper-plane&#8221; font_size=&#8221;80&#8243; font_color=&#8221;#fcce38&#8243;][vc_custom_heading text=&#8221;Tecnologia&#8221; font_container=&#8221;tag:h3|font_size:20|text_align:center|color:%23ffffff&#8221; use_theme_fonts=&#8221;yes&#8221; css=&#8221;.vc_custom_1459265622468{margin-top: 5px !important;margin-bottom: 5px !important;}&#8221;][vc_column_text]<\/p>\n<p style=\"text-align: center;\">Tecnologia laser all\u2019avanguardia per consentire misurazioni precise e risultati ottimali<\/p>\n<p>[\/vc_column_text][\/vc_column][vc_column width=&#8221;1\/3&#8243; css=&#8221;.vc_custom_1439360299267{margin-bottom: 30px !important;}&#8221;][thememove_icon type=&#8221;pe7stroke&#8221; icon_pe7stroke=&#8221;pe-7s-piggy&#8221; font_size=&#8221;80&#8243; font_color=&#8221;#fcce38&#8243;][vc_custom_heading text=&#8221;Risparmio&#8221; font_container=&#8221;tag:h3|font_size:20|text_align:center|color:%23ffffff&#8221; use_theme_fonts=&#8221;yes&#8221; css=&#8221;.vc_custom_1459265662186{margin-top: 5px !important;margin-bottom: 5px !important;}&#8221;][vc_column_text]<\/p>\n<p style=\"text-align: center;\">Notevole risparmio in termini di tempo e di soldi grazie all\u2019utilizzo di macchine efficienti e di qualit\u00e0<\/p>\n<p>[\/vc_column_text][\/vc_column][\/vc_row][vc_row][vc_column width=&#8221;1\/2&#8243;][vc_column_text]<\/p>\n<p style=\"text-align: justify;\">MARA nasce nel 1986 da un&#8217;idea di 4 imprenditori. La sua missione \u00e8 chiara fin dall&#8217;inizio: migliorare la produttivit\u00e0 del cliente in agricoltura, edilizia, movimento terra e strade, sport e giardinaggio.<\/p>\n<p style=\"text-align: justify;\">L&#8217;esperienza di imprenditori agricoli di una parte dei soci, la competenza tecnica di altri e lo sviluppo della tecnologia laser fanno nascere l&#8217;idea di una macchina automatica per il livellamento del terreno. La coltivazione del riso, che richiede piani precisi per la copertura costante di acqua delle coltivazioni, tipica delle zone in cui \u00e8 nata MARA, ha costituito un banco di prova importante per la tecnologia di livellamento dell&#8217;azienda.\u00a0I vantaggi del livellamento del terreno si sono poi rivelati importanti anche in tutte le altre coltivazioni, aumentando la produzione della coltura in atto, riducendo il volume di acqua, la quantit\u00e0 di sementi, di concimi e di diserbanti e favorendo il drenaggio dei terreni. Per tali motivi, l&#8217;utilizzo delle livellatrici si \u00e8 successivamente esteso in molti settori.<\/p>\n<p>[\/vc_column_text][\/vc_column][vc_column width=&#8221;1\/2&#8243;][vc_column_text]<\/p>\n<p style=\"text-align: justify;\">I primi prodotti avevano una larghezza operativa di 3,60 m e richiedevano trattori con una potenza di 140-150 hp il cui peso era di circa 13-14 tonnellate. A causa del loro peso questi trattori non trovavano altre applicazioni e dovevano essere quindi dedicati al solo livellamento. MARA decide quindi di sviluppare una gamma di macchine leggere, facili da usare, che richiedano una minore potenza di traino e che permettano di essere utilizzate con trattori normalmente presenti nelle aziende agricole. Tale risultato \u00e8 stato ottenuto grazie ad una particolare geometria complessiva delle macchine, ad una esclusiva conformazione della lama, all&#8217;utilizzo di un&#8217;elettronica sofisticata in grado di valutare con continuit\u00e0 la potenza di traino richiesta, ottimizzando il funzionamento della macchina.<\/p>\n<p style=\"text-align: justify;\">Oggi la produzione di MARA si configura con un primato tecnologico basato su prodotti robusti ma leggeri, facili da usare e molto produttivi.<\/p>\n<p>[\/vc_column_text][\/vc_column][\/vc_row][vc_row full_width=&#8221;stretch_row&#8221; parallax=&#8221;content-moving&#8221; parallax_image=&#8221;2793&#8243; parallax_speed_bg=&#8221;1&#8243; css=&#8221;.vc_custom_1457536994236{margin-bottom: 0px !important;}&#8221; el_class=&#8221;quick-quote quick-quote&#8211;dark&#8221;][vc_column width=&#8221;1\/2&#8243; offset=&#8221;vc_hidden-sm vc_hidden-xs&#8221;][vc_column_text]<br \/>\n[\/vc_column_text][\/vc_column][vc_column offset=&#8221;vc_col-lg-6 vc_col-md-6&#8243;][vc_empty_space height=&#8221;40&#8243;][vc_custom_heading text=&#8221;Testimonianze&#8221; font_container=&#8221;tag:h2|font_size:32|text_align:left|color:%23ffffff|line_height:1.2&#8243; use_theme_fonts=&#8221;yes&#8221; el_class=&#8221;heading-title dpbl&#8221; css=&#8221;.vc_custom_1594033092573{margin-bottom: 40px !important;}&#8221;][thememove_testimonials enable_carousel=&#8221;yes&#8221; display_bullets=&#8221;yes&#8221; enable_autoplay=&#8221;yes&#8221; number=&#8221;3&#8243; display_author=&#8221;yes&#8221;][vc_empty_space height=&#8221;40&#8243;][\/vc_column][\/vc_row][vc_row el_class=&#8221;heading-title-with-subtitle center specialp&#8221; css=&#8221;.vc_custom_1594028930429{margin-top: 60px !important;margin-bottom: 60px !important;}&#8221;][vc_column][vc_custom_heading text=&#8221;Lo staff di Mara&#8221; font_container=&#8221;tag:h2|font_size:36|text_align:center|color:%231d2634&#8243; use_theme_fonts=&#8221;yes&#8221; el_class=&#8221;heading-title&#8221; css=&#8221;.vc_custom_1459265962965{margin-bottom: 10px !important;}&#8221;][vc_column_text][\/vc_column_text][vc_images_carousel images=&#8221;3704,3700,3696,3692,3688,3680,3676,3668,3664,3656,3652&#8243; img_size=&#8221;1160&#215;600&#8243; slides_per_view=&#8221;4&#8243; autoplay=&#8221;yes&#8221; hide_pagination_control=&#8221;yes&#8221; wrap=&#8221;yes&#8221; el_class=&#8221;slider-about&#8221;][\/vc_column][\/vc_row][vc_row full_width=&#8221;stretch_row&#8221; content_placement=&#8221;middle&#8221; parallax=&#8221;content-moving&#8221; el_class=&#8221;be-a-piece-of-us middle&#8221; css=&#8221;.vc_custom_1462397015581{padding-top: 35px !important;padding-bottom: 38px !important;background-color: #333333 !important;}&#8221;][vc_column width=&#8221;1\/6&#8243; css=&#8221;.vc_custom_1462396630207{background-color: #333333 !important;}&#8221; el_class=&#8221;center middle&#8221;][thememove_icon type=&#8221;pe7stroke&#8221; icon_pe7stroke=&#8221;pe-7s-info&#8221; font_size=&#8221;30&#8243; font_color=&#8221;#16000b&#8221; el_class=&#8221;center&#8221;][\/vc_column][vc_column width=&#8221;7\/12&#8243; el_class=&#8221;center-xs start-sm wpb_column vc_column_container&#8221;][vc_custom_heading text=&#8221;Visita il nostro catalogo suddiviso per aree di applicazione&#8221; font_container=&#8221;tag:h2|text_align:left|color:%23ffffff&#8221; use_theme_fonts=&#8221;yes&#8221;][\/vc_column][vc_column width=&#8221;1\/4&#8243; el_class=&#8221;center middle&#8221;][thememove_button add_icon=&#8221;yes&#8221; icon_fontawesome=&#8221;fa fa-angle-double-right&#8221; text=&#8221;Scopri le macchine Mara&#8221; link=&#8221;url:%2Fit%2Fprodotti%2F|title:Visita%20il%20catalogo%20completo%20diviso%20per%20settore%20di%20applicazione|&#8221;][\/vc_column][\/vc_row][vc_row full_width=&#8221;stretch_row&#8221; content_placement=&#8221;middle&#8221; parallax=&#8221;content-moving&#8221; el_class=&#8221;be-a-piece-of-us grey middle&#8221; css=&#8221;.vc_custom_1462432780154{padding-top: 35px !important;padding-bottom: 38px !important;background-color: #eeeeee !important;}&#8221;][vc_column width=&#8221;1\/6&#8243; el_class=&#8221;center middle&#8221; css=&#8221;.vc_custom_1462398176646{background-color: #eeeeee !important;}&#8221;][thememove_icon type=&#8221;pe7stroke&#8221; icon_pe7stroke=&#8221;pe-7s-mail-open-file&#8221; font_size=&#8221;30&#8243; font_color=&#8221;#16000b&#8221; el_class=&#8221;center&#8221;][\/vc_column][vc_column width=&#8221;5\/12&#8243; el_class=&#8221;center-xs start-sm wpb_column vc_column_container&#8221;][vc_custom_heading text=&#8221;Desideri maggiori informazioni?&#8221; font_container=&#8221;tag:h2|text_align:left|color:%23333333&#8243; use_theme_fonts=&#8221;yes&#8221;][\/vc_column][vc_column width=&#8221;5\/12&#8243; el_class=&#8221;center middle&#8221;][thememove_button add_icon=&#8221;yes&#8221; icon_fontawesome=&#8221;fa fa-angle-double-right&#8221; text=&#8221;Contattaci utilizzando form, telefono, email&#8221; link=&#8221;url:%2Fit%2Fcontatti%2F|title:Contattaci%20ora|&#8221;][\/vc_column][\/vc_row]<\/p>\n<\/div>","protected":false},"excerpt":{"rendered":"<p>[vc_row full_width=&#8221;stretch_row_content&#8221; el_class=&#8221;parallax-about pott&#8221; css=&#8221;.vc_custom_1594029178069{margin-bottom: 70px !important;padding-top: 80px !important;padding-bottom: 80px !important;background-image: url(https:\/\/maralaser.wpdev.it\/\/wp-content\/uploads\/2016\/03\/parallax-chisiamo-2.jpg?id=3712) !important;}&#8221;][vc_column][\/vc_column][\/vc_row][vc_row el_class=&#8221;middle&#8221; css=&#8221;.vc_custom_1594027149260{margin-top: -50px !important;margin-bottom: 25px !important;}&#8221; el_id=&#8221;whoare&#8221;][vc_column width=&#8221;1\/3&#8243;][vc_single_image image=&#8221;3616&#8243; img_size=&#8221;310&#215;395&#8243; alignment=&#8221;center&#8221; onclick=&#8221;zoom&#8221;][\/vc_column][vc_column width=&#8221;2\/3&#8243;][vc_custom_heading text=&#8221;30 anni di esperienza nella produzione di livellatrici laser&#8221; font_container=&#8221;tag:h2|font_size:32|text_align:left|color:%23fcce38|line_height:1.2&#8243; use_theme_fonts=&#8221;yes&#8221;][vc_column_text css=&#8221;.vc_custom_1459264939746{margin-top: 25px !important;margin-bottom: 25px !important;}&#8221;] MARA progetta, produce e commercializza macchine per il livellamento del terreno a controllo [&hellip;]<\/p>\n","protected":false},"author":1,"featured_media":0,"parent":0,"menu_order":0,"comment_status":"closed","ping_status":"closed","template":"","meta":{"_acf_changed":false,"_monsterinsights_skip_tracking":false,"_monsterinsights_sitenote_active":false,"_monsterinsights_sitenote_note":"","_monsterinsights_sitenote_category":0,"footnotes":""},"class_list":["post-2849","page","type-page","status-publish","hentry"],"acf":[],"_links":{"self":[{"href":"https:\/\/maralaser.wpdev.it\/it\/wp-json\/wp\/v2\/pages\/2849","targetHints":{"allow":["GET"]}}],"collection":[{"href":"https:\/\/maralaser.wpdev.it\/it\/wp-json\/wp\/v2\/pages"}],"about":[{"href":"https:\/\/maralaser.wpdev.it\/it\/wp-json\/wp\/v2\/types\/page"}],"author":[{"embeddable":true,"href":"https:\/\/maralaser.wpdev.it\/it\/wp-json\/wp\/v2\/users\/1"}],"replies":[{"embeddable":true,"href":"https:\/\/maralaser.wpdev.it\/it\/wp-json\/wp\/v2\/comments?post=2849"}],"version-history":[{"count":0,"href":"https:\/\/maralaser.wpdev.it\/it\/wp-json\/wp\/v2\/pages\/2849\/revisions"}],"wp:attachment":[{"href":"https:\/\/maralaser.wpdev.it\/it\/wp-json\/wp\/v2\/media?parent=2849"}],"curies":[{"name":"wp","href":"https:\/\/api.w.org\/{rel}","templated":true}]}}