{"id":3150,"date":"2016-04-13T22:02:41","date_gmt":"2016-04-13T21:02:41","guid":{"rendered":"https:\/\/maralaser.wpdev.it\/\/it\/?page_id=3150"},"modified":"2025-11-25T11:24:15","modified_gmt":"2025-11-25T10:24:15","slug":"strade","status":"publish","type":"page","link":"https:\/\/maralaser.wpdev.it\/it\/strade\/","title":{"rendered":"Strade"},"content":{"rendered":"<div class=\"wpb-content-wrapper\"><p>[vc_row css=&#8221;.vc_custom_1439262636161{margin-bottom: 70px !important;}&#8221;][vc_column][vc_column_text]<\/p>\n<p style=\"font-size: 20px;\"><strong>COSTRUZIONE STRADALE: macchine semplici da utilizzare \u2192 meno costi e risultati migliori<\/strong><\/p>\n<blockquote>\n<ul style=\"font-size: 20px; text-align: justify;\">\n<li>Riduci il tuo investimento (-90%)<\/li>\n<li>Riduci i tempi di lavorazione (-20%)<\/li>\n<li>Non \u00e8 necessario ricorrere a manodopera specializzata<\/li>\n<li>Migliora il risultato finale complessivo da un errore di \u00b1 2,5 cm a un errore di \u00b1 0,2 cm<\/li>\n<li>Riduci l\u2019utilizzo di materiali preziosi (-20%)<\/li>\n<li>Ottieni un piano orizzontale con due pendenze precise al millimetro<\/li>\n<\/ul>\n<\/blockquote>\n<p style=\"font-size: 20px; text-align: justify;\">Il <strong>livellatore MARA<\/strong> \u00e8 in grado di sostituire facilmente la motolivellatrice, poich\u00e9 il costo della macchina \u00e8 10 volte inferiore e garantisce un risultato finale ottimale.<\/p>\n<p style=\"font-size: 20px; text-align: justify;\">Per la preparazione del piano stradale (pre-pavimentazione), i livellatori MARA sono semplici da utilizzare e completamente automatici. La costosa motolivellatrice e il suo operatore altamente specializzato non sono quindi pi\u00f9 necessari. Il numero di passaggi per ottenere il piano \u00e8 molto inferiore rispetto a una motolivellatrice, con un conseguente risparmio di tempo e denaro. L\u2019elevata precisione della finitura superficiale garantisce la corretta pendenza laterale per il naturale deflusso dell\u2019acqua piovana.<\/p>\n<p style=\"font-size: 20px; text-align: justify;\">L\u2019elettronica dei nostri livellatori garantisce un controllo preciso della lama con una deviazione massima di 4 mm. Grazie a questo, la superficie finale risulta estremamente precisa e priva di avvallamenti che altrimenti richiederebbero riempimenti con asfalto o calcestruzzo. Tutto ci\u00f2 rappresenta una fonte di risparmio significativa.<\/p>\n<p style=\"font-size: 20px; text-align: justify;\">Un esempio di facile comprensione riguarda un tratto stradale di 1 km con una larghezza di 20 m. Una stima prudenziale dell\u2019errore, nel caso in cui non venga utilizzato un livellatore, pu\u00f2 essere di circa \u00b1 2 cm di differenza di altezza. Con l\u2019utilizzo di un livellatore MARA, l\u2019errore massimo \u00e8 di 0,4 cm, consentendo un risparmio di 245 m\u00b3 di asfalto per l\u2019intero tratto di 1 km.<\/p>\n<p>[\/vc_column_text][\/vc_column][\/vc_row][vc_row][vc_column][vc_column_text]<\/p>\n<h2>Scopri i nostri livellatori laser<\/h2>\n<p>[\/vc_column_text][\/vc_column][\/vc_row][vc_row][vc_column][vc_column_text css=&#8221;&#8221;]      <div id=\"post-grid-lazy-6719\" class=\"post-grid-lazy\"><img decoding=\"async\" alt=\"\" src=\"\" \/><\/div>\n    <script>\n      jQuery('#post-grid-lazy-6719').ready(function($) {\n        $('#post-grid-lazy-6719').fadeOut();\n        $('#post-grid-6719   ').fadeIn();\n      })\n    <\/script>\n    <style type=\"text\/css\">\n      #post-grid-6719 {\n        display: none;\n      }\n\n      .post-grid-lazy {\n        text-align: center;\n      }\n    <\/style>\n    <div data-options='{&quot;id&quot;:&quot;6719&quot;,&quot;lazy_load&quot;:&quot;yes&quot;,&quot;masonry_enable&quot;:&quot;no&quot;,&quot;view_type&quot;:&quot;grid&quot;}' id=\"post-grid-6719\" class=\"post-grid grid\">\n        <div class=\"grid-items\">\n      <div class=\"item item-3413 skin flat even 0 \">\n        <div class=\"layer-wrapper layout-6274\">\n          <div\n        class=\"element element_1626253626077  element-media \">\n        <a target=\"_self\" href=\"https:\/\/maralaser.wpdev.it\/it\/prodotto\/grader\/\"><img loading=\"lazy\" decoding=\"async\" width=\"419\" height=\"400\" src=\"https:\/\/maralaser.wpdev.it\/wp-content\/uploads\/2015\/04\/mmg20-1-419x400.jpg\" class=\"attachment-medium size-medium wp-post-image\" alt=\"\" srcset=\"https:\/\/maralaser.wpdev.it\/wp-content\/uploads\/2015\/04\/mmg20-1-419x400.jpg 419w, https:\/\/maralaser.wpdev.it\/wp-content\/uploads\/2015\/04\/mmg20-1-600x573.jpg 600w, https:\/\/maralaser.wpdev.it\/wp-content\/uploads\/2015\/04\/mmg20-1-768x734.jpg 768w, https:\/\/maralaser.wpdev.it\/wp-content\/uploads\/2015\/04\/mmg20-1.jpg 900w\" sizes=\"auto, (max-width: 419px) 100vw, 419px\" \/><\/a>    <\/div>\n    <div class=\"element element_1626253616658  title_link \">\n                    <a target=\"_parent\"\n                href=\"https:\/\/maralaser.wpdev.it\/it\/prodotto\/grader\/\">Grader<\/a>\n            <\/div>\n    <\/div>\n  <\/div><div class=\"item item-3410 skin flat odd 1 \">\n        <div class=\"layer-wrapper layout-6274\">\n          <div\n        class=\"element element_1626253626077  element-media \">\n        <a target=\"_self\" href=\"https:\/\/maralaser.wpdev.it\/it\/prodotto\/livellatrice-laser-mi-25\/\"><img loading=\"lazy\" decoding=\"async\" width=\"419\" height=\"400\" src=\"https:\/\/maralaser.wpdev.it\/wp-content\/uploads\/2015\/04\/25mi-1-419x400.jpg\" class=\"attachment-medium size-medium wp-post-image\" alt=\"\" srcset=\"https:\/\/maralaser.wpdev.it\/wp-content\/uploads\/2015\/04\/25mi-1-419x400.jpg 419w, https:\/\/maralaser.wpdev.it\/wp-content\/uploads\/2015\/04\/25mi-1-600x573.jpg 600w, https:\/\/maralaser.wpdev.it\/wp-content\/uploads\/2015\/04\/25mi-1-768x734.jpg 768w, https:\/\/maralaser.wpdev.it\/wp-content\/uploads\/2015\/04\/25mi-1.jpg 900w\" sizes=\"auto, (max-width: 419px) 100vw, 419px\" \/><\/a>    <\/div>\n    <div class=\"element element_1626253616658  title_link \">\n                    <a target=\"_parent\"\n                href=\"https:\/\/maralaser.wpdev.it\/it\/prodotto\/livellatrice-laser-mi-25\/\">Livellatrice laser MI &#8211; 25<\/a>\n            <\/div>\n    <\/div>\n  <\/div>    <\/div>\n    <div class=\"pagination\">\n      <div class=\"paginate\">\n      <\/div>\n  <style type=\"text\/css\">\n    #post-grid-6719 .pagination .page-numbers {\n      font-size: 16px;\n      color: #fff;\n      background: #646464;\n    }\n\n    #post-grid-6719 .pagination .page-numbers:hover,\n    #post-grid-6719 .pagination .page-numbers.current {\n      background: #4b4b4b;\n    }\n  <\/style>\n  <\/div>\n    <style type=\"text\/css\">\n        .layout-6274 .element_1626253626077 {\n            overflow: hidden;\n                    }\n\n        .layout-6274 .element_1626253626077 img {\n            max-width: 100%;\n            height: auto;\n        }\n\n        @media only screen and (min-width: 1024px) {\n            .layout-6274 .element_1626253626077 {\n                height: auto;\n                            }\n        }\n\n        @media only screen and (min-width: 768px) and (max-width: 1023px) {\n            .layout-6274 .element_1626253626077 {\n                height: auto;\n                            }\n        }\n\n        @media only screen and (min-width: 0px) and (max-width: 767px) {\n            .layout-6274 .element_1626253626077 {\n                height: auto;\n                            }\n        }\n    <\/style>\n    <style type=\"text\/css\">\n        .layout-6274 .element_1626253616658 {\n            text-align: center;\n                    }\n\n        .layout-6274 .element_1626253616658 a {\n                    }\n    <\/style>\n      <script>\n          <\/script>\n    <style type=\"text\/css\">\n    #post-grid-6719 {\n      padding: 10px;\n          }\n\n    #post-grid-6719 .item {\n      padding: 0px;\n      background: #fff;\n          }\n\n    #post-grid-6719 .item .layer-media {\n      height:auto;    }\n\n    @media only screen and (min-width: 0px) and (max-width: 767px) {\n      #post-grid-6719 .grid-items {\n        display: grid;\n        grid-template-columns: 1fr ;\n        column-gap: 10px;\n        row-gap: 10px;\n              }\n\n      #post-grid-6719 .item {\n        height:auto;      }\n    }\n\n    @media only screen and (min-width: 768px) and (max-width: 1023px) {\n      #post-grid-6719 .grid-items {\n        display: grid;\n        grid-template-columns: 1fr 1fr ;\n        column-gap: 10px;\n        row-gap: 10px;\n              }\n\n      #post-grid-6719 .item {\n        max-height:auto;      }\n    }\n\n    @media only screen and (min-width: 1024px) {\n      #post-grid-6719 .grid-items {\n        display: grid;\n        grid-template-columns: 1fr 1fr 1fr ;\n        column-gap: 10px;\n        row-gap: 10px;\n              }\n\n      #post-grid-6719 .item {\n        height:auto;      }\n    }\n\n      <\/style>\n  <\/div>\n[\/vc_column_text][\/vc_column][\/vc_row]<\/p>\n<\/div>","protected":false},"excerpt":{"rendered":"<p>[vc_row css=&#8221;.vc_custom_1439262636161{margin-bottom: 70px !important;}&#8221;][vc_column][vc_column_text] COSTRUZIONE STRADALE: macchine semplici da utilizzare \u2192 meno costi e risultati migliori Riduci il tuo investimento (-90%) Riduci i tempi di lavorazione (-20%) Non \u00e8 necessario ricorrere a manodopera specializzata Migliora il risultato finale complessivo da un errore di \u00b1 2,5 cm a un errore di \u00b1 0,2 cm Riduci l\u2019utilizzo [&hellip;]<\/p>\n","protected":false},"author":1,"featured_media":0,"parent":0,"menu_order":0,"comment_status":"closed","ping_status":"closed","template":"","meta":{"_acf_changed":false,"_monsterinsights_skip_tracking":false,"_monsterinsights_sitenote_active":false,"_monsterinsights_sitenote_note":"","_monsterinsights_sitenote_category":0,"footnotes":""},"class_list":["post-3150","page","type-page","status-publish","hentry"],"acf":[],"_links":{"self":[{"href":"https:\/\/maralaser.wpdev.it\/it\/wp-json\/wp\/v2\/pages\/3150","targetHints":{"allow":["GET"]}}],"collection":[{"href":"https:\/\/maralaser.wpdev.it\/it\/wp-json\/wp\/v2\/pages"}],"about":[{"href":"https:\/\/maralaser.wpdev.it\/it\/wp-json\/wp\/v2\/types\/page"}],"author":[{"embeddable":true,"href":"https:\/\/maralaser.wpdev.it\/it\/wp-json\/wp\/v2\/users\/1"}],"replies":[{"embeddable":true,"href":"https:\/\/maralaser.wpdev.it\/it\/wp-json\/wp\/v2\/comments?post=3150"}],"version-history":[{"count":0,"href":"https:\/\/maralaser.wpdev.it\/it\/wp-json\/wp\/v2\/pages\/3150\/revisions"}],"wp:attachment":[{"href":"https:\/\/maralaser.wpdev.it\/it\/wp-json\/wp\/v2\/media?parent=3150"}],"curies":[{"name":"wp","href":"https:\/\/api.w.org\/{rel}","templated":true}]}}