{"id":4523,"date":"2016-07-25T15:48:00","date_gmt":"2016-07-25T14:48:00","guid":{"rendered":"https:\/\/maralaser.wpdev.it\/it\/?page_id=4523"},"modified":"2022-10-28T10:50:41","modified_gmt":"2022-10-28T09:50:41","slug":"tecnologia-gps","status":"publish","type":"page","link":"https:\/\/maralaser.wpdev.it\/it\/tecnologia-gps\/","title":{"rendered":"Tecnologia GPS"},"content":{"rendered":"<div class=\"wpb-content-wrapper\"><p>[vc_row full_width=&#8221;stretch_row&#8221; css=&#8221;.vc_custom_1466520872677{background-color: #ffffff !important;}&#8221; el_class=&#8221;row-image-top &#8220;][vc_column width=&#8221;1\/4&#8243; el_class=&#8221;image-top&#8221;][vc_single_image image=&#8221;5256&#8243; img_size=&#8221;large&#8221; onclick=&#8221;link_image&#8221; css=&#8221;.vc_custom_1594032209567{margin-top: 35px !important;margin-bottom: 0px !important;padding-top: 0px !important;padding-bottom: 0px !important;}&#8221;][\/vc_column][vc_column width=&#8221;3\/4&#8243;][vc_column_text css=&#8221;.vc_custom_1469457779611{padding-top: 40px !important;}&#8221;]<\/p>\n<h2 style=\"font-size: 35px;\">Sistema GPS: \u00b1 10 mm di precisione<\/h2>\n<p>[\/vc_column_text][vc_column_text css=&#8221;.vc_custom_1469693607662{margin-bottom: 30px !important;padding-bottom: 20px !important;}&#8221;]<\/p>\n<p style=\"font-size: 20px; color: #777777; text-align: justify;\">Il <strong>sistema GPS (Global Position System)<\/strong> \u00e8 nato nel 1973 negli USA e nel 2000 il suo utilizzo \u00e8 stato liberalizzato per gli usi civili dal governo americano. Per fare ci\u00f2 \u00e8 stata collocata nello spazio una rete di <strong>31 satelliti artificiali<\/strong>, che girano intorno alla terra ad altezze diverse, i quali trasmettono la loro posizione a tutti i ricevitori GPS. Il <strong>ricevitore GPS<\/strong> capta i segnali dei satelliti che danno la posizione orizzontale del ricevitore sulla terra (longitudine e latitudine).<\/p>\n<p>[\/vc_column_text][\/vc_column][\/vc_row][vc_row full_width=&#8221;stretch_row&#8221; css=&#8221;.vc_custom_1468838416773{margin-bottom: 0px !important;padding-top: 60px !important;padding-bottom: 30px !important;background-image: url(https:\/\/maralaser.wpdev.it\/wp-content\/uploads\/2016\/05\/back_img.jpg?id=3956) !important;}&#8221; el_class=&#8221;center&#8221;][vc_column][vc_column_text]<\/p>\n<p style=\"text-align: justify; font-size: 20px;\"><span style=\"color: #ffffff;\">Negli ultimi anni si \u00e8 ottenuto, attraverso software dedicati, una <strong>precisione<\/strong> elevata intorno a <strong>\u00b1 10 mm<\/strong>, anche nell\u2019elevazione (nell\u2019indicazione della posizione verticale), grazie al <strong>sistema RTK (Real Time Kinematic)<\/strong>, che d\u00e0 il posizionamento in tempo reale e alla frequenza elevata dei segnali trasmessi (circa 10 hertz).<\/span><\/p>\n<p>[\/vc_column_text][\/vc_column][\/vc_row][vc_row full_width=&#8221;stretch_row&#8221; css=&#8221;.vc_custom_1463998420773{background-color: #111111 !important;}&#8221; el_class=&#8221;no-space-bottom&#8221;][vc_column css=&#8221;.vc_custom_1463749445402{margin-top: 75px !important;margin-bottom: 75px !important;}&#8221;][vc_custom_heading text=&#8221;Scopri il funzionamento e i componenti del sistema GPS&#8221; font_container=&#8221;tag:h2|font_size:35px|text_align:center|color:%23ffffff&#8221; google_fonts=&#8221;font_family:Montserrat%3Aregular%2C700|font_style:400%20regular%3A400%3Anormal&#8221;][\/vc_column][\/vc_row][vc_row css=&#8221;.vc_custom_1469459792204{margin-top: 60px !important;margin-bottom: 60px !important;background-color: #ffffff !important;}&#8221;][vc_column][vc_tta_tabs][vc_tta_section title=&#8221;FUNZIONAMENTO DEL SISTEMA GPS MARA&#8221; tab_id=&#8221;1469459202854-1fd4ad93-b4ea&#8221;][vc_column_text]<\/p>\n<p style=\"text-align: justify;\"><span style=\"color: #333333;\">Le macchine MARA funzionano anche con i sistemi GPS e sono compatibili con tutti i sistemi GPS in commercio.\u00a0Il funzionamento delle livellatrici MARA GPS \u00e8 uguale a quello con i sistemi laser, ad eccezione del fatto che l\u2019altezza di riferimento viene fornita direttamente dal GPS.\u00a0Il sistema GPS pu\u00f2 essere utilizzato per creare un piano orizzontale, con 1 o 2 pendenze, con pendenze variabili o con pendenze programmate attraverso un software.\u00a0Le livellatrici MARA, controllate dal sistema GPS, ricevono i segnali che definiscono il piano dai satelliti e lo copiano a terra.\u00a0La diversa precisione che si ottiene con questa tecnologia rispetto al laser \u00e8 dovuta alla minor precisione intrinseca dei sistemi GPS, soggetta anche a variazioni periodiche legate al cambio di costellazione dei satelliti ogni 12,5 minuti.\u00a0Il sistema GPS offre, per contro, una grande flessibilit\u00e0 di impiego, in particolar modo su terreni di grandi dimensioni e con pendenze diverse, ed \u00e8 utilizzato anche in altri tipi di lavorazione sia in campo agricolo, sia per costruzioni civili e per grandi movimenti di terra.<\/span><\/p>\n<p>[\/vc_column_text][\/vc_tta_section][vc_tta_section title=&#8221;COMPONENTI DEL SISTEMA&#8221; tab_id=&#8221;1469459203108-7059c326-b582&#8243;][vc_column_text]<\/p>\n<p style=\"text-align: justify;\"><span style=\"color: #333333;\">Il sistema GPS \u00e8 dotato di un ricevitore (base mobile) posto sulla livellatrice che corre sul campo e di un ricevitore fisso (base statica) di riferimento in differenziale, ovvero che definisce la differenza di spostamento tra la stazione mobile e quella fissa.\u00a0Nella cabina, a fianco dell\u2019operatore, \u00e8 posizionato uno schermo (pc embedded \u2013 pc industriale) che elabora i dati trasmessi dal ricevitore mobile (via cavo) e dal ricevitore fisso (via radio) e manda un comando elettroidraulico che controlla l\u2019altezza della lama, consentendole di eseguire il piano sul terreno.\u00a0Questo permette di avere precisioni di posizionamento orizzontali e verticali intorno al centimetro, alla distanza massima di 5 km tra i due ricevitori.\u00a0Pi\u00f9 la distanza tra i due ricevitori aumenti, oltre i 5 km, minore sar\u00e0 la precisione.<\/span><\/p>\n<p>[\/vc_column_text][\/vc_tta_section][\/vc_tta_tabs][\/vc_column][\/vc_row]<\/p>\n<\/div>","protected":false},"excerpt":{"rendered":"<p>[vc_row full_width=&#8221;stretch_row&#8221; css=&#8221;.vc_custom_1466520872677{background-color: #ffffff !important;}&#8221; el_class=&#8221;row-image-top &#8220;][vc_column width=&#8221;1\/4&#8243; el_class=&#8221;image-top&#8221;][vc_single_image image=&#8221;5256&#8243; img_size=&#8221;large&#8221; onclick=&#8221;link_image&#8221; css=&#8221;.vc_custom_1594032209567{margin-top: 35px !important;margin-bottom: 0px !important;padding-top: 0px !important;padding-bottom: 0px !important;}&#8221;][\/vc_column][vc_column width=&#8221;3\/4&#8243;][vc_column_text css=&#8221;.vc_custom_1469457779611{padding-top: 40px !important;}&#8221;] Sistema GPS: \u00b1 10 mm di precisione [\/vc_column_text][vc_column_text css=&#8221;.vc_custom_1469693607662{margin-bottom: 30px !important;padding-bottom: 20px !important;}&#8221;] Il sistema GPS (Global Position System) \u00e8 nato nel 1973 negli USA e nel 2000 il suo [&hellip;]<\/p>\n","protected":false},"author":1,"featured_media":0,"parent":0,"menu_order":0,"comment_status":"open","ping_status":"closed","template":"","meta":{"_acf_changed":false,"_monsterinsights_skip_tracking":false,"_monsterinsights_sitenote_active":false,"_monsterinsights_sitenote_note":"","_monsterinsights_sitenote_category":0,"footnotes":""},"class_list":["post-4523","page","type-page","status-publish","hentry"],"acf":[],"_links":{"self":[{"href":"https:\/\/maralaser.wpdev.it\/it\/wp-json\/wp\/v2\/pages\/4523","targetHints":{"allow":["GET"]}}],"collection":[{"href":"https:\/\/maralaser.wpdev.it\/it\/wp-json\/wp\/v2\/pages"}],"about":[{"href":"https:\/\/maralaser.wpdev.it\/it\/wp-json\/wp\/v2\/types\/page"}],"author":[{"embeddable":true,"href":"https:\/\/maralaser.wpdev.it\/it\/wp-json\/wp\/v2\/users\/1"}],"replies":[{"embeddable":true,"href":"https:\/\/maralaser.wpdev.it\/it\/wp-json\/wp\/v2\/comments?post=4523"}],"version-history":[{"count":0,"href":"https:\/\/maralaser.wpdev.it\/it\/wp-json\/wp\/v2\/pages\/4523\/revisions"}],"wp:attachment":[{"href":"https:\/\/maralaser.wpdev.it\/it\/wp-json\/wp\/v2\/media?parent=4523"}],"curies":[{"name":"wp","href":"https:\/\/api.w.org\/{rel}","templated":true}]}}