{"id":4538,"date":"2016-07-25T17:21:04","date_gmt":"2016-07-25T16:21:04","guid":{"rendered":"https:\/\/maralaser.wpdev.it\/it\/?page_id=4538"},"modified":"2022-10-28T10:41:46","modified_gmt":"2022-10-28T09:41:46","slug":"sistema-mara-laser-gps","status":"publish","type":"page","link":"https:\/\/maralaser.wpdev.it\/it\/sistema-mara-laser-gps\/","title":{"rendered":"Sistema MARA laser + GPS"},"content":{"rendered":"<div class=\"wpb-content-wrapper\"><p>[vc_row full_width=&#8221;stretch_row&#8221; css=&#8221;.vc_custom_1466520872677{background-color: #ffffff !important;}&#8221; el_class=&#8221;row-image-top &#8220;][vc_column width=&#8221;1\/4&#8243; el_class=&#8221;image-top&#8221;][vc_single_image image=&#8221;5258&#8243; img_size=&#8221;large&#8221; onclick=&#8221;link_image&#8221; css=&#8221;.vc_custom_1594032333337{margin-top: 40px !important;margin-bottom: 0px !important;padding-top: 0px !important;padding-bottom: 0px !important;}&#8221;][\/vc_column][vc_column width=&#8221;3\/4&#8243;][vc_column_text css=&#8221;.vc_custom_1469462458289{padding-top: 40px !important;}&#8221;]<\/p>\n<h2 style=\"font-size: 35px;\">Sistema integrato MARA laser + GPS<\/h2>\n<p>[\/vc_column_text][vc_column_text css=&#8221;.vc_custom_1469702559847{margin-bottom: 30px !important;padding-bottom: 20px !important;}&#8221;]<\/p>\n<p style=\"font-size: 20px; color: #777777; text-align: justify;\">Il funzionamento del <strong>sistema integrato MARA<\/strong> \u00e8 semplice, preciso ed efficace in quanto prevede l\u2019utilizzo sia del <strong>controllo laser<\/strong> sia del <strong>posizionamento tramite GPS<\/strong>. La differenza pi\u00f9 eclatante tra il sistema di livellamento con il controllo laser e il sistema con il controllo GPS \u00e8 la precisione: il sistema laser permette di creare un piano pi\u00f9 preciso (\u00b12 mm di errore) mentre il sistema GPS d\u00e0 un errore di circa \u00b110 mm che cambia ogni 12 minuti quando si attiva la nuova costellazione di satelliti che danno il segnale del piano di riferimento. Per questi motivi MARA ha pensato di utilizzare il sistema laser per realizzare il piano, pur con il limite di controllo di un cerchio di circa 1300 m. Si utilizza poi il sistema GPS per definire la posizione della livellatrice sul terreno. Il sistema quindi \u00e8 integrato dal laser, che controlla l\u2019altezza della livellatrice, e dal GPS che ne controlla la posizione.<\/p>\n<p>[\/vc_column_text][\/vc_column][\/vc_row][vc_row full_width=&#8221;stretch_row&#8221; css=&#8221;.vc_custom_1463998420773{background-color: #111111 !important;}&#8221; el_class=&#8221;no-space-bottom&#8221;][vc_column css=&#8221;.vc_custom_1463749445402{margin-top: 75px !important;margin-bottom: 75px !important;}&#8221;][vc_column_text]<\/p>\n<p style=\"text-align: justify; font-size: 20px;\"><span style=\"color: #ffffff;\">Per aiutare l\u2019operatore ad eseguire il lavoro MARA ha pensato di rendere il sistema completamente automatico. Le varie fasi di lavoro sono le seguenti:<\/span><\/p>\n<p>[\/vc_column_text][vc_row_inner][vc_column_inner width=&#8221;1\/6&#8243;][vc_icon icon_fontawesome=&#8221;fa fa-check&#8221; color=&#8221;orange&#8221; align=&#8221;right&#8221;][vc_icon icon_fontawesome=&#8221;fa fa-check&#8221; color=&#8221;orange&#8221; align=&#8221;right&#8221;][vc_icon icon_fontawesome=&#8221;fa fa-check&#8221; color=&#8221;orange&#8221; align=&#8221;right&#8221;][vc_icon icon_fontawesome=&#8221;fa fa-check&#8221; color=&#8221;orange&#8221; align=&#8221;right&#8221; css=&#8221;.vc_custom_1469611055708{padding-top: 8px !important;}&#8221;][\/vc_column_inner][vc_column_inner width=&#8221;5\/6&#8243;][vc_column_text css=&#8221;.vc_custom_1469610918236{padding-top: 12px !important;padding-bottom: 25px !important;}&#8221;]<\/p>\n<p style=\"text-align: justify; font-size: 20px;\"><span style=\"color: #ffffff;\">L\u2019operatore introduce nel sistema il tipo di trattore e la dimensione della livellatrice con cui operer\u00e0;<\/span><\/p>\n<p>[\/vc_column_text][vc_column_text]<\/p>\n<p style=\"text-align: justify; font-size: 20px;\"><span style=\"color: #ffffff;\">Dopo essere entrato nel campo e aver acceso il sistema (attraverso uno schermo di 10\u201d pollici con i comandi in touch screen posto al suo fianco nella cabina), percorrer\u00e0 un lato del campo che desidera livellare;<\/span><\/p>\n<p>[\/vc_column_text][vc_column_text]<\/p>\n<p style=\"text-align: justify; font-size: 20px;\"><span style=\"color: #ffffff;\">Sullo schermo compariranno le tracce del percorso da seguire e il sistema corregger\u00e0 con delle frecce la direzione del trattore (come nel sistema di guida parallela assistita);<\/span><\/p>\n<p>[\/vc_column_text][vc_column_text]<\/p>\n<p style=\"text-align: justify; font-size: 20px;\"><span style=\"color: #ffffff;\">Il sistema, in automatico, legger\u00e0 le quote del terreno e, al termine del campo, disegner\u00e0 la mappa in 3D del campo con l\u2019indicazione:<\/span><\/p>\n<p>[\/vc_column_text][\/vc_column_inner][\/vc_row_inner][vc_row_inner][vc_column_inner width=&#8221;1\/6&#8243;][\/vc_column_inner][vc_column_inner width=&#8221;5\/6&#8243;][vc_column_text]<\/p>\n<ul style=\"color: #ffffff; font-size: 18px;\">\n<li>Dell\u2019area su cui lavorare;<\/li>\n<li>Delle pendenze nord-sud ed est-ovest (asse X e asse Y);<\/li>\n<li>Della distanza massima tra le aree di sterro e quelle di riporto;<\/li>\n<li>Del volume di terra che sar\u00e0 necessario muovere;<\/li>\n<li>Del tempo necessario per eseguire il lavoro;<\/li>\n<li>Del costo dell\u2019esecuzione del lavoro in funzione del trattore e della livellatrice con cui si lavorer\u00e0 e che l\u2019operatore aveva introdotto nel sistema prima di cominciare.<\/li>\n<\/ul>\n<p>[\/vc_column_text][\/vc_column_inner][\/vc_row_inner][vc_row_inner][vc_column_inner][vc_column_text]<\/p>\n<p style=\"text-align: justify; font-size: 20px;\"><span style=\"color: #ffffff;\">A questo punto sar\u00e0 possibile cambiare le pendenze e il sistema calcoler\u00e0 i nuovi risultati. Quando l\u2019operatore accetter\u00e0 i risultati, sullo schermo comparir\u00e0 il campo in 3D con indicate:<\/span><\/p>\n<p>[\/vc_column_text][\/vc_column_inner][\/vc_row_inner][vc_row_inner][vc_column_inner width=&#8221;1\/6&#8243;][\/vc_column_inner][vc_column_inner width=&#8221;5\/6&#8243;][vc_column_text]<\/p>\n<ul style=\"color: #ffffff; font-size: 18px;\">\n<li>Le aree da tagliare in rosso;<\/li>\n<li>Le aree da riportare in verde;<\/li>\n<li>Il punto del campo pi\u00f9 alto da cui cominciare il lavoro in giallo;<\/li>\n<li>La posizione del trattore e della livellatrice in blu;<\/li>\n<li>Alcune frecce indicheranno il percorso che deve seguire l\u2019operatore per ottimizzare il lavoro (minor quantit\u00e0 di terra da spostare alla minor distanza)<\/li>\n<\/ul>\n<p>[\/vc_column_text][\/vc_column_inner][\/vc_row_inner][vc_row_inner][vc_column_inner][vc_column_text]<\/p>\n<p style=\"text-align: justify; font-size: 20px;\"><span style=\"color: #ffffff;\">In automatico il sistema alzer\u00e0 il ricevitore fino ad incontrare il raggio laser per dare la profondit\u00e0 di taglio in relazione alla potenza del trattore disponibile ed alla dimensione, in larghezza, della lama della livellatrice utilizzata.\u00a0Ad ogni passaggio, il sistema attualizzer\u00e0 il piano ed informer\u00e0 l\u2019operatore sulla zona in cui dirigere il trattore per ottimizzare il livellamento.\u00a0Quando non ci saranno pi\u00f9 variazioni di piano, il sistema dir\u00e0 all\u2019operatore che il lavoro \u00e8 terminato.<\/span><\/p>\n<p>[\/vc_column_text][\/vc_column_inner][\/vc_row_inner][\/vc_column][\/vc_row][vc_row full_width=&#8221;stretch_row&#8221; css=&#8221;.vc_custom_1469629711102{margin-bottom: 0px !important;padding-top: 60px !important;padding-bottom: 60px !important;background-color: #282828 !important;}&#8221;][vc_column width=&#8221;2\/3&#8243;][vc_row_inner][vc_column_inner width=&#8221;3\/4&#8243;][vc_column_text]<\/p>\n<p style=\"text-align: justify; font-size: 20px; color: #333333;\"><span style=\"color: #ffffff;\">I tempi di lavorazione e la resa per ettaro dipenderanno dalla situazione del terreno prima del lavoro:<\/span><\/p>\n<p>[\/vc_column_text][vc_column_text css=&#8221;.vc_custom_1469629672479{padding-left: 50px !important;}&#8221;]<\/p>\n<ul style=\"font-size: 20px; color: #ffffff;\">\n<li>Dal volume di terreno da spostare;<\/li>\n<li>Dalla distanza tra le aree da sterrare a quelle da riempire;<\/li>\n<li>Dalla consistenza del terreno (argilloso, sabbioso o di medio impasto);<\/li>\n<li>Dall\u2019umidit\u00e0 del terreno.<\/li>\n<\/ul>\n<p>[\/vc_column_text][vc_column_text]<\/p>\n<p style=\"text-align: justify; font-size: 20px; color: #ffffff;\">Questi parametri definiscono il tempo di esecuzione di un livellamento.<\/p>\n<p>[\/vc_column_text][\/vc_column_inner][vc_column_inner width=&#8221;1\/4&#8243;][\/vc_column_inner][\/vc_row_inner][\/vc_column][vc_column width=&#8221;1\/3&#8243;][vc_column_text css=&#8221;.vc_custom_1469702712737{padding-top: 50px !important;padding-right: 50px !important;padding-bottom: 50px !important;padding-left: 50px !important;background-color: #fcce38 !important;border-radius: 10px !important;}&#8221;]<\/p>\n<p style=\"text-align: center; font-size: 20px; color: #333333;\"><strong>Il sistema non richiede che l\u2019operatore compia alcun intervento e abbia un\u2019esperienza approfondita; di conseguenza, anche un operatore inesperto sar\u00e0 in grado di eseguire il lavoro in modo perfetto e nel tempo prestabilito.<\/strong><\/p>\n<p>[\/vc_column_text][\/vc_column][\/vc_row][vc_row full_width=&#8221;stretch_row&#8221; css=&#8221;.vc_custom_1469629578494{margin-top: 0px !important;margin-bottom: 0px !important;padding-top: 50px !important;padding-bottom: 50px !important;background-color: #ffffff !important;}&#8221;][vc_column][vc_column_text]<\/p>\n<h2 style=\"text-align: center;\"><span style=\"color: #333333;\">Scopri i nostri esempi sul livellamento del terreno da parte delle macchine MARA<\/span><\/h2>\n<p>[\/vc_column_text][vc_tta_tabs][vc_tta_section title=&#8221;ESEMPIO N\u00b01&#8243; tab_id=&#8221;1469623406441-f73c7ef0-d2d8&#8243;][vc_column_text]<\/p>\n<p style=\"color: #333333;\">Un esempio esplicativo per eseguire un piano, dopo il calcolo fatto dal sistema integrato MARA, su un terreno di 1 ettaro con:<\/p>\n<ul style=\"padding-left: 50px; color: #333333;\">\n<li>Una differenza di 20 cm di dislivello tra il punto pi\u00f9 alto e quello pi\u00f9 basso;<\/li>\n<li>La distanza massima di 80 m tra le aree da sterrare rispetto a quelle da riempire;<\/li>\n<li>Su un terreno di medio impasto;<\/li>\n<li>Con un\u2019umidit\u00e0 relativa di circa 45%;<\/li>\n<li>Utilizzando una livellatrice da 4 m di larghezza;<\/li>\n<li>Con un trattore di 120 HP di potenza.<\/li>\n<\/ul>\n<p>&nbsp;<\/p>\n<p style=\"color: #333333;\">Il tempo di lavoro sar\u00e0 di circa 6 ore.<\/p>\n<p>[\/vc_column_text][\/vc_tta_section][vc_tta_section title=&#8221;ESEMPIO N\u00b02&#8243; tab_id=&#8221;1469623406829-05d19a50-e84d&#8221;][vc_column_text]<\/p>\n<p style=\"color: #333333;\">Un altro esempio di un piano fatto su un terreno di 1 ettaro gi\u00e0 livellato in precedenza, ma da correggere, con:<\/p>\n<ul style=\"padding-left: 50px; color: #333333;\">\n<li>Un dislivello di circa 2-3 cm;<\/li>\n<li>Le stesse condizioni dell\u2019esempio precedente;<\/li>\n<li>La stessa livellatrice;<\/li>\n<li>Lo stesso trattore.<\/li>\n<\/ul>\n<p>&nbsp;<\/p>\n<p style=\"color: #333333;\">Il tempo di lavoro sar\u00e0 di circa 1,5 ore.<\/p>\n<p>[\/vc_column_text][\/vc_tta_section][\/vc_tta_tabs][\/vc_column][\/vc_row]<\/p>\n<\/div>","protected":false},"excerpt":{"rendered":"<p>[vc_row full_width=&#8221;stretch_row&#8221; css=&#8221;.vc_custom_1466520872677{background-color: #ffffff !important;}&#8221; el_class=&#8221;row-image-top &#8220;][vc_column width=&#8221;1\/4&#8243; el_class=&#8221;image-top&#8221;][vc_single_image image=&#8221;5258&#8243; img_size=&#8221;large&#8221; onclick=&#8221;link_image&#8221; css=&#8221;.vc_custom_1594032333337{margin-top: 40px !important;margin-bottom: 0px !important;padding-top: 0px !important;padding-bottom: 0px !important;}&#8221;][\/vc_column][vc_column width=&#8221;3\/4&#8243;][vc_column_text css=&#8221;.vc_custom_1469462458289{padding-top: 40px !important;}&#8221;] Sistema integrato MARA laser + GPS [\/vc_column_text][vc_column_text css=&#8221;.vc_custom_1469702559847{margin-bottom: 30px !important;padding-bottom: 20px !important;}&#8221;] Il funzionamento del sistema integrato MARA \u00e8 semplice, preciso ed efficace in quanto prevede l\u2019utilizzo sia del controllo [&hellip;]<\/p>\n","protected":false},"author":1,"featured_media":0,"parent":0,"menu_order":0,"comment_status":"open","ping_status":"closed","template":"","meta":{"_acf_changed":false,"_monsterinsights_skip_tracking":false,"_monsterinsights_sitenote_active":false,"_monsterinsights_sitenote_note":"","_monsterinsights_sitenote_category":0,"footnotes":""},"class_list":["post-4538","page","type-page","status-publish","hentry"],"acf":[],"_links":{"self":[{"href":"https:\/\/maralaser.wpdev.it\/it\/wp-json\/wp\/v2\/pages\/4538","targetHints":{"allow":["GET"]}}],"collection":[{"href":"https:\/\/maralaser.wpdev.it\/it\/wp-json\/wp\/v2\/pages"}],"about":[{"href":"https:\/\/maralaser.wpdev.it\/it\/wp-json\/wp\/v2\/types\/page"}],"author":[{"embeddable":true,"href":"https:\/\/maralaser.wpdev.it\/it\/wp-json\/wp\/v2\/users\/1"}],"replies":[{"embeddable":true,"href":"https:\/\/maralaser.wpdev.it\/it\/wp-json\/wp\/v2\/comments?post=4538"}],"version-history":[{"count":0,"href":"https:\/\/maralaser.wpdev.it\/it\/wp-json\/wp\/v2\/pages\/4538\/revisions"}],"wp:attachment":[{"href":"https:\/\/maralaser.wpdev.it\/it\/wp-json\/wp\/v2\/media?parent=4538"}],"curies":[{"name":"wp","href":"https:\/\/api.w.org\/{rel}","templated":true}]}}