{"id":2853,"date":"2016-04-06T11:01:58","date_gmt":"2016-04-06T10:01:58","guid":{"rendered":"https:\/\/maralaser.wpdev.it\/\/pt-br\/?page_id=2853"},"modified":"2020-07-06T11:58:37","modified_gmt":"2020-07-06T10:58:37","slug":"quem-somos","status":"publish","type":"page","link":"https:\/\/maralaser.wpdev.it\/pt-br\/quem-somos\/","title":{"rendered":"Quem somos"},"content":{"rendered":"<div class=\"wpb-content-wrapper\"><p>[vc_row full_width=&#8221;stretch_row_content&#8221; el_id=&#8221;MaraLaser&#8221; el_class=&#8221;parallax-about pott&#8221; css=&#8221;.vc_custom_1594029203718{margin-bottom: 70px !important;padding-top: 80px !important;padding-bottom: 80px !important;background-image: url(https:\/\/maralaser.wpdev.it\/\/wp-content\/uploads\/2016\/03\/parallax-chisiamo-2.jpg?id=3714) !important;}&#8221;][vc_column][\/vc_column][\/vc_row][vc_row el_class=&#8221;middle&#8221; css=&#8221;.vc_custom_1594027102106{margin-top: -50px !important;margin-bottom: 25px !important;}&#8221; el_id=&#8221;whoare&#8221;][vc_column width=&#8221;1\/3&#8243;][vc_single_image image=&#8221;3618&#8243; img_size=&#8221;310&#215;395&#8243;][\/vc_column][vc_column width=&#8221;2\/3&#8243;][vc_custom_heading text=&#8221;30 anos de experi\u00eancia na fabrica\u00e7\u00e3o de plainas niveladoras laser&#8221; font_container=&#8221;tag:h2|font_size:32|text_align:left|color:%23fcce38|line_height:1.2&#8243; use_theme_fonts=&#8221;yes&#8221;][vc_column_text css=&#8221;.vc_custom_1459264939746{margin-top: 25px !important;margin-bottom: 25px !important;}&#8221;]<\/p>\n<p style=\"text-align: justify;\">MARA projeta, fabrica e vende m\u00e1quinas para o nivelamento do terreno com controle laser e gps. Fundada em 1986, a empresa continua a sua evolu\u00e7\u00e3o tecnol\u00f3gica, a servi\u00e7o da produtividade para o cliente, oferecendo o produto certo para cada tarefa.<\/p>\n<p style=\"text-align: justify;\">Hoje a MARA produz 24 modelos de niveladoras, 7 plainas e 5 raspadoras. Com a sua \u00faltima gera\u00e7\u00e3o de m\u00e1quinas, a produ\u00e7\u00e3o da MARA combina a alta capacidade de trabalhar rapidamente o solo com tratores de pot\u00eancia reduzida, com confian\u00e7a e qualidade de n\u00edvel superior.<\/p>\n<p style=\"text-align: justify;\">Presente no mercado internacional, em mais de 30 pa\u00edses, a MARA garante uma precis\u00e3o consider\u00e1vel no resultado final, sin\u00f4nimo de aumento de produ\u00e7\u00e3o na agricultura e na redu\u00e7\u00e3o de custos.<\/p>\n<p style=\"text-align: justify;\">O estabelecimento de produ\u00e7\u00e3o em Vercelli ocupa uma superf\u00edcie de 55.000 m\u00b2, dos quais 8.800 s\u00e3o cobertos. Al\u00e9m disso, um grande espa\u00e7o \u00e9 reservado para os testes operacionais e para as provas demonstrativas para os clientes. O engenheiro Gianmario Delsignore, cofundador e s\u00f3cio da empresa, gerencia uma organiza\u00e7\u00e3o moderna em rede que lhe permite controlar os custos e garantir a qualidade e entregas r\u00e1pidas.<\/p>\n<p>[\/vc_column_text][\/vc_column][\/vc_row][vc_row full_width=&#8221;stretch_row&#8221; parallax=&#8221;content-moving&#8221; parallax_image=&#8221;1611&#8243; el_class=&#8221;our-features-layout2 center specialp&#8221; css=&#8221;.vc_custom_1594028979990{padding-top: 60px !important;padding-bottom: 30px !important;}&#8221;][vc_column width=&#8221;1\/3&#8243; css=&#8221;.vc_custom_1439360282029{margin-bottom: 30px !important;}&#8221;][thememove_icon type=&#8221;pe7stroke&#8221; icon_pe7stroke=&#8221;pe-7s-like2&#8243; font_size=&#8221;80&#8243; font_color=&#8221;#fcce38&#8243;][vc_custom_heading text=&#8221;Pessoal qualificado&#8221; font_container=&#8221;tag:h3|font_size:20|text_align:center|color:%23ffffff&#8221; use_theme_fonts=&#8221;yes&#8221; css=&#8221;.vc_custom_1459265607655{margin-top: 5px !important;margin-bottom: 5px !important;}&#8221;][vc_column_text]<\/p>\n<p style=\"text-align: center;\">pessoal dispon\u00edvel e altamente qualificado, capaz de assegurar uma resposta r\u00e1pida<\/p>\n<p>[\/vc_column_text][\/vc_column][vc_column width=&#8221;1\/3&#8243; css=&#8221;.vc_custom_1439360289713{margin-bottom: 30px !important;}&#8221;][thememove_icon type=&#8221;pe7stroke&#8221; icon_pe7stroke=&#8221;pe-7s-paper-plane&#8221; font_size=&#8221;80&#8243; font_color=&#8221;#fcce38&#8243;][vc_custom_heading text=&#8221;Tecnologia&#8221; font_container=&#8221;tag:h3|font_size:20|text_align:center|color:%23ffffff&#8221; use_theme_fonts=&#8221;yes&#8221; css=&#8221;.vc_custom_1459265622468{margin-top: 5px !important;margin-bottom: 5px !important;}&#8221;][vc_column_text]<\/p>\n<p style=\"text-align: center;\">tecnologia laser de ponta para permitir medi\u00e7\u00f5es de resultados precisos e ideais<\/p>\n<p>[\/vc_column_text][\/vc_column][vc_column width=&#8221;1\/3&#8243; css=&#8221;.vc_custom_1439360299267{margin-bottom: 30px !important;}&#8221;][thememove_icon type=&#8221;pe7stroke&#8221; icon_pe7stroke=&#8221;pe-7s-piggy&#8221; font_size=&#8221;80&#8243; font_color=&#8221;#fcce38&#8243;][vc_custom_heading text=&#8221;Economia&#8221; font_container=&#8221;tag:h3|font_size:20|text_align:center|color:%23ffffff&#8221; use_theme_fonts=&#8221;yes&#8221; css=&#8221;.vc_custom_1459265662186{margin-top: 5px !important;margin-bottom: 5px !important;}&#8221;][vc_column_text]<\/p>\n<p style=\"text-align: center;\">poupan\u00e7a consider\u00e1vel em termos de tempo e dinheiro gra\u00e7as \u00e0 utiliza\u00e7\u00e3o de m\u00e1quinas eficientes e de qualidade<\/p>\n<p>[\/vc_column_text][\/vc_column][\/vc_row][vc_row][vc_column width=&#8221;1\/2&#8243;][vc_column_text]<\/p>\n<p style=\"text-align: justify;\">A MARA nasceu em 1986 a partir de uma ideia de quatro empres\u00e1rios. A sua miss\u00e3o \u00e9 clara desde o in\u00edcio: melhorar a produtividade do cliente na agricultura, constru\u00e7\u00e3o civil, terraplenagem e constru\u00e7\u00e3o de estradas, campos desportivos e jardinagem.<\/p>\n<p style=\"text-align: justify;\">A experi\u00eancia de alguns s\u00f3cios como empres\u00e1rios agr\u00edcolas, a compet\u00eancia t\u00e9cnica de outros e o desenvolvimento da tecnologia laser fazem com que nas\u00e7a a ideia de uma m\u00e1quina autom\u00e1tica para o nivelamento do solo. O cultivo do arroz, que exige planos precisos para uma cobertura consistente de \u00e1gua das culturas, t\u00edpicas das \u00e1reas em que nasceu MARA, foi uma\u00a0bancada de teste importante para a tecnologia de nivelamento da empresa. As vantagens do nivelamento do solo se revelaram mais importantes em um segundo momento,\u00a0aumentando a produ\u00e7\u00e3o da planta\u00e7\u00e3o, reduzindo o volume de \u00e1gua, a quantidade de sementes, adubos e herbicidas e favorecendo a drenagem dos terrenos. Por estas raz\u00f5es, o uso das niveladoras foi posteriormente ampliado para muitas \u00e1reas.<\/p>\n<p>[\/vc_column_text][\/vc_column][vc_column width=&#8221;1\/2&#8243;][vc_column_text]<\/p>\n<p style=\"text-align: justify;\">Os primeiros produtos possu\u00edam uma largura de trabalho de 3,60 m e exigiam tratores com uma pot\u00eancia de 140-150 hp, cujo peso era de cerca de 13-14 toneladas. Por causa de seu peso, esses tratores n\u00e3o eram empregados de outra maneira e tinham que ser dedicados somente ao nivelamento. Ent\u00e3o a MARA decidiu desenvolver uma gama de m\u00e1quinas de leitura, f\u00e1ceis de usar, que exigem uma menor pot\u00eancia de arrasto e que permitam a utiliza\u00e7\u00e3o com tratores normalmente usados nas fazendas\u00a0agr\u00edcolas. Este resultado foi obtido gra\u00e7as a uma geometria total especial das m\u00e1quinas, a uma conforma\u00e7\u00e3o exclusiva da l\u00e2mina, a utiliza\u00e7\u00e3o de eletr\u00f4nica sofisticada capaz de avaliar com continuidade a pot\u00eancia necess\u00e1ria para o reboque, otimizando o funcionamento da m\u00e1quina.<\/p>\n<p style=\"text-align: justify;\">Hoje a produ\u00e7\u00e3o da MARA est\u00e1 configurada como uma vantagem tecnol\u00f3gica baseada em produtos fortes, mas leves, f\u00e1ceis de usar e muito produtivos.<\/p>\n<p>[\/vc_column_text][\/vc_column][\/vc_row][vc_row full_width=&#8221;stretch_row&#8221; parallax=&#8221;content-moving&#8221; parallax_image=&#8221;2793&#8243; parallax_speed_bg=&#8221;1&#8243; css=&#8221;.vc_custom_1457536994236{margin-bottom: 0px !important;}&#8221; el_class=&#8221;quick-quote quick-quote&#8211;dark&#8221;][vc_column width=&#8221;1\/2&#8243; offset=&#8221;vc_hidden-sm vc_hidden-xs&#8221;][vc_column_text]<br \/>\n[\/vc_column_text][\/vc_column][vc_column offset=&#8221;vc_col-lg-6 vc_col-md-6&#8243;][vc_empty_space height=&#8221;40&#8243;][vc_custom_heading text=&#8221;Depoimentos&#8221; font_container=&#8221;tag:h2|font_size:32|text_align:left|color:%23ffffff|line_height:1.2&#8243; use_theme_fonts=&#8221;yes&#8221; el_class=&#8221;heading-title dpbl&#8221; css=&#8221;.vc_custom_1594033115287{margin-bottom: 40px !important;}&#8221;][thememove_testimonials enable_carousel=&#8221;yes&#8221; display_bullets=&#8221;yes&#8221; enable_autoplay=&#8221;yes&#8221; number=&#8221;3&#8243; display_author=&#8221;yes&#8221;][vc_empty_space height=&#8221;40&#8243;][\/vc_column][\/vc_row][vc_row el_class=&#8221;heading-title-with-subtitle center specialp&#8221; css=&#8221;.vc_custom_1594028990056{margin-top: 60px !important;margin-bottom: 60px !important;}&#8221;][vc_column][vc_custom_heading text=&#8221;O pessoal da mara&#8221; font_container=&#8221;tag:h2|font_size:36|text_align:center|color:%231d2634&#8243; use_theme_fonts=&#8221;yes&#8221; el_class=&#8221;heading-title&#8221; css=&#8221;.vc_custom_1459265962965{margin-bottom: 10px !important;}&#8221;][vc_column_text][\/vc_column_text][vc_images_carousel images=&#8221;3706,3702,3698,3694,3690,3682,3678,3670,3666,3658,3654&#8243; img_size=&#8221;1160&#215;600&#8243; slides_per_view=&#8221;4&#8243; autoplay=&#8221;yes&#8221; hide_pagination_control=&#8221;yes&#8221; wrap=&#8221;yes&#8221; el_class=&#8221;slider-about&#8221;][\/vc_column][\/vc_row][vc_row full_width=&#8221;stretch_row&#8221; content_placement=&#8221;middle&#8221; parallax=&#8221;content-moving&#8221; el_class=&#8221;be-a-piece-of-us middle&#8221; css=&#8221;.vc_custom_1462397015581{padding-top: 35px !important;padding-bottom: 38px !important;background-color: #333333 !important;}&#8221;][vc_column width=&#8221;1\/6&#8243; css=&#8221;.vc_custom_1462396630207{background-color: #333333 !important;}&#8221; el_class=&#8221;center middle&#8221;][thememove_icon type=&#8221;pe7stroke&#8221; icon_pe7stroke=&#8221;pe-7s-info&#8221; font_size=&#8221;30&#8243; font_color=&#8221;#16000b&#8221; el_class=&#8221;center&#8221;][\/vc_column][vc_column width=&#8221;7\/12&#8243; el_class=&#8221;center-xs start-sm wpb_column vc_column_container&#8221;][vc_custom_heading text=&#8221;Visite o nosso cat\u00e1logo , dividido por \u00e1reas de aplica\u00e7\u00e3o&#8221; font_container=&#8221;tag:h2|text_align:left|color:%23ffffff&#8221; use_theme_fonts=&#8221;yes&#8221; link=&#8221;||&#8221;][\/vc_column][vc_column width=&#8221;1\/4&#8243; el_class=&#8221;center middle&#8221;][thememove_button add_icon=&#8221;yes&#8221; icon_fontawesome=&#8221;fa fa-angle-double-right&#8221; text=&#8221; Descubra m\u00e1quinas Maralaser&#8221; link=&#8221;url:http%3A%2F%2Fmaralaser.com%2Fpt-br%2Fprodutos%2F|title:Visita%20il%20catalogo%20completo%20diviso%20per%20settore%20di%20applicazione|&#8221;][\/vc_column][\/vc_row][vc_row full_width=&#8221;stretch_row&#8221; content_placement=&#8221;middle&#8221; parallax=&#8221;content-moving&#8221; el_class=&#8221;be-a-piece-of-us grey middle&#8221; css=&#8221;.vc_custom_1462432780154{padding-top: 35px !important;padding-bottom: 38px !important;background-color: #eeeeee !important;}&#8221;][vc_column width=&#8221;1\/6&#8243; el_class=&#8221;center middle&#8221; css=&#8221;.vc_custom_1462398176646{background-color: #eeeeee !important;}&#8221;][thememove_icon type=&#8221;pe7stroke&#8221; icon_pe7stroke=&#8221;pe-7s-mail-open-file&#8221; font_size=&#8221;30&#8243; font_color=&#8221;#16000b&#8221; el_class=&#8221;center&#8221;][\/vc_column][vc_column width=&#8221;5\/12&#8243; el_class=&#8221;center-xs start-sm wpb_column vc_column_container&#8221;][vc_custom_heading text=&#8221;Quer saber mais sobre os produtos Mara?&#8221; font_container=&#8221;tag:h2|text_align:left|color:%23333333&#8243; use_theme_fonts=&#8221;yes&#8221; link=&#8221;||&#8221;][\/vc_column][vc_column width=&#8221;5\/12&#8243; el_class=&#8221;center middle&#8221;][thememove_button add_icon=&#8221;yes&#8221; icon_fontawesome=&#8221;fa fa-angle-double-right&#8221; text=&#8221; Entre em contato conosco atrav\u00e9s do formul\u00e1rio , telefone, e-mail&#8221; link=&#8221;url:http%3A%2F%2Fmaralaser.com%2Fpt-br%2Fcontatos%2F|title:Contattaci%20ora|&#8221;][\/vc_column][\/vc_row]<\/p>\n<\/div>","protected":false},"excerpt":{"rendered":"<p>[vc_row full_width=&#8221;stretch_row_content&#8221; el_id=&#8221;MaraLaser&#8221; el_class=&#8221;parallax-about pott&#8221; css=&#8221;.vc_custom_1594029203718{margin-bottom: 70px !important;padding-top: 80px !important;padding-bottom: 80px !important;background-image: url(https:\/\/maralaser.wpdev.it\/\/wp-content\/uploads\/2016\/03\/parallax-chisiamo-2.jpg?id=3714) !important;}&#8221;][vc_column][\/vc_column][\/vc_row][vc_row el_class=&#8221;middle&#8221; css=&#8221;.vc_custom_1594027102106{margin-top: -50px !important;margin-bottom: 25px !important;}&#8221; el_id=&#8221;whoare&#8221;][vc_column width=&#8221;1\/3&#8243;][vc_single_image image=&#8221;3618&#8243; img_size=&#8221;310&#215;395&#8243;][\/vc_column][vc_column width=&#8221;2\/3&#8243;][vc_custom_heading text=&#8221;30 anos de experi\u00eancia na fabrica\u00e7\u00e3o de plainas niveladoras laser&#8221; font_container=&#8221;tag:h2|font_size:32|text_align:left|color:%23fcce38|line_height:1.2&#8243; use_theme_fonts=&#8221;yes&#8221;][vc_column_text css=&#8221;.vc_custom_1459264939746{margin-top: 25px !important;margin-bottom: 25px !important;}&#8221;] MARA projeta, fabrica e vende m\u00e1quinas para o nivelamento do terreno com controle [&hellip;]<\/p>\n","protected":false},"author":1,"featured_media":0,"parent":0,"menu_order":0,"comment_status":"closed","ping_status":"closed","template":"","meta":{"_acf_changed":false,"_monsterinsights_skip_tracking":false,"_monsterinsights_sitenote_active":false,"_monsterinsights_sitenote_note":"","_monsterinsights_sitenote_category":0,"footnotes":""},"class_list":["post-2853","page","type-page","status-publish","hentry"],"acf":[],"_links":{"self":[{"href":"https:\/\/maralaser.wpdev.it\/pt-br\/wp-json\/wp\/v2\/pages\/2853","targetHints":{"allow":["GET"]}}],"collection":[{"href":"https:\/\/maralaser.wpdev.it\/pt-br\/wp-json\/wp\/v2\/pages"}],"about":[{"href":"https:\/\/maralaser.wpdev.it\/pt-br\/wp-json\/wp\/v2\/types\/page"}],"author":[{"embeddable":true,"href":"https:\/\/maralaser.wpdev.it\/pt-br\/wp-json\/wp\/v2\/users\/1"}],"replies":[{"embeddable":true,"href":"https:\/\/maralaser.wpdev.it\/pt-br\/wp-json\/wp\/v2\/comments?post=2853"}],"version-history":[{"count":0,"href":"https:\/\/maralaser.wpdev.it\/pt-br\/wp-json\/wp\/v2\/pages\/2853\/revisions"}],"wp:attachment":[{"href":"https:\/\/maralaser.wpdev.it\/pt-br\/wp-json\/wp\/v2\/media?parent=2853"}],"curies":[{"name":"wp","href":"https:\/\/api.w.org\/{rel}","templated":true}]}}