{"id":2860,"date":"2016-04-06T13:50:19","date_gmt":"2016-04-06T12:50:19","guid":{"rendered":"https:\/\/maralaser.wpdev.it\/\/pt-br\/?page_id=2860"},"modified":"2016-05-25T13:41:39","modified_gmt":"2016-05-25T12:41:39","slug":"contatos","status":"publish","type":"page","link":"https:\/\/maralaser.wpdev.it\/pt-br\/contatos\/","title":{"rendered":"Contatos"},"content":{"rendered":"<div class=\"wpb-content-wrapper\"><p>[vc_row full_width=&#8221;stretch_row_content_no_spaces&#8221; css=&#8221;.vc_custom_1439283223860{margin-top: -70px !important;margin-bottom: 60px !important;}&#8221;][vc_column][thememove_gmaps address=&#8221;via ettore ara 70, vercelli&#8221; zoom=&#8221;9&#8243; zoom_enable=&#8221;yes&#8221; map_style=&#8221;style2&#8243; marker_icon=&#8221;2791&#8243;][\/thememove_gmaps][\/vc_column][\/vc_row][vc_row el_class=&#8221;middle&#8221;][vc_column width=&#8221;7\/12&#8243; css=&#8221;.vc_custom_1439284637584{margin-bottom: 20px !important;}&#8221;][vc_custom_heading text=&#8221;Solicitar informa\u00e7\u00f5es&#8221; font_container=&#8221;tag:h2|font_size:36|text_align:left|color:%231d2634&#8243; use_theme_fonts=&#8221;yes&#8221; el_class=&#8221;heading-title&#8221; css=&#8221;.vc_custom_1456936737013{margin-bottom: 35px !important;}&#8221;]\n<div class=\"wpcf7 no-js\" id=\"wpcf7-f2613-o1\" lang=\"en-US\" dir=\"ltr\" data-wpcf7-id=\"2613\">\n<div class=\"screen-reader-response\"><p role=\"status\" aria-live=\"polite\" aria-atomic=\"true\"><\/p> <ul><\/ul><\/div>\n<form action=\"\/pt-br\/wp-json\/wp\/v2\/pages\/2860#wpcf7-f2613-o1\" method=\"post\" class=\"wpcf7-form init wpcf7-acceptance-as-validation\" aria-label=\"Contact form\" novalidate=\"novalidate\" data-status=\"init\">\n<fieldset class=\"hidden-fields-container\"><input type=\"hidden\" name=\"_wpcf7\" value=\"2613\" \/><input type=\"hidden\" name=\"_wpcf7_version\" value=\"6.1.3\" \/><input type=\"hidden\" name=\"_wpcf7_locale\" value=\"en_US\" \/><input type=\"hidden\" name=\"_wpcf7_unit_tag\" value=\"wpcf7-f2613-o1\" \/><input type=\"hidden\" name=\"_wpcf7_container_post\" value=\"0\" \/><input type=\"hidden\" name=\"_wpcf7_posted_data_hash\" value=\"\" \/>\n<\/fieldset>\n<div class=\"form2\">\n\t<div class=\"row\">\n\t\t<div class=\"col-sm-12\">\n\t\t\t<p>Qual \u00e1rea de atua\u00e7\u00e3o?<br \/>\n<span class=\"wpcf7-form-control-wrap\" data-name=\"Settore\"><select class=\"wpcf7-form-control wpcf7-select wpcf7-validates-as-required\" aria-required=\"true\" aria-invalid=\"false\" name=\"Settore\"><option value=\"\">&#8212;Please choose an option&#8212;<\/option><option value=\"Agricultura lavoura de arroz\">Agricultura lavoura de arroz<\/option><option value=\"Agricultura (culturas irrigadas, exceto arroz)\">Agricultura (culturas irrigadas, exceto arroz)<\/option><option value=\"Agricultura (vinhas\/pomares)\">Agricultura (vinhas\/pomares)<\/option><option value=\"Centros equestres\">Centros equestres<\/option><option value=\"Constru\u00e7\u00e3o civil\">Constru\u00e7\u00e3o civil<\/option><option value=\"Instala\u00e7\u00f5es e campos esportivos\">Instala\u00e7\u00f5es e campos esportivos<\/option><option value=\"Estufas e jardins\">Estufas e jardins<\/option><option value=\"Infraestrutura\">Infraestrutura<\/option><\/select><\/span>\n\t\t\t<\/p>\n\t\t<\/div>\n\t\t<div class=\"col-sm-12\">\n\t\t\t<p>Em qual per\u00edodo de tempo voc\u00ea estaria interessado em efetuar uma compra\/substitui\u00e7\u00e3o?<br \/>\n<span class=\"wpcf7-form-control-wrap\" data-name=\"timeframe\"><select class=\"wpcf7-form-control wpcf7-select wpcf7-validates-as-required\" aria-required=\"true\" aria-invalid=\"false\" name=\"timeframe\"><option value=\"\">&#8212;Please choose an option&#8212;<\/option><option value=\"1 meses\">1 meses<\/option><option value=\"3 meses\">3 meses<\/option><option value=\"6 meses\">6 meses<\/option><option value=\"12 meses\">12 meses<\/option><option value=\"24 meses\">24 meses<\/option><option value=\"N\u00e3o tenho necessidade de mudar\">N\u00e3o tenho necessidade de mudar<\/option><\/select><\/span>\n\t\t\t<\/p>\n\t\t<\/div>\n\t\t<div class=\"col-sm-12\">\n\t\t\t<p>Qual \u00e9 o tamanho da \u00e1rea a ser nivelado?<br \/>\n<span class=\"wpcf7-form-control-wrap\" data-name=\"terreno\"><select class=\"wpcf7-form-control wpcf7-select wpcf7-validates-as-required\" aria-required=\"true\" aria-invalid=\"false\" name=\"terreno\"><option value=\"\">&#8212;Please choose an option&#8212;<\/option><option value=\"At\u00e9 a 100ha\">At\u00e9 a 100ha<\/option><option value=\"De 100ha a 500ha\">De 100ha a 500ha<\/option><option value=\"De 500ha a 5000ha\">De 500ha a 5000ha<\/option><option value=\"Mais de 5000ha\">Mais de 5000ha<\/option><\/select><\/span>\n\t\t\t<\/p>\n\t\t<\/div>\n\t\t<div class=\"col-sm-12\">\n\t\t\t<p>Qual poder de tra\u00e7\u00e3o voc\u00ea possui?<br \/>\n<span class=\"wpcf7-form-control-wrap\" data-name=\"potenza\"><select class=\"wpcf7-form-control wpcf7-select wpcf7-validates-as-required\" aria-required=\"true\" aria-invalid=\"false\" name=\"potenza\"><option value=\"\">&#8212;Please choose an option&#8212;<\/option><option value=\"20hp\">20hp<\/option><option value=\"50hp\">50hp<\/option><option value=\"80hp\">80hp<\/option><option value=\"100hp\">100hp<\/option><option value=\"120hp\">120hp<\/option><option value=\"150hp\">150hp<\/option><option value=\"200hp\">200hp<\/option><option value=\"250hp\">250hp<\/option><option value=\"300hp\">300hp<\/option><\/select><\/span>\n\t\t\t<\/p>\n\t\t<\/div>\n\t\t<div class=\"col-sm-6\">\n\t\t\t<p><span class=\"wpcf7-form-control-wrap\" data-name=\"first_name\"><input size=\"40\" maxlength=\"400\" class=\"wpcf7-form-control wpcf7-text wpcf7-validates-as-required\" aria-required=\"true\" aria-invalid=\"false\" placeholder=\"Nome*\" value=\"\" type=\"text\" name=\"first_name\" \/><\/span>\n\t\t\t<\/p>\n\t\t<\/div>\n\t\t<div class=\"col-sm-6\">\n\t\t\t<p><span class=\"wpcf7-form-control-wrap\" data-name=\"last_name\"><input size=\"40\" maxlength=\"400\" class=\"wpcf7-form-control wpcf7-text wpcf7-validates-as-required\" aria-required=\"true\" aria-invalid=\"false\" placeholder=\"Sobrenome*\" value=\"\" type=\"text\" name=\"last_name\" \/><\/span>\n\t\t\t<\/p>\n\t\t<\/div>\n\t\t<div class=\"col-sm-6\">\n\t\t\t<p><span class=\"wpcf7-form-control-wrap\" data-name=\"country\"><input size=\"40\" maxlength=\"400\" class=\"wpcf7-form-control wpcf7-text wpcf7-validates-as-required\" aria-required=\"true\" aria-invalid=\"false\" placeholder=\"Pa\u00eds*\" value=\"\" type=\"text\" name=\"country\" \/><\/span>\n\t\t\t<\/p>\n\t\t<\/div>\n\t\t<div class=\"col-sm-6\">\n\t\t\t<p><span class=\"wpcf7-form-control-wrap\" data-name=\"city\"><input size=\"40\" maxlength=\"400\" class=\"wpcf7-form-control wpcf7-text\" aria-invalid=\"false\" placeholder=\"Cidade\" value=\"\" type=\"text\" name=\"city\" \/><\/span>\n\t\t\t<\/p>\n\t\t<\/div>\n\t\t<div class=\"col-sm-6\">\n\t\t\t<p><span class=\"wpcf7-form-control-wrap\" data-name=\"email\"><input size=\"40\" maxlength=\"400\" class=\"wpcf7-form-control wpcf7-email wpcf7-validates-as-required wpcf7-text wpcf7-validates-as-email\" aria-required=\"true\" aria-invalid=\"false\" placeholder=\"Email*\" value=\"\" type=\"email\" name=\"email\" \/><\/span>\n\t\t\t<\/p>\n\t\t<\/div>\n\t\t<div class=\"col-sm-6\">\n\t\t\t<p><span class=\"wpcf7-form-control-wrap\" data-name=\"telephone\"><input size=\"40\" maxlength=\"400\" class=\"wpcf7-form-control wpcf7-text\" aria-invalid=\"false\" placeholder=\"Tel\u00e9fone\" value=\"\" type=\"text\" name=\"telephone\" \/><\/span>\n\t\t\t<\/p>\n\t\t<\/div>\n\t\t<div class=\"col-sm-12\">\n\t\t\t<p><span class=\"wpcf7-form-control-wrap\" data-name=\"message\"><textarea cols=\"40\" rows=\"10\" maxlength=\"2000\" class=\"wpcf7-form-control wpcf7-textarea\" aria-invalid=\"false\" placeholder=\"Sua mensagem\" name=\"message\"><\/textarea><\/span>\n\t\t\t<\/p>\n\t\t<\/div>\n\t\t<div class=\"col-sm-12\">\n\t\t\t<p class=\"pr-vision\"><a target=\"_blank\" href=\"https:\/\/maralaser.wpdev.it\/\/pt-br\/privacy-policy\/\" title=\"Pol\u00edtica de Privacidade\">Certifique-se de verificar a Pol\u00edtica de Privacidade<\/a>\n\t\t\t<\/p>\n\t\t\t<p class=\"privacy-text\"><span class=\"wpcf7-form-control-wrap\" data-name=\"acceptance\"><span class=\"wpcf7-form-control wpcf7-acceptance\"><span class=\"wpcf7-list-item\"><input type=\"checkbox\" name=\"acceptance\" value=\"1\" checked=\"checked\" aria-invalid=\"false\" \/><\/span><\/span><\/span> Aceito o tratamento dos meus dados pessoais.\n\t\t\t<\/p>\n\t\t<input class=\"wpcf7-form-control wpcf7-hidden\" value=\"18\" type=\"hidden\" name=\"interaction_tools_instance_id\" \/>\n\t\t<input class=\"wpcf7-form-control wpcf7-hidden\" value=\"portoghese\" type=\"hidden\" name=\"media\" \/>\n\t\t<input class=\"wpcf7-form-control wpcf7-hidden\" value=\"\" type=\"hidden\" name=\"source-ref\" \/>\n\t\t<input class=\"wpcf7-form-control wpcf7-hidden\" value=\"\" type=\"hidden\" name=\"source-campaign\" \/>\n\t\t<input class=\"wpcf7-form-control wpcf7-hidden\" id=\"ipAddressField\" value=\"\" type=\"hidden\" name=\"ipaddress\" \/>\n\t\t\t<p><input class=\"wpcf7-form-control wpcf7-submit has-spinner\" type=\"submit\" value=\"Solicitar informa\u00e7\u00f5es\" \/>\n\t\t\t<\/p>\n\t\t<\/div>\n\t<\/div>\n<\/div><div class=\"wpcf7-response-output\" aria-hidden=\"true\"><\/div>\n<\/form>\n<\/div>\n[\/vc_column][vc_column width=&#8221;1\/12&#8243; offset=&#8221;vc_hidden-md vc_hidden-sm vc_hidden-xs&#8221;][\/vc_column][vc_column width=&#8221;5\/12&#8243; css=&#8221;.vc_custom_1441598493189{padding-top: 40px !important;padding-right: 30px !important;padding-bottom: 40px !important;padding-left: 30px !important;background-color: #111111 !important;}&#8221; el_class=&#8221;call-us&#8221; offset=&#8221;vc_col-lg-4 vc_col-md-5&#8243;][vc_custom_heading text=&#8221;Contate-nos para atualiza\u00e7\u00f5es das nossas plainas niveladoras laser&#8221; font_container=&#8221;tag:h2|font_size:24|text_align:left|color:%23ffffff&#8221; use_theme_fonts=&#8221;yes&#8221; css=&#8221;.vc_custom_1456937066885{margin-bottom: 40px !important;}&#8221;][vc_row_inner css=&#8221;.vc_custom_1462798003286{margin-bottom: 20px !important;}&#8221; el_class=&#8221;boxblack&#8221;][vc_column_inner width=&#8221;1\/6&#8243; offset=&#8221;vc_col-xs-2&#8243;][thememove_icon icon_fontawesome=&#8221;fa fa-phone&#8221; font_size=&#8221;18&#8243; font_color=&#8221;#111111&#8243;][\/vc_column_inner][vc_column_inner width=&#8221;5\/6&#8243; offset=&#8221;vc_col-xs-10&#8243;][vc_custom_heading text=&#8221;+39 0161 392797&#8243; font_container=&#8221;tag:h2|font_size:20|text_align:left|color:%23ffffff&#8221; use_theme_fonts=&#8221;yes&#8221;][vc_column_text]<a title=\"EMail\" href=\"mailto:info@maralaser.com\">info@maralaser.com<\/a>[\/vc_column_text][\/vc_column_inner][\/vc_row_inner][vc_row_inner][vc_column_inner width=&#8221;1\/6&#8243; offset=&#8221;vc_col-xs-2&#8243;][thememove_icon icon_fontawesome=&#8221;fa fa-home&#8221; font_size=&#8221;18&#8243; font_color=&#8221;#111111&#8243;][\/vc_column_inner][vc_column_inner width=&#8221;5\/6&#8243; offset=&#8221;vc_col-xs-10&#8243;][vc_custom_heading text=&#8221;Via Ettore Ara 70&#8243; font_container=&#8221;tag:h2|font_size:20|text_align:left|color:%23ffffff&#8221; use_theme_fonts=&#8221;yes&#8221;][vc_custom_heading text=&#8221;Vercelli, Italia&#8221; font_container=&#8221;tag:p|font_size:14|text_align:left|color:%23ffffff&#8221; use_theme_fonts=&#8221;yes&#8221;][\/vc_column_inner][\/vc_row_inner][\/vc_column][\/vc_row]<\/p>\n<\/div>","protected":false},"excerpt":{"rendered":"<p>[vc_row full_width=&#8221;stretch_row_content_no_spaces&#8221; css=&#8221;.vc_custom_1439283223860{margin-top: -70px !important;margin-bottom: 60px !important;}&#8221;][vc_column][thememove_gmaps address=&#8221;via ettore ara 70, vercelli&#8221; zoom=&#8221;9&#8243; zoom_enable=&#8221;yes&#8221; map_style=&#8221;style2&#8243; marker_icon=&#8221;2791&#8243;][\/thememove_gmaps][\/vc_column][\/vc_row][vc_row el_class=&#8221;middle&#8221;][vc_column width=&#8221;7\/12&#8243; css=&#8221;.vc_custom_1439284637584{margin-bottom: 20px !important;}&#8221;][vc_custom_heading text=&#8221;Solicitar informa\u00e7\u00f5es&#8221; font_container=&#8221;tag:h2|font_size:36|text_align:left|color:%231d2634&#8243; use_theme_fonts=&#8221;yes&#8221; el_class=&#8221;heading-title&#8221; css=&#8221;.vc_custom_1456936737013{margin-bottom: 35px !important;}&#8221;][\/vc_column][vc_column width=&#8221;1\/12&#8243; offset=&#8221;vc_hidden-md vc_hidden-sm vc_hidden-xs&#8221;][\/vc_column][vc_column width=&#8221;5\/12&#8243; css=&#8221;.vc_custom_1441598493189{padding-top: 40px !important;padding-right: 30px !important;padding-bottom: 40px !important;padding-left: 30px !important;background-color: #111111 !important;}&#8221; el_class=&#8221;call-us&#8221; offset=&#8221;vc_col-lg-4 vc_col-md-5&#8243;][vc_custom_heading text=&#8221;Contate-nos para atualiza\u00e7\u00f5es das nossas plainas niveladoras [&hellip;]<\/p>\n","protected":false},"author":1,"featured_media":0,"parent":0,"menu_order":0,"comment_status":"open","ping_status":"closed","template":"","meta":{"_acf_changed":false,"_monsterinsights_skip_tracking":false,"_monsterinsights_sitenote_active":false,"_monsterinsights_sitenote_note":"","_monsterinsights_sitenote_category":0,"footnotes":""},"class_list":["post-2860","page","type-page","status-publish","hentry"],"acf":[],"_links":{"self":[{"href":"https:\/\/maralaser.wpdev.it\/pt-br\/wp-json\/wp\/v2\/pages\/2860","targetHints":{"allow":["GET"]}}],"collection":[{"href":"https:\/\/maralaser.wpdev.it\/pt-br\/wp-json\/wp\/v2\/pages"}],"about":[{"href":"https:\/\/maralaser.wpdev.it\/pt-br\/wp-json\/wp\/v2\/types\/page"}],"author":[{"embeddable":true,"href":"https:\/\/maralaser.wpdev.it\/pt-br\/wp-json\/wp\/v2\/users\/1"}],"replies":[{"embeddable":true,"href":"https:\/\/maralaser.wpdev.it\/pt-br\/wp-json\/wp\/v2\/comments?post=2860"}],"version-history":[{"count":0,"href":"https:\/\/maralaser.wpdev.it\/pt-br\/wp-json\/wp\/v2\/pages\/2860\/revisions"}],"wp:attachment":[{"href":"https:\/\/maralaser.wpdev.it\/pt-br\/wp-json\/wp\/v2\/media?parent=2860"}],"curies":[{"name":"wp","href":"https:\/\/api.w.org\/{rel}","templated":true}]}}