{"id":3152,"date":"2016-04-13T22:09:53","date_gmt":"2016-04-13T21:09:53","guid":{"rendered":"https:\/\/maralaser.wpdev.it\/\/pt-br\/?page_id=3152"},"modified":"2025-11-25T11:52:53","modified_gmt":"2025-11-25T10:52:53","slug":"estradas","status":"publish","type":"page","link":"https:\/\/maralaser.wpdev.it\/pt-br\/estradas\/","title":{"rendered":"Estradas"},"content":{"rendered":"<div class=\"wpb-content-wrapper\"><p>[vc_row css=&#8221;.vc_custom_1439262636161{margin-bottom: 70px !important;}&#8221;][vc_column][vc_column_text]<\/p>\n<p style=\"font-size: 20px;\"><strong>CONSTRU\u00c7\u00c3O DE ESTRADAS: m\u00e1quinas simples de usar \u2192 menos custos e melhores resultados<\/strong><\/p>\n<blockquote>\n<ul style=\"font-size: 20px; text-align: justify;\">\n<li>Minimize seu investimento (-90%)<\/li>\n<li>Reduza os tempos de processamento (-20%)<\/li>\n<li>N\u00e3o \u00e9 necess\u00e1rio recorrer a m\u00e3o de obra especializada<\/li>\n<li>Melhore o resultado final geral de um erro de \u00b1 2,5 cm para um erro de \u00b1 0,2 cm<\/li>\n<li>Minimize o uso de materiais valiosos (-20%)<\/li>\n<li>Obtenha um plano horizontal com duas inclina\u00e7\u00f5es precisas ao mil\u00edmetro<\/li>\n<\/ul>\n<\/blockquote>\n<p style=\"font-size: 20px; text-align: justify;\">O <strong>nivelador MARA<\/strong> \u00e9 capaz de substituir facilmente a motoniveladora, pois o custo da m\u00e1quina \u00e9 10 vezes menor e garante um resultado final ideal.<\/p>\n<p style=\"font-size: 20px; text-align: justify;\">Para a prepara\u00e7\u00e3o da base (pr\u00e9-pavimenta\u00e7\u00e3o), os niveladores MARA s\u00e3o f\u00e1ceis de implementar e totalmente autom\u00e1ticos. A motoniveladora extremamente cara e seu operador altamente qualificado deixam de ser necess\u00e1rios. O n\u00famero de passadas para obter o plano \u00e9 muito menor do que com uma motoniveladora, resultando em economia de tempo e dinheiro. O acabamento superficial de alta precis\u00e3o garante a inclina\u00e7\u00e3o lateral adequada para a elimina\u00e7\u00e3o natural da \u00e1gua da chuva.<\/p>\n<p style=\"font-size: 20px; text-align: justify;\">A placa eletr\u00f4nica de nossos niveladores garante um controle preciso da l\u00e2mina, com um desvio m\u00e1ximo de 4 mm. Gra\u00e7as a isso, o acabamento da superf\u00edcie \u00e9 extremamente preciso e n\u00e3o apresenta depress\u00f5es que posteriormente precisariam ser preenchidas com asfalto ou concreto. Tudo isso representa uma fonte significativa de economia.<\/p>\n<p style=\"font-size: 20px; text-align: justify;\">Um exemplo de f\u00e1cil compreens\u00e3o seria um trecho de estrada de 1 km com largura de 20 m. Uma estimativa prudente do erro, no caso em que um nivelador n\u00e3o seja utilizado, pode ser de aproximadamente \u00b1 2 cm de diferen\u00e7a de altura. Com o uso de um nivelador MARA, o erro m\u00e1ximo \u00e9 de 0,4 cm, permitindo uma economia de 245 m\u00b3 de asfalto para todo o trecho de 1 km.<\/p>\n<p>[\/vc_column_text][\/vc_column][\/vc_row][vc_row][vc_column][vc_column_text]<\/p>\n<h2>Descubra nossos niveladores a laser<\/h2>\n<p>[\/vc_column_text][\/vc_column][\/vc_row][vc_row][vc_column][vc_column_text css=&#8221;&#8221;]      <div id=\"post-grid-lazy-6719\" class=\"post-grid-lazy\"><img decoding=\"async\" alt=\"\" src=\"\" \/><\/div>\n    <script>\n      jQuery('#post-grid-lazy-6719').ready(function($) {\n        $('#post-grid-lazy-6719').fadeOut();\n        $('#post-grid-6719   ').fadeIn();\n      })\n    <\/script>\n    <style type=\"text\/css\">\n      #post-grid-6719 {\n        display: none;\n      }\n\n      .post-grid-lazy {\n        text-align: center;\n      }\n    <\/style>\n    <div data-options='{&quot;id&quot;:&quot;6719&quot;,&quot;lazy_load&quot;:&quot;yes&quot;,&quot;masonry_enable&quot;:&quot;no&quot;,&quot;view_type&quot;:&quot;grid&quot;}' id=\"post-grid-6719\" class=\"post-grid grid\">\n        <div class=\"grid-items\">\n      <div class=\"item item-3431 skin flat even 0 \">\n        <div class=\"layer-wrapper layout-6274\">\n          <div\n        class=\"element element_1626253626077  element-media \">\n        <a target=\"_self\" href=\"https:\/\/maralaser.wpdev.it\/pt-br\/produto\/grader\/\"><img loading=\"lazy\" decoding=\"async\" width=\"419\" height=\"400\" src=\"https:\/\/maralaser.wpdev.it\/wp-content\/uploads\/2015\/04\/mmg20-1-419x400.jpg\" class=\"attachment-medium size-medium wp-post-image\" alt=\"\" srcset=\"https:\/\/maralaser.wpdev.it\/wp-content\/uploads\/2015\/04\/mmg20-1-419x400.jpg 419w, https:\/\/maralaser.wpdev.it\/wp-content\/uploads\/2015\/04\/mmg20-1-600x573.jpg 600w, https:\/\/maralaser.wpdev.it\/wp-content\/uploads\/2015\/04\/mmg20-1-768x734.jpg 768w, https:\/\/maralaser.wpdev.it\/wp-content\/uploads\/2015\/04\/mmg20-1.jpg 900w\" sizes=\"auto, (max-width: 419px) 100vw, 419px\" \/><\/a>    <\/div>\n    <div class=\"element element_1626253616658  title_link \">\n                    <a target=\"_parent\"\n                href=\"https:\/\/maralaser.wpdev.it\/pt-br\/produto\/grader\/\">Grader<\/a>\n            <\/div>\n    <\/div>\n  <\/div><div class=\"item item-3428 skin flat odd 1 \">\n        <div class=\"layer-wrapper layout-6274\">\n          <div\n        class=\"element element_1626253626077  element-media \">\n        <a target=\"_self\" href=\"https:\/\/maralaser.wpdev.it\/pt-br\/produto\/niveladora-laser-mi-25\/\"><img loading=\"lazy\" decoding=\"async\" width=\"419\" height=\"400\" src=\"https:\/\/maralaser.wpdev.it\/wp-content\/uploads\/2015\/04\/25mi-1-419x400.jpg\" class=\"attachment-medium size-medium wp-post-image\" alt=\"\" srcset=\"https:\/\/maralaser.wpdev.it\/wp-content\/uploads\/2015\/04\/25mi-1-419x400.jpg 419w, https:\/\/maralaser.wpdev.it\/wp-content\/uploads\/2015\/04\/25mi-1-600x573.jpg 600w, https:\/\/maralaser.wpdev.it\/wp-content\/uploads\/2015\/04\/25mi-1-768x734.jpg 768w, https:\/\/maralaser.wpdev.it\/wp-content\/uploads\/2015\/04\/25mi-1.jpg 900w\" sizes=\"auto, (max-width: 419px) 100vw, 419px\" \/><\/a>    <\/div>\n    <div class=\"element element_1626253616658  title_link \">\n                    <a target=\"_parent\"\n                href=\"https:\/\/maralaser.wpdev.it\/pt-br\/produto\/niveladora-laser-mi-25\/\">Niveladora laser MI &#8211; 25<\/a>\n            <\/div>\n    <\/div>\n  <\/div>    <\/div>\n    <div class=\"pagination\">\n      <div class=\"paginate\">\n      <\/div>\n  <style type=\"text\/css\">\n    #post-grid-6719 .pagination .page-numbers {\n      font-size: 16px;\n      color: #fff;\n      background: #646464;\n    }\n\n    #post-grid-6719 .pagination .page-numbers:hover,\n    #post-grid-6719 .pagination .page-numbers.current {\n      background: #4b4b4b;\n    }\n  <\/style>\n  <\/div>\n    <style type=\"text\/css\">\n        .layout-6274 .element_1626253626077 {\n            overflow: hidden;\n                    }\n\n        .layout-6274 .element_1626253626077 img {\n            max-width: 100%;\n            height: auto;\n        }\n\n        @media only screen and (min-width: 1024px) {\n            .layout-6274 .element_1626253626077 {\n                height: auto;\n                            }\n        }\n\n        @media only screen and (min-width: 768px) and (max-width: 1023px) {\n            .layout-6274 .element_1626253626077 {\n                height: auto;\n                            }\n        }\n\n        @media only screen and (min-width: 0px) and (max-width: 767px) {\n            .layout-6274 .element_1626253626077 {\n                height: auto;\n                            }\n        }\n    <\/style>\n    <style type=\"text\/css\">\n        .layout-6274 .element_1626253616658 {\n            text-align: center;\n                    }\n\n        .layout-6274 .element_1626253616658 a {\n                    }\n    <\/style>\n      <script>\n          <\/script>\n    <style type=\"text\/css\">\n    #post-grid-6719 {\n      padding: 10px;\n          }\n\n    #post-grid-6719 .item {\n      padding: 0px;\n      background: #fff;\n          }\n\n    #post-grid-6719 .item .layer-media {\n      height:auto;    }\n\n    @media only screen and (min-width: 0px) and (max-width: 767px) {\n      #post-grid-6719 .grid-items {\n        display: grid;\n        grid-template-columns: 1fr ;\n        column-gap: 10px;\n        row-gap: 10px;\n              }\n\n      #post-grid-6719 .item {\n        height:auto;      }\n    }\n\n    @media only screen and (min-width: 768px) and (max-width: 1023px) {\n      #post-grid-6719 .grid-items {\n        display: grid;\n        grid-template-columns: 1fr 1fr ;\n        column-gap: 10px;\n        row-gap: 10px;\n              }\n\n      #post-grid-6719 .item {\n        max-height:auto;      }\n    }\n\n    @media only screen and (min-width: 1024px) {\n      #post-grid-6719 .grid-items {\n        display: grid;\n        grid-template-columns: 1fr 1fr 1fr ;\n        column-gap: 10px;\n        row-gap: 10px;\n              }\n\n      #post-grid-6719 .item {\n        height:auto;      }\n    }\n\n      <\/style>\n  <\/div>\n[\/vc_column_text][\/vc_column][\/vc_row]<\/p>\n<\/div>","protected":false},"excerpt":{"rendered":"<p>[vc_row css=&#8221;.vc_custom_1439262636161{margin-bottom: 70px !important;}&#8221;][vc_column][vc_column_text] CONSTRU\u00c7\u00c3O DE ESTRADAS: m\u00e1quinas simples de usar \u2192 menos custos e melhores resultados Minimize seu investimento (-90%) Reduza os tempos de processamento (-20%) N\u00e3o \u00e9 necess\u00e1rio recorrer a m\u00e3o de obra especializada Melhore o resultado final geral de um erro de \u00b1 2,5 cm para um erro de \u00b1 0,2 cm [&hellip;]<\/p>\n","protected":false},"author":1,"featured_media":0,"parent":0,"menu_order":0,"comment_status":"closed","ping_status":"closed","template":"","meta":{"_acf_changed":false,"_monsterinsights_skip_tracking":false,"_monsterinsights_sitenote_active":false,"_monsterinsights_sitenote_note":"","_monsterinsights_sitenote_category":0,"footnotes":""},"class_list":["post-3152","page","type-page","status-publish","hentry"],"acf":[],"_links":{"self":[{"href":"https:\/\/maralaser.wpdev.it\/pt-br\/wp-json\/wp\/v2\/pages\/3152","targetHints":{"allow":["GET"]}}],"collection":[{"href":"https:\/\/maralaser.wpdev.it\/pt-br\/wp-json\/wp\/v2\/pages"}],"about":[{"href":"https:\/\/maralaser.wpdev.it\/pt-br\/wp-json\/wp\/v2\/types\/page"}],"author":[{"embeddable":true,"href":"https:\/\/maralaser.wpdev.it\/pt-br\/wp-json\/wp\/v2\/users\/1"}],"replies":[{"embeddable":true,"href":"https:\/\/maralaser.wpdev.it\/pt-br\/wp-json\/wp\/v2\/comments?post=3152"}],"version-history":[{"count":0,"href":"https:\/\/maralaser.wpdev.it\/pt-br\/wp-json\/wp\/v2\/pages\/3152\/revisions"}],"wp:attachment":[{"href":"https:\/\/maralaser.wpdev.it\/pt-br\/wp-json\/wp\/v2\/media?parent=3152"}],"curies":[{"name":"wp","href":"https:\/\/api.w.org\/{rel}","templated":true}]}}