{"id":3158,"date":"2016-04-13T22:25:19","date_gmt":"2016-04-13T21:25:19","guid":{"rendered":"https:\/\/maralaser.wpdev.it\/\/pt-br\/?page_id=3158"},"modified":"2025-11-25T11:47:44","modified_gmt":"2025-11-25T10:47:44","slug":"construcao-civil","status":"publish","type":"page","link":"https:\/\/maralaser.wpdev.it\/pt-br\/construcao-civil\/","title":{"rendered":"Constru\u00e7\u00e3o civil"},"content":{"rendered":"<div class=\"wpb-content-wrapper\"><p>[vc_row css=&#8221;.vc_custom_1439262636161{margin-bottom: 70px !important;}&#8221;][vc_column][vc_column_text]<\/p>\n<p style=\"font-size: 20px;\"><strong>CONSTRU\u00c7\u00c3O CIVIL: trabalho mais simples e grande economia \u2192 investimento com alto rendimento <\/strong><\/p>\n<blockquote>\n<ul style=\"font-size: 20px; text-align: justify;\">\n<li>Redu\u00e7\u00e3o do tempo de processamento (-20%), prepara\u00e7\u00e3o do canteiro de obras (-90%) e custos (-20%)<\/li>\n<li>Redu\u00e7\u00e3o do uso de concreto (-20%)<\/li>\n<li>Garantia da justa inclina\u00e7\u00e3o para o escoamento da \u00e1gua com inclina\u00e7\u00f5es de precis\u00e3o milim\u00e9trica<\/li>\n<li>Melhora o resultado final geral (de um erro de \u00b1 2,5 cm a um erro de \u00b1 0,2cm)<\/li>\n<\/ul>\n<\/blockquote>\n<p style=\"font-size: 20px; text-align: justify;\">A parte eletr\u00f4nica a bordo das nossas m\u00e1quinas garante o controle preciso da l\u00e2mina para um m\u00e1ximo de 4 mm de diferen\u00e7a. Gra\u00e7as a isso, o acabamento da superf\u00edcie \u00e9 extremamente preciso; assim n\u00e3o ocorrem abaulamentos que depois precisam ser preenchidos com concreto e tudo isso constitui uma importante fonte de economia.<\/p>\n<p style=\"font-size: 20px; text-align: justify;\">Um exemplo f\u00e1cil de compreender pode ser feito em um galp\u00e3o de 100 m X 25 m com uma \u00e1rea total de 2.500 m\u00b2. Para a prepara\u00e7\u00e3o do andar a ser pavimentado (pr\u00e9-pavimenta\u00e7\u00e3o), uma estimativa real\u00edstica de erro em 100 m, caso n\u00e3o seja utilizada uma niveladora, pode ser cerca de 2,5 cm de diferen\u00e7a de altura de um extremo ao outro. Gra\u00e7as ao uso da niveladora Mara, o erro m\u00e1ximo \u00e9 de 0,4 cm; isto implica em uma economia de concreto de 57,5 m\u00b3 em todo o galp\u00e3o. Al\u00e9m disso, um bloco de espessura constante d\u00e1 ao cliente uma melhor garantia da dura\u00e7\u00e3o e da resist\u00eancia \u00e0s cargas.<\/p>\n<p style=\"font-size: 20px; text-align: justify;\">A facilidade com a qual as niveladoras MARA permitem obter planos inclinados e a grande precis\u00e3o de execu\u00e7\u00e3o do trabalho permitem garantir aos clientes superf\u00edcies de 0,2% (2\u2030) de inclina\u00e7\u00e3o para a elimina\u00e7\u00e3o correta e natural da \u00e1gua.<\/p>\n<p>[\/vc_column_text][\/vc_column][\/vc_row][vc_row][vc_column][vc_column_text]<\/p>\n<h2>Descobrir a nossa niveladoras de l\u00e1ser<\/h2>\n<p>[\/vc_column_text][\/vc_column][\/vc_row][vc_row][vc_column][vc_column_text]      <div id=\"post-grid-lazy-6546\" class=\"post-grid-lazy\"><img decoding=\"async\" alt=\"\" src=\"\" \/><\/div>\n    <script>\n      jQuery('#post-grid-lazy-6546').ready(function($) {\n        $('#post-grid-lazy-6546').fadeOut();\n        $('#post-grid-6546   ').fadeIn();\n      })\n    <\/script>\n    <style type=\"text\/css\">\n      #post-grid-6546 {\n        display: none;\n      }\n\n      .post-grid-lazy {\n        text-align: center;\n      }\n    <\/style>\n    <div data-options='{&quot;id&quot;:&quot;6546&quot;,&quot;lazy_load&quot;:&quot;yes&quot;,&quot;masonry_enable&quot;:&quot;no&quot;,&quot;view_type&quot;:&quot;grid&quot;}' id=\"post-grid-6546\" class=\"post-grid grid\">\n        <div class=\"grid-items\">\n      <div class=\"item item-3431 skin flat even 0 \">\n        <div class=\"layer-wrapper layout-6274\">\n          <div\n        class=\"element element_1626253626077  element-media \">\n        <a target=\"_self\" href=\"https:\/\/maralaser.wpdev.it\/pt-br\/produto\/grader\/\"><img loading=\"lazy\" decoding=\"async\" width=\"419\" height=\"400\" src=\"https:\/\/maralaser.wpdev.it\/wp-content\/uploads\/2015\/04\/mmg20-1-419x400.jpg\" class=\"attachment-medium size-medium wp-post-image\" alt=\"\" srcset=\"https:\/\/maralaser.wpdev.it\/wp-content\/uploads\/2015\/04\/mmg20-1-419x400.jpg 419w, https:\/\/maralaser.wpdev.it\/wp-content\/uploads\/2015\/04\/mmg20-1-600x573.jpg 600w, https:\/\/maralaser.wpdev.it\/wp-content\/uploads\/2015\/04\/mmg20-1-768x734.jpg 768w, https:\/\/maralaser.wpdev.it\/wp-content\/uploads\/2015\/04\/mmg20-1.jpg 900w\" sizes=\"auto, (max-width: 419px) 100vw, 419px\" \/><\/a>    <\/div>\n    <div class=\"element element_1626253616658  title_link \">\n                    <a target=\"_parent\"\n                href=\"https:\/\/maralaser.wpdev.it\/pt-br\/produto\/grader\/\">Grader<\/a>\n            <\/div>\n    <\/div>\n  <\/div><div class=\"item item-3429 skin flat odd 1 \">\n        <div class=\"layer-wrapper layout-6274\">\n          <div\n        class=\"element element_1626253626077  element-media \">\n        <a target=\"_self\" href=\"https:\/\/maralaser.wpdev.it\/pt-br\/produto\/niveladora-laser-m-25\/\"><img loading=\"lazy\" decoding=\"async\" width=\"419\" height=\"400\" src=\"https:\/\/maralaser.wpdev.it\/wp-content\/uploads\/2015\/03\/25m-419x400.jpg\" class=\"attachment-medium size-medium wp-post-image\" alt=\"\" srcset=\"https:\/\/maralaser.wpdev.it\/wp-content\/uploads\/2015\/03\/25m-419x400.jpg 419w, https:\/\/maralaser.wpdev.it\/wp-content\/uploads\/2015\/03\/25m-600x573.jpg 600w, https:\/\/maralaser.wpdev.it\/wp-content\/uploads\/2015\/03\/25m.jpg 900w\" sizes=\"auto, (max-width: 419px) 100vw, 419px\" \/><\/a>    <\/div>\n    <div class=\"element element_1626253616658  title_link \">\n                    <a target=\"_parent\"\n                href=\"https:\/\/maralaser.wpdev.it\/pt-br\/produto\/niveladora-laser-m-25\/\">Niveladora laser M &#8211; 25<\/a>\n            <\/div>\n    <\/div>\n  <\/div>    <\/div>\n    <div class=\"pagination\">\n      <div class=\"paginate\">\n      <\/div>\n  <style type=\"text\/css\">\n    #post-grid-6546 .pagination .page-numbers {\n      font-size: 16px;\n      color: #fff;\n      background: #646464;\n    }\n\n    #post-grid-6546 .pagination .page-numbers:hover,\n    #post-grid-6546 .pagination .page-numbers.current {\n      background: #4b4b4b;\n    }\n  <\/style>\n  <\/div>\n    <style type=\"text\/css\">\n        .layout-6274 .element_1626253626077 {\n            overflow: hidden;\n                    }\n\n        .layout-6274 .element_1626253626077 img {\n            max-width: 100%;\n            height: auto;\n        }\n\n        @media only screen and (min-width: 1024px) {\n            .layout-6274 .element_1626253626077 {\n                height: auto;\n                            }\n        }\n\n        @media only screen and (min-width: 768px) and (max-width: 1023px) {\n            .layout-6274 .element_1626253626077 {\n                height: auto;\n                            }\n        }\n\n        @media only screen and (min-width: 0px) and (max-width: 767px) {\n            .layout-6274 .element_1626253626077 {\n                height: auto;\n                            }\n        }\n    <\/style>\n    <style type=\"text\/css\">\n        .layout-6274 .element_1626253616658 {\n            text-align: center;\n                    }\n\n        .layout-6274 .element_1626253616658 a {\n                    }\n    <\/style>\n      <script>\n          <\/script>\n    <style type=\"text\/css\">\n    #post-grid-6546 {\n      padding: 10px;\n          }\n\n    #post-grid-6546 .item {\n      padding: 0px;\n      background: #fff;\n          }\n\n    #post-grid-6546 .item .layer-media {\n      height:auto;    }\n\n    @media only screen and (min-width: 0px) and (max-width: 767px) {\n      #post-grid-6546 .grid-items {\n        display: grid;\n        grid-template-columns: 1fr ;\n        column-gap: 10px;\n        row-gap: 10px;\n              }\n\n      #post-grid-6546 .item {\n        height:auto;      }\n    }\n\n    @media only screen and (min-width: 768px) and (max-width: 1023px) {\n      #post-grid-6546 .grid-items {\n        display: grid;\n        grid-template-columns: 1fr 1fr ;\n        column-gap: 10px;\n        row-gap: 10px;\n              }\n\n      #post-grid-6546 .item {\n        max-height:auto;      }\n    }\n\n    @media only screen and (min-width: 1024px) {\n      #post-grid-6546 .grid-items {\n        display: grid;\n        grid-template-columns: 1fr 1fr 1fr ;\n        column-gap: 10px;\n        row-gap: 10px;\n              }\n\n      #post-grid-6546 .item {\n        height:auto;      }\n    }\n\n      <\/style>\n  <\/div>\n[\/vc_column_text][\/vc_column][\/vc_row]<\/p>\n<\/div>","protected":false},"excerpt":{"rendered":"<p>[vc_row css=&#8221;.vc_custom_1439262636161{margin-bottom: 70px !important;}&#8221;][vc_column][vc_column_text] CONSTRU\u00c7\u00c3O CIVIL: trabalho mais simples e grande economia \u2192 investimento com alto rendimento Redu\u00e7\u00e3o do tempo de processamento (-20%), prepara\u00e7\u00e3o do canteiro de obras (-90%) e custos (-20%) Redu\u00e7\u00e3o do uso de concreto (-20%) Garantia da justa inclina\u00e7\u00e3o para o escoamento da \u00e1gua com inclina\u00e7\u00f5es de precis\u00e3o milim\u00e9trica Melhora o resultado [&hellip;]<\/p>\n","protected":false},"author":1,"featured_media":0,"parent":0,"menu_order":0,"comment_status":"closed","ping_status":"closed","template":"","meta":{"_acf_changed":false,"_monsterinsights_skip_tracking":false,"_monsterinsights_sitenote_active":false,"_monsterinsights_sitenote_note":"","_monsterinsights_sitenote_category":0,"footnotes":""},"class_list":["post-3158","page","type-page","status-publish","hentry"],"acf":[],"_links":{"self":[{"href":"https:\/\/maralaser.wpdev.it\/pt-br\/wp-json\/wp\/v2\/pages\/3158","targetHints":{"allow":["GET"]}}],"collection":[{"href":"https:\/\/maralaser.wpdev.it\/pt-br\/wp-json\/wp\/v2\/pages"}],"about":[{"href":"https:\/\/maralaser.wpdev.it\/pt-br\/wp-json\/wp\/v2\/types\/page"}],"author":[{"embeddable":true,"href":"https:\/\/maralaser.wpdev.it\/pt-br\/wp-json\/wp\/v2\/users\/1"}],"replies":[{"embeddable":true,"href":"https:\/\/maralaser.wpdev.it\/pt-br\/wp-json\/wp\/v2\/comments?post=3158"}],"version-history":[{"count":0,"href":"https:\/\/maralaser.wpdev.it\/pt-br\/wp-json\/wp\/v2\/pages\/3158\/revisions"}],"wp:attachment":[{"href":"https:\/\/maralaser.wpdev.it\/pt-br\/wp-json\/wp\/v2\/media?parent=3158"}],"curies":[{"name":"wp","href":"https:\/\/api.w.org\/{rel}","templated":true}]}}