{"id":3165,"date":"2016-04-13T22:38:57","date_gmt":"2016-04-13T21:38:57","guid":{"rendered":"https:\/\/maralaser.wpdev.it\/\/pt-br\/?page_id=3165"},"modified":"2016-05-05T10:33:31","modified_gmt":"2016-05-05T09:33:31","slug":"privacy-policy","status":"publish","type":"page","link":"https:\/\/maralaser.wpdev.it\/pt-br\/privacy-policy\/","title":{"rendered":"Privacy Policy"},"content":{"rendered":"<p>A informa\u00e7\u00e3o \u00e9 destinada a todos aqueles que interagem com as p\u00e1ginas do site, tanto para aqueles que usam o site sem registro, quanto para aqueles que quanto para aqueles que est\u00e3o registrados no site e utilizam nossos servi\u00e7os online para adquirir produtos. \u00c9 poss\u00edvel acessar o site sem a exig\u00eancia de conferir quaisquer dados pessoais.<\/p>\n<p>&nbsp;<\/p>\n<h3>Propriet\u00e1rio do Processamento dos Dados<\/h3>\n<p>Informamos que, nos termos do Decreto Legislativo 196\/2003, sobre disposi\u00e7\u00f5es para a prote\u00e7\u00e3o de pessoas e outros assuntos referentes ao processamento de dados pessoais,<br \/>\n<strong>MARA SRL<\/strong><\/p>\n<p>VIA ETTORE ARA, 70<br \/>\n13100 VERCELLI<\/p>\n<p>\u00c9 o propriet\u00e1rio do processamento dos dados pessoais que voc\u00ea forneceu, ou de outra forma adquiridos para a atividade.<br \/>\nPara o processamento dos dados pessoais queremos dizer a coleta, registro, organiza\u00e7\u00e3o, armazenamento, processamento, edi\u00e7\u00e3o, sele\u00e7\u00e3o, extra\u00e7\u00e3o, compara\u00e7\u00e3o, utiliza\u00e7\u00e3o, cruzamento, bloqueio, comunica\u00e7\u00e3o, difus\u00e3o, cancelamento e destrui\u00e7\u00e3o ou a combina\u00e7\u00e3o de duas ou mais destas opera\u00e7\u00f5es.<\/p>\n<p>As informa\u00e7\u00f5es fornecidas ser\u00e3o utilizadas para os seguintes fins:<br \/>\n\u2013 para prestar o servi\u00e7o e\/ou fornecer os produtos que voc\u00ea comprou;<br \/>\n\u2013 em rela\u00e7\u00e3o \u00e0s obriga\u00e7\u00f5es contratuais, pr\u00e9-contratuais ou de lei, exclusivamente para a finalidade de ordem administrativa e cont\u00e1bil;<br \/>\n\u2013 para dar execu\u00e7\u00e3o \u00e0 transa\u00e7\u00e3o que o usu\u00e1rio est\u00e1 efetuando;<br \/>\n\u2013 para cumprir as obriga\u00e7\u00f5es legislativas;<br \/>\n\u2013 para exig\u00eancias de tipo operacional, normativo, fiscal e de gest\u00e3o.<\/p>\n<p>Os dados n\u00e3o ser\u00e3o divulgados a outras partes e nem ser\u00e3o difundidos a terceiros.<\/p>\n<p>Ser\u00e3o recolhidos os seguintes dados:<br \/>\n\u2013 nome e sobrenome do cliente;<br \/>\n\u2013 endere\u00e7o do cliente;<br \/>\n\u2013 endere\u00e7o de e-mail pessoal;<br \/>\n\u2013 n\u00famero de telefone;<br \/>\n\u2013 CPF e CGC (este \u00faltimo s\u00f3 \u00e9 necess\u00e1rio se for requisitada nota fiscal, ou se tratar de empresa ou profissional liberal).<\/p>\n<p>Os dados solicitados s\u00e3o necess\u00e1rios para executar a transa\u00e7\u00e3o comercial e\/ou a presta\u00e7\u00e3o de servi\u00e7os de informa\u00e7\u00e3o, e na aus\u00eancia de apenas um deles, n\u00e3o \u00e9 poss\u00edvel continuar com o fornecimento dos bens ou a presta\u00e7\u00e3o do servi\u00e7o, uma vez que o propriet\u00e1rio do processamento dos dados n\u00e3o poder\u00e1 cumprir as obriga\u00e7\u00f5es pr\u00e9-contratuais, contratuais, normativas e fiscais.<br \/>\nO processamento dos dados ocorrer\u00e1 por meio de instrumentos apropriados que garantem a seguran\u00e7a e confidencialidade e tamb\u00e9m pode ser feita por meios de papel e\/ou instrumentos automatizados para armazenar, gerenciar e transmitir os dados.<\/p>\n<p>Informamos ainda que, nos termos do art. 13 do Decreto Legislativo 196\/2003, o usu\u00e1rio pode obter do propriet\u00e1rio do processamento a confirma\u00e7\u00e3o da exist\u00eancia ou n\u00e3o dos seus dados pessoais, e que esses sejam colocados \u00e0 sus disposi\u00e7\u00e3o de forma intelig\u00edvel. Ademais, o interessado tamb\u00e9m pode solicitar o conhecimento da origem e o conte\u00fado dos dados al\u00e9m da l\u00f3gica na qual se baseia o processamento; de verificar a sua exatid\u00e3o ou solicitar a integra\u00e7\u00e3o ou a atualiza\u00e7\u00e3o, e tamb\u00e9m a retifica\u00e7\u00e3o nos termos do artigo. 7 do Decreto-Lei. 196\/2003; para obter o cancelamento, a transforma\u00e7\u00e3o em forma an\u00f4nima ou o bloqueio dos dados tratados em viola\u00e7\u00e3o da lei; se opor, por raz\u00f5es leg\u00edtimas, ao processamento em si.<br \/>\nO propriet\u00e1rio do processamento dos dados informa que mais informa\u00e7\u00f5es sobre o processamento e a divulga\u00e7\u00e3o dos seus dados pessoais podem ser obtidos escrevendo para a pessoa respons\u00e1vel pelo processamento de dados no seguinte e-mail: info@maralaser.com<br \/>\nPara obter mais informa\u00e7\u00f5es a respeito de seus direitos \u00e0 privacidade, por favor visite o site da Ag\u00eancia de Garantia \u00e0 Privacidade <a href=\"http:\/\/www.garanteprivacy.it\">www.garanteprivacy.it<\/a>.<\/p>\n<p>&nbsp;<\/p>\n<h3>Tipos de dados coletados<\/h3>\n<p>Entre as informa\u00e7\u00f5es pessoais coletadas por este site, de forma independente ou atrav\u00e9s de terceiros, existem: Cookie, informa\u00e7\u00e3o estat\u00edstica sobre o uso, e-mail, nome, sobrenome e n\u00famero de telefone.<\/p>\n<p>Outros dados pessoais recolhidos poder\u00e3o ser indicados em outras se\u00e7\u00f5es desta pol\u00edtica de privacidade ou por textos informativos exibidos simultaneamente \u00e0 coleta dos dados propriamente ditos.<\/p>\n<p>Os dados pessoais podem ser digitados voluntariamente pelo usu\u00e1rio, ou coletados de modo autom\u00e1tico durante a navega\u00e7\u00e3o do site.<br \/>\nO eventual uso de cookies &#8211; ou outras ferramentas de monitoramento &#8211; como parte do site ou de servi\u00e7os de terceiros utilizados pelo site, salvo indica\u00e7\u00e3o em contr\u00e1rio, pretende identificar o usu\u00e1rio e registrar suas prefer\u00eancias para fins intimamente ligados \u00e0 presta\u00e7\u00e3o do servi\u00e7o solicitado pelo usu\u00e1rio, para maximizar a experi\u00eancia do usu\u00e1rio e a qualidade do uso da informa\u00e7\u00e3o no site.<\/p>\n<p>Caso o usu\u00e1rio n\u00e3o forne\u00e7a a autoriza\u00e7\u00e3o ou pro\u00edba o uso dos cookies pode impedir a esse site de fornecer adequadamente seus servi\u00e7os.<br \/>\nO usu\u00e1rio assume a responsabilidade dos dados pessoais de terceiros publicados ou compartilhados neste site e garante ter o direito de comunicar ou divulg\u00e1-los, eximindo o propriet\u00e1rio de qualquer responsabilidade em rela\u00e7\u00e3o a terceiros.<\/p>\n<p>&nbsp;<\/p>\n<h3>Modo e local de processamento dos dados recolhidos<\/h3>\n<p>O propriet\u00e1rio processa os dados pessoais dos usu\u00e1rios adotando as necess\u00e1rias medidas de seguran\u00e7a aplicadas para impedir o acesso, a divulga\u00e7\u00e3o, a modifica\u00e7\u00e3o ou a destrui\u00e7\u00e3o n\u00e3o autorizada dos dados pessoais.<\/p>\n<p>O processamento \u00e9 feito por meio de instrumentos inform\u00e1ticos e\/ou telem\u00e1ticos, como modalidades organizativas e com l\u00f3gicas estritamente relacionadas com as finalidades indicadas. Al\u00e9m do titular, em alguns casos, os dados podem ser acessados por alguns tipos de encarregados envolvidos na organiza\u00e7\u00e3o do site (pessoal administrativo, comercial, marketing, jur\u00eddico, sistema) ou por terceiros externos (tais como terceiros fornecedores de servi\u00e7os t\u00e9cnicos, servi\u00e7o postal, provedores de hospedagem, empresas inform\u00e1ticas, ag\u00eancias de comunica\u00e7\u00e3o) nomeados, se necess\u00e1rio, como Respons\u00e1veis pelo Processamento a mando do propriet\u00e1rio. A lista atualizada dos respons\u00e1veis poder\u00e1 sempre ser solicitada ao propriet\u00e1rio do processamento.<\/p>\n<p>&nbsp;<\/p>\n<h3>Lugar<\/h3>\n<p>Os dados s\u00e3o processados \u200b\u200bna sede operacional do propriet\u00e1rio e em qualquer outro lugar onde os envolvidos no processamento estejam localizados. Para mais informa\u00e7\u00f5es, entre em contato com o propriet\u00e1rio.<\/p>\n<p>&nbsp;<\/p>\n<h3>Tempos<\/h3>\n<p>Os dados s\u00e3o processados durante o tempo \u200b\u200bnecess\u00e1rio \u00e0 presta\u00e7\u00e3o do servi\u00e7o requisitado pelo usu\u00e1rio, ou exigido pelos fins descritos neste documento, e o Usu\u00e1rio pode sempre pedir a interrup\u00e7\u00e3o do Processamento ou o cancelamento dos Dados.<\/p>\n<p>&nbsp;<\/p>\n<h3>Finalidade do Processamento dos Dados recolhidos<\/h3>\n<p>Os dados do usu\u00e1rio s\u00e3o coletados para permitir que o propriet\u00e1rio possa fornecer os seus servi\u00e7os, bem como para as seguintes finalidades: a an\u00e1lise estat\u00edstica, ter informa\u00e7\u00f5es antes de contatar o usu\u00e1rio, permitir a intera\u00e7\u00e3o com as redes sociais e o uso de plataformas externas para a visualiza\u00e7\u00e3o dos conte\u00fados e informa\u00e7\u00f5es provenientes das plataformas externas.<br \/>\nOs tipos de dados pessoais utilizados para cada finalidade s\u00e3o indicados nas se\u00e7\u00f5es espec\u00edficas deste documento.<\/p>\n<p>&nbsp;<\/p>\n<h3>Detalhes sobre o processamento dos dados pessoais<\/h3>\n<p>Os dados pessoais s\u00e3o coletados para os seguintes fins e utilizando os seguintes servi\u00e7os:<\/p>\n<p>&nbsp;<\/p>\n<h3>M\u00f3dulos de contato (FORMUL\u00c1RIO)<\/h3>\n<p>O Usu\u00e1rio, ao preencher com os seus dados, os m\u00f3dulos de contato presentes no site, permite o uso das informa\u00e7\u00f5es comunicadas para responder aos pedidos de informa\u00e7\u00f5es, de or\u00e7amento ou de qualquer outra natureza indicado pelo formul\u00e1rio.<br \/>\nOs dados pessoais que podem ser coletados s\u00e3o: sobrenome, nome, raz\u00e3o social, e-mail, n\u00famero de telefone, descri\u00e7\u00e3o do pedido.<\/p>\n<p>&nbsp;<\/p>\n<h3>Intera\u00e7\u00e3o com redes sociais e plataformas externas<\/h3>\n<p>Esses widgets ou plugins instalados, permitem efetuar intera\u00e7\u00f5es com redes sociais, ou outras plataformas externas diretamente das p\u00e1ginas do site.<br \/>\nAs intera\u00e7\u00f5es e as informa\u00e7\u00f5es obtidas a partir deste site est\u00e3o em qualquer caso, sujeitas \u00e0s op\u00e7\u00f5es de privacidade do usu\u00e1rio relacionadas a qualquer rede social.<\/p>\n<p>&nbsp;<\/p>\n<h3>An\u00e1lise Estat\u00edstica<\/h3>\n<p>O uso do c\u00f3digo de monitoramento de Google Analytics contido no site, permitem que o propriet\u00e1rio use o controlador de dados para monitorar e analisar os dados de tr\u00e1fego e servem para monitorar o comportamento do usu\u00e1rio.<\/p>\n<p>A fim de n\u00e3o usar Cookies para perfil, neste site utilizamos Google Analytics com um IP an\u00f4nimo (Google Inc.).<\/p>\n<p>O Google Analytics \u00e9 um servi\u00e7o de anal\u00edtica de web fornecido pelo Google Inc. (\u201cGoogle\u201d). Google usa os dados pessoais coletados com a finalidade de avaliar a utiliza\u00e7\u00e3o desta aplica\u00e7\u00e3o, elaborar relat\u00f3rios e compartilh\u00e1-los com outros servi\u00e7os desenvolvidos pelo Google.<\/p>\n<p>Google pode usar essas informa\u00e7\u00f5es pessoais para contextualizar e personalizar os an\u00fancios de sua pr\u00f3pria rede de publicidade.<br \/>\nEsta integra\u00e7\u00e3o de Google Analytics faz com que o seu endere\u00e7o de IP seja an\u00f4nimo. A anonimiza\u00e7\u00e3o funciona encurtando o endere\u00e7o IP dos usu\u00e1rios dentro das fronteiras dos Estados-Membros da Uni\u00e3o Europeia ou em outros pa\u00edses que participam no acordo no Espa\u00e7o Econ\u00f4mico Europeu. Apenas em casos excepcionais, o endere\u00e7o IP ser\u00e1 enviado aos servidores do Google e abreviado dentro dos Estados Unidos.<\/p>\n<p>Dados pessoais coletados: cookies e dados de uso.<br \/>\nLocal do processamento: EUA \u2013 <a href=\"http:\/\/www.google.com\/intl\/en\/policies\/privacy\/\">Pol\u00edtica de Privacidade<\/a> \u2013 <a href=\"http:\/\/tools.google.com\/dlpage\/gaoptout?hl=it\">Sair<\/a><\/p>\n<h3>Informa\u00e7\u00f5es adicionais sobre o processamento<\/h3>\n<p>&nbsp;<\/p>\n<h3>Defesa em ju\u00edzo<\/h3>\n<p>Os dados pessoais do usu\u00e1rio podem ser usados para a defesa por parte do propriet\u00e1rio em ju\u00edzo ou nas fases preliminares \u00e0 sua eventual instaura\u00e7\u00e3o, contra a utiliza\u00e7\u00e3o indevida dos mesmos ou dos servi\u00e7os por parte do usu\u00e1rio.<br \/>\nO usu\u00e1rio declara estar ciente de que o propriet\u00e1rio pode ser obrigado a divulgar os dados a pedido das autoridades p\u00fablicas.<\/p>\n<p>&nbsp;<\/p>\n<h3>Informa\u00e7\u00f5es espec\u00edficas<\/h3>\n<p>A pedido do usu\u00e1rio, al\u00e9m das informa\u00e7\u00f5es contidas nesta pol\u00edtica de privacidade, este site pode fornecer aos usu\u00e1rios informa\u00e7\u00f5es adicionais e contextuais sobre os servi\u00e7os espec\u00edficos, ou a coleta e o processamento dos dados pessoais.<\/p>\n<p>&nbsp;<\/p>\n<h3>Log de Sistema e manuten\u00e7\u00e3o<\/h3>\n<p>Por necessidades ligadas ao funcionamento e \u00e0 manuten\u00e7\u00e3o, esta aplica\u00e7\u00e3o e quaisquer eventuais servi\u00e7os de terceiros utilizados podem coletar os Log de sistema, que s\u00e3o arquivos que registram as intera\u00e7\u00f5es e pode tamb\u00e9m conter informa\u00e7\u00f5es pessoais, como o endere\u00e7o IP do usu\u00e1rio.<\/p>\n<p>&nbsp;<\/p>\n<h3>Informa\u00e7\u00f5es n\u00e3o contidas nesta pol\u00edtica<\/h3>\n<p>Mais informa\u00e7\u00f5es em rela\u00e7\u00e3o ao processamento dos dados pessoais podem ser solicitadas a qualquer momento para o propriet\u00e1rio do processamento usando as informa\u00e7\u00f5es de contato.<\/p>\n<p>&nbsp;<\/p>\n<h3>Exerc\u00edcio dos direitos por parte dos usu\u00e1rios<\/h3>\n<p>Os sujeitos aos quais se referem os dados pessoais t\u00eam o direito a qualquer momento de obter a confirma\u00e7\u00e3o da exist\u00eancia ou n\u00e3o dos mesmos por parte do propriet\u00e1rio do processamento para conhecer o conte\u00fado e a origem, para verificar a sua exatid\u00e3o ou solicitar a sua integra\u00e7\u00e3o, a retifica\u00e7\u00e3o, a transforma\u00e7\u00e3o em forma an\u00f4nima ou o bloqueio dos dados pessoais tratados em viola\u00e7\u00e3o da lei, e se opor a qualquer caso, por motivos leg\u00edtimos, ao seu processamento Os pedidos devem ser dirigidos ao Titular do Processamento.<br \/>\nEste site n\u00e3o suporta solicita\u00e7\u00f5es &#8220;Do Not Track&#8221;. Para saber se os eventuais servi\u00e7os de terceiros utilizados as suportam, consulte as suas pol\u00edticas de privacidade.<\/p>\n<p>&nbsp;<\/p>\n<h3>Altera\u00e7\u00f5es a esta pol\u00edtica de privacidade<\/h3>\n<p>O propriet\u00e1rio do processamento se reserva o direito de fazer altera\u00e7\u00f5es a esta pol\u00edtica de privacidade a qualquer momento, comunicando-o aos usu\u00e1rios desta p\u00e1gina. Portanto, pedimos encarecidamente que consulte frequentemente esta p\u00e1gina, tomando como refer\u00eancia a data da \u00faltima modifica\u00e7\u00e3o indicada no final da mesma. No caso de n\u00e3o-aceita\u00e7\u00e3o de quaisquer altera\u00e7\u00f5es feitas \u00e0 presente pol\u00edtica de privacidade, o usu\u00e1rio deve suspender a navega\u00e7\u00e3o nesse site e pode pedir ao propriet\u00e1rio do processamento de remover os pr\u00f3prios dados pessoais. Exceto em disposi\u00e7\u00e3o em contr\u00e1rio, a pol\u00edtica de privacidade acima continuar\u00e1 a ser aplicada aos dados pessoais recolhidos at\u00e9 agora.<\/p>\n<p>&nbsp;<\/p>\n<h3>Informa\u00e7\u00f5es sobre esta pol\u00edtica de privacidade<\/h3>\n<p>O propriet\u00e1rio do processamento dos dados \u00e9 respons\u00e1vel por esta pol\u00edtica de privacidade.<\/p>\n<p>Dados pessoais (ou dados)<br \/>\nConstituem dados pessoais qualquer informa\u00e7\u00e3o relativa a uma \u00fanica pessoa f\u00edsica, identificada ou identific\u00e1vel, mesmo indiretamente, mediante refer\u00eancia a qualquer outra informa\u00e7\u00e3o, incluindo um n\u00famero de identifica\u00e7\u00e3o pessoal.<\/p>\n<p>&nbsp;<\/p>\n<h3>Dados Utilizados<\/h3>\n<p>S\u00e3o os dados pessoais coletados automaticamente pela Aplica\u00e7\u00e3o (ou por aplica\u00e7\u00f5es de terceiros que a mesma utilizar), incluindo: os endere\u00e7os IP ou os nomes de dom\u00ednio dos computadores utilizados pelo Usu\u00e1rio que se conecta \u00e0 aplica\u00e7\u00e3o, os endere\u00e7os em nota\u00e7\u00e3o URI (Uniform Resource Identifier), o hor\u00e1rio do pedido, o m\u00e9todo utilizado ao indicar o estado da resposta do servidor (bem-sucedida, erro, etc.), o pa\u00eds de origem, as caracter\u00edsticas do navegador e sistema operativo utilizado pelo visitante, as v\u00e1rias conota\u00e7\u00f5es temporais da visita (por exemplo, o tempo gasto em cada p\u00e1gina) e os detalhes sobre o caminho seguido no interior da Aplica\u00e7\u00e3o, com particular refer\u00eancia \u00e0 sequ\u00eancia das p\u00e1ginas visitadas, aos par\u00e2metros relacionados com o sistema operativo e ao ambiente inform\u00e1tico do Usu\u00e1rio.<\/p>\n<p>&nbsp;<\/p>\n<h3>Usu\u00e1rio<\/h3>\n<p>O indiv\u00edduo que usa esta Aplica\u00e7\u00e3o, que deve coincidir com o interessado ou ser por ele autorizado e cujos Dados Pessoais s\u00e3o objetos do processamento.<\/p>\n<p>&nbsp;<\/p>\n<h3>Interessado<\/h3>\n<p>A pessoa f\u00edsica ou jur\u00eddica \u00e0 qual se referem os dados pessoais.<\/p>\n<p>O Respons\u00e1vel pelo processamento (ou Respons\u00e1vel)<br \/>\nA pessoa f\u00edsica, jur\u00eddica, a administra\u00e7\u00e3o p\u00fablica e qualquer outra entidade, associa\u00e7\u00e3o ou organismo delegados pelo Propriet\u00e1rio do processamento dos Dados Pessoais, conforme predisposto por esta pol\u00edtica de privacidade.<\/p>\n<p>&nbsp;<\/p>\n<h3>Propriet\u00e1rio do Processamento (ou Propriet\u00e1rio)<\/h3>\n<p>A pessoa f\u00edsica, jur\u00eddica, a administra\u00e7\u00e3o p\u00fablica ou qualquer outra entidade, associa\u00e7\u00e3o ou organiza\u00e7\u00e3o competentes, mesmo em conjunto a um outro propriet\u00e1rio, as decis\u00f5es em m\u00e9rito \u00e0s finalidades, as modalidades do processamento dos dados pessoais e os instrumentos utilizados, incluindo o perfil de seguran\u00e7a, em rela\u00e7\u00e3o ao funcionamento e \u00e0 utiliza\u00e7\u00e3o deste site. O propriet\u00e1rio dos dados, a menos que especificado em contr\u00e1rio, \u00e9 o propriet\u00e1rio deste site.<\/p>\n<p>&nbsp;<\/p>\n<h3>Este site<\/h3>\n<p>O instrumento composto de p\u00e1ginas HTML exibidas no navegador por meio do qual s\u00e3o recolhidas as informa\u00e7\u00f5es pessoais dos usu\u00e1rios.<\/p>\n<p>&nbsp;<\/p>\n<h3>Cookies<\/h3>\n<p>Pequenos arquivos de texto contendo informa\u00e7\u00f5es e armazenados no dispositivo usado para navegar no site pelo usu\u00e1rio.<\/p>\n<p>&nbsp;<\/p>\n<h3>Informa\u00e7\u00f5es legais<\/h3>\n<p>Aviso aos usu\u00e1rios europeus: a presente informativa de privacidade foi preparada em cumprimento das obriga\u00e7\u00f5es decorrentes do Art. 10 da Diretiva n. 95\/46\/CE e com as disposi\u00e7\u00f5es da Diretiva 2002\/58\/CE, como atualizada pela Diretiva 2009\/136\/CE, no que diz respeito aos Cookies.<br \/>\nEsta pol\u00edtica de privacidade aplica-se apenas a este site.<\/p>\n","protected":false},"excerpt":{"rendered":"<p>A informa\u00e7\u00e3o \u00e9 destinada a todos aqueles que interagem com as p\u00e1ginas do site, tanto para aqueles que usam o site sem registro, quanto para aqueles que quanto para aqueles que est\u00e3o registrados no site e utilizam nossos servi\u00e7os online para adquirir produtos. \u00c9 poss\u00edvel acessar o site sem a exig\u00eancia de conferir quaisquer dados [&hellip;]<\/p>\n","protected":false},"author":1,"featured_media":0,"parent":0,"menu_order":0,"comment_status":"closed","ping_status":"closed","template":"","meta":{"_acf_changed":false,"_monsterinsights_skip_tracking":false,"_monsterinsights_sitenote_active":false,"_monsterinsights_sitenote_note":"","_monsterinsights_sitenote_category":0,"footnotes":""},"class_list":["post-3165","page","type-page","status-publish","hentry"],"acf":[],"_links":{"self":[{"href":"https:\/\/maralaser.wpdev.it\/pt-br\/wp-json\/wp\/v2\/pages\/3165","targetHints":{"allow":["GET"]}}],"collection":[{"href":"https:\/\/maralaser.wpdev.it\/pt-br\/wp-json\/wp\/v2\/pages"}],"about":[{"href":"https:\/\/maralaser.wpdev.it\/pt-br\/wp-json\/wp\/v2\/types\/page"}],"author":[{"embeddable":true,"href":"https:\/\/maralaser.wpdev.it\/pt-br\/wp-json\/wp\/v2\/users\/1"}],"replies":[{"embeddable":true,"href":"https:\/\/maralaser.wpdev.it\/pt-br\/wp-json\/wp\/v2\/comments?post=3165"}],"version-history":[{"count":0,"href":"https:\/\/maralaser.wpdev.it\/pt-br\/wp-json\/wp\/v2\/pages\/3165\/revisions"}],"wp:attachment":[{"href":"https:\/\/maralaser.wpdev.it\/pt-br\/wp-json\/wp\/v2\/media?parent=3165"}],"curies":[{"name":"wp","href":"https:\/\/api.w.org\/{rel}","templated":true}]}}