{"id":3171,"date":"2016-04-13T23:04:40","date_gmt":"2016-04-13T22:04:40","guid":{"rendered":"https:\/\/maralaser.wpdev.it\/\/pt-br\/?page_id=3171"},"modified":"2025-11-25T11:52:09","modified_gmt":"2025-11-25T10:52:09","slug":"campos-desportivos","status":"publish","type":"page","link":"https:\/\/maralaser.wpdev.it\/pt-br\/campos-desportivos\/","title":{"rendered":"Campos desportivos"},"content":{"rendered":"<div class=\"wpb-content-wrapper\"><p>[vc_row css=&#8221;.vc_custom_1439262636161{margin-bottom: 70px !important;}&#8221;][vc_column][vc_column_text css=&#8221;&#8221;]<\/p>\n<p style=\"font-size: 20px;\"><strong>CAMPOS ESPORTIVOS: manuten\u00e7\u00e3o f\u00e1cil do gramado sem necessidade de substituir o campo (para campos j\u00e1 existentes)<\/strong><\/p>\n<blockquote>\n<ul style=\"font-size: 20px; text-align: justify;\">\n<li>Garantir a inclina\u00e7\u00e3o correta para o escoamento da \u00e1gua da chuva<\/li>\n<li>Adicionar novo solo, reparar depress\u00f5es do campo sem substituir o gramado e evitar o ac\u00famulo de \u00e1gua<\/li>\n<li>Obter uma apar\u00eancia perfeita, mesmo em longas dist\u00e2ncias<\/li>\n<li>Inclina\u00e7\u00f5es precisas ao mil\u00edmetro<\/li>\n<li>Campos gramados dispon\u00edveis logo ap\u00f3s a manuten\u00e7\u00e3o<\/li>\n<\/ul>\n<\/blockquote>\n<p style=\"font-size: 20px; text-align: justify;\">Gra\u00e7as ao alto n\u00edvel de precis\u00e3o dos <strong>niveladores MARA<\/strong>, \u00e9 poss\u00edvel redistribuir uma fina camada de solo sobre o gramado existente. Utilizando esta t\u00e9cnica, voc\u00ea pode realizar uma manuten\u00e7\u00e3o eficaz dos campos esportivos sobre o gramado j\u00e1 existente, ao mesmo tempo em que nivela as depress\u00f5es causadas pelos jogadores em diferentes \u00e1reas do campo. Isso proporciona um resultado de baixo custo e um r\u00e1pido retorno \u00e0s atividades programadas.<\/p>\n<p style=\"font-size: 20px; text-align: justify;\">O equipamento \u00e9 capaz de obter dois planos inclinados precisos, permitindo um r\u00e1pido escoamento da \u00e1gua. Al\u00e9m disso, \u00e9 poss\u00edvel configurar facilmente uma ou duas inclina\u00e7\u00f5es para o fluxo natural da \u00e1gua da chuva ou de irriga\u00e7\u00e3o, garantindo maior sa\u00fade do gramado e melhores resultados tanto funcionais quanto est\u00e9ticos.<\/p>\n<p style=\"font-size: 20px; text-align: justify;\">Os pequenos niveladores MARA s\u00e3o leves, \u00e1geis, f\u00e1ceis de manusear e podem ser rebocados por tratores normalmente utilizados na manuten\u00e7\u00e3o de \u00e1reas verdes, pois requerem pouca pot\u00eancia.<\/p>\n<p style=\"font-size: 20px; text-align: justify;\">Em conclus\u00e3o, bastam poucos passos e o trabalho est\u00e1 conclu\u00eddo!<\/p>\n<p>[\/vc_column_text][\/vc_column][\/vc_row][vc_row][vc_column][vc_column_text]<\/p>\n<h2>Descubra nossos niveladores a laser<\/h2>\n<p>[\/vc_column_text][\/vc_column][\/vc_row][vc_row][vc_column][vc_column_text css=&#8221;&#8221;]      <div id=\"post-grid-lazy-6717\" class=\"post-grid-lazy\"><img decoding=\"async\" alt=\"\" src=\"\" \/><\/div>\n    <script>\n      jQuery('#post-grid-lazy-6717').ready(function($) {\n        $('#post-grid-lazy-6717').fadeOut();\n        $('#post-grid-6717   ').fadeIn();\n      })\n    <\/script>\n    <style type=\"text\/css\">\n      #post-grid-6717 {\n        display: none;\n      }\n\n      .post-grid-lazy {\n        text-align: center;\n      }\n    <\/style>\n    <div data-options='{&quot;id&quot;:&quot;6717&quot;,&quot;lazy_load&quot;:&quot;yes&quot;,&quot;masonry_enable&quot;:&quot;no&quot;,&quot;view_type&quot;:&quot;grid&quot;}' id=\"post-grid-6717\" class=\"post-grid grid\">\n        <div class=\"grid-items\">\n      <div class=\"item item-3431 skin flat even 0 \">\n        <div class=\"layer-wrapper layout-6274\">\n          <div\n        class=\"element element_1626253626077  element-media \">\n        <a target=\"_self\" href=\"https:\/\/maralaser.wpdev.it\/pt-br\/produto\/grader\/\"><img loading=\"lazy\" decoding=\"async\" width=\"419\" height=\"400\" src=\"https:\/\/maralaser.wpdev.it\/wp-content\/uploads\/2015\/04\/mmg20-1-419x400.jpg\" class=\"attachment-medium size-medium wp-post-image\" alt=\"\" srcset=\"https:\/\/maralaser.wpdev.it\/wp-content\/uploads\/2015\/04\/mmg20-1-419x400.jpg 419w, https:\/\/maralaser.wpdev.it\/wp-content\/uploads\/2015\/04\/mmg20-1-600x573.jpg 600w, https:\/\/maralaser.wpdev.it\/wp-content\/uploads\/2015\/04\/mmg20-1-768x734.jpg 768w, https:\/\/maralaser.wpdev.it\/wp-content\/uploads\/2015\/04\/mmg20-1.jpg 900w\" sizes=\"auto, (max-width: 419px) 100vw, 419px\" \/><\/a>    <\/div>\n    <div class=\"element element_1626253616658  title_link \">\n                    <a target=\"_parent\"\n                href=\"https:\/\/maralaser.wpdev.it\/pt-br\/produto\/grader\/\">Grader<\/a>\n            <\/div>\n    <\/div>\n  <\/div><div class=\"item item-3430 skin flat odd 1 \">\n        <div class=\"layer-wrapper layout-6274\">\n          <div\n        class=\"element element_1626253626077  element-media \">\n        <a target=\"_self\" href=\"https:\/\/maralaser.wpdev.it\/pt-br\/produto\/niveladora-laser-mj-20\/\"><img loading=\"lazy\" decoding=\"async\" width=\"419\" height=\"400\" src=\"https:\/\/maralaser.wpdev.it\/wp-content\/uploads\/2015\/04\/j10m-1-419x400.jpg\" class=\"attachment-medium size-medium wp-post-image\" alt=\"\" srcset=\"https:\/\/maralaser.wpdev.it\/wp-content\/uploads\/2015\/04\/j10m-1-419x400.jpg 419w, https:\/\/maralaser.wpdev.it\/wp-content\/uploads\/2015\/04\/j10m-1-600x573.jpg 600w, https:\/\/maralaser.wpdev.it\/wp-content\/uploads\/2015\/04\/j10m-1-768x734.jpg 768w, https:\/\/maralaser.wpdev.it\/wp-content\/uploads\/2015\/04\/j10m-1.jpg 900w\" sizes=\"auto, (max-width: 419px) 100vw, 419px\" \/><\/a>    <\/div>\n    <div class=\"element element_1626253616658  title_link \">\n                    <a target=\"_parent\"\n                href=\"https:\/\/maralaser.wpdev.it\/pt-br\/produto\/niveladora-laser-mj-20\/\">Niveladora laser MJ &#8211; 20<\/a>\n            <\/div>\n    <\/div>\n  <\/div><div class=\"item item-3429 skin flat even 2 \">\n        <div class=\"layer-wrapper layout-6274\">\n          <div\n        class=\"element element_1626253626077  element-media \">\n        <a target=\"_self\" href=\"https:\/\/maralaser.wpdev.it\/pt-br\/produto\/niveladora-laser-m-25\/\"><img loading=\"lazy\" decoding=\"async\" width=\"419\" height=\"400\" src=\"https:\/\/maralaser.wpdev.it\/wp-content\/uploads\/2015\/03\/25m-419x400.jpg\" class=\"attachment-medium size-medium wp-post-image\" alt=\"\" srcset=\"https:\/\/maralaser.wpdev.it\/wp-content\/uploads\/2015\/03\/25m-419x400.jpg 419w, https:\/\/maralaser.wpdev.it\/wp-content\/uploads\/2015\/03\/25m-600x573.jpg 600w, https:\/\/maralaser.wpdev.it\/wp-content\/uploads\/2015\/03\/25m.jpg 900w\" sizes=\"auto, (max-width: 419px) 100vw, 419px\" \/><\/a>    <\/div>\n    <div class=\"element element_1626253616658  title_link \">\n                    <a target=\"_parent\"\n                href=\"https:\/\/maralaser.wpdev.it\/pt-br\/produto\/niveladora-laser-m-25\/\">Niveladora laser M &#8211; 25<\/a>\n            <\/div>\n    <\/div>\n  <\/div><div class=\"item item-3428 skin flat odd 3 \">\n        <div class=\"layer-wrapper layout-6274\">\n          <div\n        class=\"element element_1626253626077  element-media \">\n        <a target=\"_self\" href=\"https:\/\/maralaser.wpdev.it\/pt-br\/produto\/niveladora-laser-mi-25\/\"><img loading=\"lazy\" decoding=\"async\" width=\"419\" height=\"400\" src=\"https:\/\/maralaser.wpdev.it\/wp-content\/uploads\/2015\/04\/25mi-1-419x400.jpg\" class=\"attachment-medium size-medium wp-post-image\" alt=\"\" srcset=\"https:\/\/maralaser.wpdev.it\/wp-content\/uploads\/2015\/04\/25mi-1-419x400.jpg 419w, https:\/\/maralaser.wpdev.it\/wp-content\/uploads\/2015\/04\/25mi-1-600x573.jpg 600w, https:\/\/maralaser.wpdev.it\/wp-content\/uploads\/2015\/04\/25mi-1-768x734.jpg 768w, https:\/\/maralaser.wpdev.it\/wp-content\/uploads\/2015\/04\/25mi-1.jpg 900w\" sizes=\"auto, (max-width: 419px) 100vw, 419px\" \/><\/a>    <\/div>\n    <div class=\"element element_1626253616658  title_link \">\n                    <a target=\"_parent\"\n                href=\"https:\/\/maralaser.wpdev.it\/pt-br\/produto\/niveladora-laser-mi-25\/\">Niveladora laser MI &#8211; 25<\/a>\n            <\/div>\n    <\/div>\n  <\/div>    <\/div>\n    <div class=\"pagination\">\n      <div class=\"paginate\">\n      <\/div>\n  <style type=\"text\/css\">\n    #post-grid-6717 .pagination .page-numbers {\n      font-size: 16px;\n      color: #fff;\n      background: #646464;\n    }\n\n    #post-grid-6717 .pagination .page-numbers:hover,\n    #post-grid-6717 .pagination .page-numbers.current {\n      background: #4b4b4b;\n    }\n  <\/style>\n  <\/div>\n    <style type=\"text\/css\">\n        .layout-6274 .element_1626253626077 {\n            overflow: hidden;\n                    }\n\n        .layout-6274 .element_1626253626077 img {\n            max-width: 100%;\n            height: auto;\n        }\n\n        @media only screen and (min-width: 1024px) {\n            .layout-6274 .element_1626253626077 {\n                height: auto;\n                            }\n        }\n\n        @media only screen and (min-width: 768px) and (max-width: 1023px) {\n            .layout-6274 .element_1626253626077 {\n                height: auto;\n                            }\n        }\n\n        @media only screen and (min-width: 0px) and (max-width: 767px) {\n            .layout-6274 .element_1626253626077 {\n                height: auto;\n                            }\n        }\n    <\/style>\n    <style type=\"text\/css\">\n        .layout-6274 .element_1626253616658 {\n            text-align: center;\n                    }\n\n        .layout-6274 .element_1626253616658 a {\n                    }\n    <\/style>\n      <script>\n          <\/script>\n    <style type=\"text\/css\">\n    #post-grid-6717 {\n      padding: 10px;\n          }\n\n    #post-grid-6717 .item {\n      padding: 0px;\n      background: #fff;\n          }\n\n    #post-grid-6717 .item .layer-media {\n      height:auto;    }\n\n    @media only screen and (min-width: 0px) and (max-width: 767px) {\n      #post-grid-6717 .grid-items {\n        display: grid;\n        grid-template-columns: 1fr ;\n        column-gap: 10px;\n        row-gap: 10px;\n              }\n\n      #post-grid-6717 .item {\n        height:auto;      }\n    }\n\n    @media only screen and (min-width: 768px) and (max-width: 1023px) {\n      #post-grid-6717 .grid-items {\n        display: grid;\n        grid-template-columns: 1fr 1fr ;\n        column-gap: 10px;\n        row-gap: 10px;\n              }\n\n      #post-grid-6717 .item {\n        max-height:auto;      }\n    }\n\n    @media only screen and (min-width: 1024px) {\n      #post-grid-6717 .grid-items {\n        display: grid;\n        grid-template-columns: 1fr 1fr 1fr ;\n        column-gap: 10px;\n        row-gap: 10px;\n              }\n\n      #post-grid-6717 .item {\n        height:auto;      }\n    }\n\n      <\/style>\n  <\/div>\n[\/vc_column_text][\/vc_column][\/vc_row]<\/p>\n<\/div>","protected":false},"excerpt":{"rendered":"<p>[vc_row css=&#8221;.vc_custom_1439262636161{margin-bottom: 70px !important;}&#8221;][vc_column][vc_column_text css=&#8221;&#8221;] CAMPOS ESPORTIVOS: manuten\u00e7\u00e3o f\u00e1cil do gramado sem necessidade de substituir o campo (para campos j\u00e1 existentes) Garantir a inclina\u00e7\u00e3o correta para o escoamento da \u00e1gua da chuva Adicionar novo solo, reparar depress\u00f5es do campo sem substituir o gramado e evitar o ac\u00famulo de \u00e1gua Obter uma apar\u00eancia perfeita, mesmo em [&hellip;]<\/p>\n","protected":false},"author":1,"featured_media":0,"parent":0,"menu_order":0,"comment_status":"closed","ping_status":"closed","template":"","meta":{"_acf_changed":false,"_monsterinsights_skip_tracking":false,"_monsterinsights_sitenote_active":false,"_monsterinsights_sitenote_note":"","_monsterinsights_sitenote_category":0,"footnotes":""},"class_list":["post-3171","page","type-page","status-publish","hentry"],"acf":[],"_links":{"self":[{"href":"https:\/\/maralaser.wpdev.it\/pt-br\/wp-json\/wp\/v2\/pages\/3171","targetHints":{"allow":["GET"]}}],"collection":[{"href":"https:\/\/maralaser.wpdev.it\/pt-br\/wp-json\/wp\/v2\/pages"}],"about":[{"href":"https:\/\/maralaser.wpdev.it\/pt-br\/wp-json\/wp\/v2\/types\/page"}],"author":[{"embeddable":true,"href":"https:\/\/maralaser.wpdev.it\/pt-br\/wp-json\/wp\/v2\/users\/1"}],"replies":[{"embeddable":true,"href":"https:\/\/maralaser.wpdev.it\/pt-br\/wp-json\/wp\/v2\/comments?post=3171"}],"version-history":[{"count":0,"href":"https:\/\/maralaser.wpdev.it\/pt-br\/wp-json\/wp\/v2\/pages\/3171\/revisions"}],"wp:attachment":[{"href":"https:\/\/maralaser.wpdev.it\/pt-br\/wp-json\/wp\/v2\/media?parent=3171"}],"curies":[{"name":"wp","href":"https:\/\/api.w.org\/{rel}","templated":true}]}}