{"id":3922,"date":"2016-05-20T16:26:44","date_gmt":"2016-05-20T15:26:44","guid":{"rendered":"https:\/\/maralaser.wpdev.it\/pt-br\/?page_id=3922"},"modified":"2016-07-05T10:26:26","modified_gmt":"2016-07-05T09:26:26","slug":"seja-um-distribuidor","status":"publish","type":"page","link":"https:\/\/maralaser.wpdev.it\/pt-br\/seja-um-distribuidor\/","title":{"rendered":"Seja um distribuidor"},"content":{"rendered":"<div class=\"wpb-content-wrapper\"><p>[vc_row el_class=&#8221;no-space-bottom&#8221;][vc_column width=&#8221;1\/4&#8243;][vc_single_image image=&#8221;3885&#8243; img_size=&#8221;full&#8221; el_class=&#8221;no-space-bottom&#8221;][vc_row_inner][vc_column_inner][\/vc_column_inner][\/vc_row_inner][\/vc_column][vc_column width=&#8221;3\/4&#8243;][vc_column_text]<\/p>\n<p style=\"text-align: justify; font-size: 20px;\">Por mais de 30\u00a0anos, a MARA tem como objetivo produzir as <strong>melhoras niveladoras laser do mercado<\/strong>. Investimentos, projetos, testes e controles no campo fizeram da MARA uma empresa capaz de vender as pr\u00f3prias niveladoras em mais de <strong>30 pa\u00edses no mundo inteiro<\/strong>. Nossa rede de vendas, em cont\u00ednuo desenvolvimento, permite ao cliente usar e beneficiar-se de todas as vantagens oferecidas pelas m\u00e1quinas da MARA.<\/p>\n<p style=\"text-align: justify; font-size: 20px;\">Ser representante da MARA \u00e9 uma excelente oportunidade para todos os empres\u00e1rios que operam no\u00a0<strong>setor das m\u00e1quinas agr\u00edcolas, na constru\u00e7\u00e3o civil, na constru\u00e7\u00e3o de estradas e grandes infraestruturas<\/strong>, poder gerir um neg\u00f3cio rent\u00e1vel.<\/p>\n<p>[\/vc_column_text][\/vc_column][\/vc_row][vc_row full_width=&#8221;stretch_row&#8221; css=&#8221;.vc_custom_1463997099709{background-color: #111111 !important;}&#8221;][vc_column width=&#8221;1\/4&#8243;][vc_single_image image=&#8221;3923&#8243; img_size=&#8221;large&#8221; css=&#8221;.vc_custom_1463997084613{padding-top: 80px !important;padding-bottom: 80px !important;}&#8221;][\/vc_column][vc_column width=&#8221;3\/4&#8243; css=&#8221;.vc_custom_1463997112979{padding-top: 60px !important;padding-bottom: 60px !important;}&#8221;][vc_column_text]<\/p>\n<h2 style=\"color: #fcce38;\">NAO ESPERE MAIS!<\/h2>\n<p>[\/vc_column_text][vc_column_text]<\/p>\n<h2 style=\"text-align: justify; color: #ffffff; font-size: 30px;\"><strong>Aumente os seus neg\u00f3cios e fa\u00e7a seus clientes felizes!<\/strong><\/h2>\n<p>[\/vc_column_text][vc_column_text]<\/p>\n<p style=\"text-align: justify; font-size: 20px;\">Envie-nos uma breve descri\u00e7\u00e3o da sua empresa, a \u00e1rea em que atua e do setor\u00a0empresarial e responderemos imediatamente.<\/p>\n<p>[\/vc_column_text][\/vc_column][\/vc_row][vc_row full_width=&#8221;stretch_row&#8221; content_placement=&#8221;middle&#8221; parallax=&#8221;content-moving&#8221; el_class=&#8221;be-a-piece-of-us grey middle&#8221; css=&#8221;.vc_custom_1463748730277{margin-bottom: 0px !important;padding-top: 35px !important;padding-bottom: 38px !important;background-color: #eeeeee !important;}&#8221;][vc_column width=&#8221;1\/6&#8243; el_class=&#8221;center middle&#8221; css=&#8221;.vc_custom_1462398176646{background-color: #eeeeee !important;}&#8221;][thememove_icon type=&#8221;pe7stroke&#8221; icon_pe7stroke=&#8221;pe-7s-mail-open-file&#8221; font_size=&#8221;30&#8243; font_color=&#8221;#16000b&#8221; el_class=&#8221;center&#8221;][\/vc_column][vc_column width=&#8221;5\/12&#8243; el_class=&#8221;center-xs start-sm wpb_column vc_column_container&#8221;][vc_custom_heading text=&#8221;Quer saber mais sobre os produtos Mara?&#8221; font_container=&#8221;tag:h2|text_align:left|color:%23333333&#8243; use_theme_fonts=&#8221;yes&#8221;][\/vc_column][vc_column width=&#8221;5\/12&#8243; el_class=&#8221;center middle&#8221;][thememove_button add_icon=&#8221;yes&#8221; icon_fontawesome=&#8221;fa fa-angle-double-right&#8221; text=&#8221;ENTRE EM CONTATO CONOSCO ATRAV\u00c9S DO FORMUL\u00c1RIO , TELEFONE, E-MAIL&#8221; link=&#8221;url:%2Fpt-br%2Fcontatos%2F|title:Contacte-nos%20agora|&#8221;][\/vc_column][\/vc_row]<\/p>\n<\/div>","protected":false},"excerpt":{"rendered":"<p>[vc_row el_class=&#8221;no-space-bottom&#8221;][vc_column width=&#8221;1\/4&#8243;][vc_single_image image=&#8221;3885&#8243; img_size=&#8221;full&#8221; el_class=&#8221;no-space-bottom&#8221;][vc_row_inner][vc_column_inner][\/vc_column_inner][\/vc_row_inner][\/vc_column][vc_column width=&#8221;3\/4&#8243;][vc_column_text] Por mais de 30\u00a0anos, a MARA tem como objetivo produzir as melhoras niveladoras laser do mercado. Investimentos, projetos, testes e controles no campo fizeram da MARA uma empresa capaz de vender as pr\u00f3prias niveladoras em mais de 30 pa\u00edses no mundo inteiro. Nossa rede de vendas, em cont\u00ednuo [&hellip;]<\/p>\n","protected":false},"author":1,"featured_media":0,"parent":0,"menu_order":0,"comment_status":"open","ping_status":"closed","template":"","meta":{"_acf_changed":false,"_monsterinsights_skip_tracking":false,"_monsterinsights_sitenote_active":false,"_monsterinsights_sitenote_note":"","_monsterinsights_sitenote_category":0,"footnotes":""},"class_list":["post-3922","page","type-page","status-publish","hentry"],"acf":[],"_links":{"self":[{"href":"https:\/\/maralaser.wpdev.it\/pt-br\/wp-json\/wp\/v2\/pages\/3922","targetHints":{"allow":["GET"]}}],"collection":[{"href":"https:\/\/maralaser.wpdev.it\/pt-br\/wp-json\/wp\/v2\/pages"}],"about":[{"href":"https:\/\/maralaser.wpdev.it\/pt-br\/wp-json\/wp\/v2\/types\/page"}],"author":[{"embeddable":true,"href":"https:\/\/maralaser.wpdev.it\/pt-br\/wp-json\/wp\/v2\/users\/1"}],"replies":[{"embeddable":true,"href":"https:\/\/maralaser.wpdev.it\/pt-br\/wp-json\/wp\/v2\/comments?post=3922"}],"version-history":[{"count":0,"href":"https:\/\/maralaser.wpdev.it\/pt-br\/wp-json\/wp\/v2\/pages\/3922\/revisions"}],"wp:attachment":[{"href":"https:\/\/maralaser.wpdev.it\/pt-br\/wp-json\/wp\/v2\/media?parent=3922"}],"curies":[{"name":"wp","href":"https:\/\/api.w.org\/{rel}","templated":true}]}}