{"id":4462,"date":"2016-06-21T16:26:51","date_gmt":"2016-06-21T15:26:51","guid":{"rendered":"https:\/\/maralaser.wpdev.it\/pt-br\/tecnologia\/"},"modified":"2016-07-28T15:46:42","modified_gmt":"2016-07-28T14:46:42","slug":"tecnologia","status":"publish","type":"page","link":"https:\/\/maralaser.wpdev.it\/pt-br\/tecnologia\/","title":{"rendered":"Tecnologia"},"content":{"rendered":"<div class=\"wpb-content-wrapper\"><p>[vc_row full_width=&#8221;stretch_row&#8221; css=&#8221;.vc_custom_1469453376731{margin-top: 0px !important;margin-bottom: 0px !important;background-color: #ffffff !important;}&#8221; el_class=&#8221;row-image-top &#8220;][vc_column width=&#8221;1\/4&#8243; el_class=&#8221;image-top&#8221;][vc_single_image image=&#8221;4421&#8243; img_size=&#8221;large&#8221; css=&#8221;.vc_custom_1466526179193{margin-top: 0px !important;margin-bottom: 0px !important;padding-top: 0px !important;padding-bottom: 0px !important;}&#8221;][\/vc_column][vc_column width=&#8221;3\/4&#8243;][vc_column_text css=&#8221;.vc_custom_1469453577152{margin-bottom: 10px !important;padding-top: 40px !important;}&#8221;]<\/p>\n<h2 style=\"font-size: 35px;\"><strong>Laser, GPS ou sistema MARA laser+gps: qual \u00e9 a tecnologia MARA ideal para voc\u00ea?<\/strong><\/h2>\n<p>[\/vc_column_text][vc_column_text css=&#8221;.vc_custom_1469452865217{margin-bottom: 30px !important;padding-bottom: 20px !important;}&#8221;]<\/p>\n<p style=\"font-size: 18px; color: #777777; text-align: justify;\">As niveladoras e as grades niveladoras produzidas pela Mara podem ser utilizadas com diferentes sistemas de controle para se obter superf\u00edcies planas, inclinadas ou com formas complexas, ou ainda de acordo com o projeto do cliente.<\/p>\n<p>[\/vc_column_text][\/vc_column][\/vc_row][vc_row full_width=&#8221;stretch_row&#8221; css=&#8221;.vc_custom_1469453278625{margin-top: 0px !important;margin-bottom: 0px !important;padding-top: 60px !important;padding-bottom: 50px !important;background-color: #111111 !important;}&#8221; el_class=&#8221;center&#8221;][vc_column width=&#8221;1\/3&#8243;][thememove_icon type=&#8221;pe7stroke&#8221; icon_pe7stroke=&#8221;pe-7s-check&#8221; font_size=&#8221;80&#8243; font_color=&#8221;#fcce38&#8243;][vc_custom_heading text=&#8221;Tecnologia a laser&#8221; font_container=&#8221;tag:h3|font_size:20|text_align:center|color:%23ffffff&#8221; use_theme_fonts=&#8221;yes&#8221; css=&#8221;.vc_custom_1468834945065{margin-top: 5px !important;margin-bottom: 5px !important;}&#8221;][vc_column_text css=&#8221;.vc_custom_1468835734367{padding-top: 30px !important;}&#8221;]<\/p>\n<p style=\"text-align: justify; font-size: 15px; font-weight: bold;\">O transmissor de laser gera um plano de refer\u00eancia recebido pelo receptor instalado na m\u00e1quina. A caixa de controle interpreta os dados e ajusta a altura da l\u00e2mina de forma cont\u00ednua.<\/p>\n<p>[\/vc_column_text][vc_custom_heading text=&#8221;Caracter\u00edsticas principais&#8221; font_container=&#8221;tag:h3|text_align:center|color:%23f9d22d&#8221; google_fonts=&#8221;font_family:Lato%3A100%2C100italic%2C300%2C300italic%2Cregular%2Citalic%2C700%2C700italic%2C900%2C900italic|font_style:400%20regular%3A400%3Anormal&#8221;][vc_column_text css=&#8221;.vc_custom_1469452785767{padding-top: 30px !important;}&#8221;]<\/p>\n<p style=\"font-size: 15px; font-weight: bold; text-align: left;\">Precis\u00e3o: \u00b1 2 mm<br \/>\nAlcance: at\u00e9 650 m de dist\u00e2ncia do transmissor<br \/>\nNotas: alta precis\u00e3o<\/p>\n<p>[\/vc_column_text][vc_btn title=&#8221;LEIA MAIS&#8221; style=&#8221;flat&#8221; shape=&#8221;square&#8221; color=&#8221;default&#8221; align=&#8221;center&#8221; el_class=&#8221;b1-pt&#8221; link=&#8221;url:https%3A%2F%2Fmaralaser.wpdev.it%2Fpt-br%2Ftecnologia-laser%2F||&#8221;][\/vc_column][vc_column width=&#8221;1\/3&#8243;][thememove_icon type=&#8221;pe7stroke&#8221; icon_pe7stroke=&#8221;pe-7s-check&#8221; font_size=&#8221;80&#8243; font_color=&#8221;#fcce38&#8243;][vc_custom_heading text=&#8221;Tecnologia de GPS&#8221; font_container=&#8221;tag:h3|font_size:20|text_align:center|color:%23ffffff&#8221; use_theme_fonts=&#8221;yes&#8221; css=&#8221;.vc_custom_1468834926123{margin-top: 5px !important;margin-bottom: 5px !important;}&#8221;][vc_column_text css=&#8221;.vc_custom_1468835556201{padding-top: 30px !important;}&#8221;]<\/p>\n<p style=\"text-align: justify; font-size: 15px; font-weight: bold;\">A antena de GPS montada sobre a m\u00e1quina recebe os sinais dos sat\u00e9lites e permite determinar a posi\u00e7\u00e3o. A caixa de controle e o software interpretam os dados, verificando a posi\u00e7\u00e3o da m\u00e1quina e a altura da l\u00e2mina.<\/p>\n<p>[\/vc_column_text][vc_custom_heading text=&#8221;Caracter\u00edsticas principais&#8221; font_container=&#8221;tag:h3|text_align:center|color:%23f9d22d&#8221; google_fonts=&#8221;font_family:Lato%3A100%2C100italic%2C300%2C300italic%2Cregular%2Citalic%2C700%2C700italic%2C900%2C900italic|font_style:400%20regular%3A400%3Anormal&#8221;][vc_column_text css=&#8221;.vc_custom_1469452795476{padding-top: 30px !important;}&#8221;]<\/p>\n<p style=\"font-size: 15px; font-weight: bold; text-align: left;\">Precis\u00e3o: \u00b1 10 mm<br \/>\nAlcance: 5 km<br \/>\nNotas: possibilidade de uso em extens\u00f5es maiores, boa precis\u00e3o<\/p>\n<p>[\/vc_column_text][vc_btn title=&#8221;LEIA MAIS&#8221; style=&#8221;flat&#8221; shape=&#8221;square&#8221; color=&#8221;default&#8221; align=&#8221;center&#8221; el_class=&#8221;b2-pt&#8221; link=&#8221;url:https%3A%2F%2Fmaralaser.wpdev.it%2Fpt-br%2Ftecnologia-gps%2F||&#8221;][\/vc_column][vc_column width=&#8221;1\/3&#8243;][thememove_icon type=&#8221;pe7stroke&#8221; icon_pe7stroke=&#8221;pe-7s-check&#8221; font_size=&#8221;80&#8243; font_color=&#8221;#fcce38&#8243;][vc_custom_heading text=&#8221;Sistema MARA laser+GPS&#8221; font_container=&#8221;tag:h3|font_size:20|text_align:center|color:%23ffffff&#8221; use_theme_fonts=&#8221;yes&#8221; css=&#8221;.vc_custom_1468834763467{margin-top: 5px !important;margin-bottom: 5px !important;}&#8221;][vc_column_text css=&#8221;.vc_custom_1468835048592{padding-top: 30px !important;}&#8221;]<\/p>\n<p style=\"text-align: justify; font-size: 15px; font-weight: bold;\">O sistema de laser e o GPS, respectivamente, regulam a altura da l\u00e2mina e a posi\u00e7\u00e3o da m\u00e1quina, obtendo-se automaticamente os programas de trabalho e estimando prazos e custos de forma precisa.<\/p>\n<p>[\/vc_column_text][vc_custom_heading text=&#8221;Caracter\u00edsticas principais&#8221; font_container=&#8221;tag:h3|text_align:center|color:%23f9d22d&#8221; google_fonts=&#8221;font_family:Lato%3A100%2C100italic%2C300%2C300italic%2Cregular%2Citalic%2C700%2C700italic%2C900%2C900italic|font_style:400%20regular%3A400%3Anormal&#8221;][vc_column_text css=&#8221;.vc_custom_1469452805594{padding-top: 30px !important;}&#8221;]<\/p>\n<p style=\"font-size: 15px; font-weight: bold; text-align: left;\">Precis\u00e3o: \u00b1 2 mm<br \/>\nAlcance: at\u00e9 650 m de dist\u00e2ncia do transmissor<br \/>\nNotas: alta precis\u00e3o, condu\u00e7\u00e3o automatizada, c\u00e1lculo da inclina\u00e7\u00e3o, indica\u00e7\u00e3o do percurso a seguir, c\u00e1lculo dos custos<\/p>\n<p>[\/vc_column_text][vc_btn title=&#8221;LEIA MAIS&#8221; style=&#8221;flat&#8221; shape=&#8221;square&#8221; color=&#8221;default&#8221; align=&#8221;center&#8221; el_class=&#8221;b3-pt&#8221; link=&#8221;url:https%3A%2F%2Fmaralaser.wpdev.it%2Fpt-br%2Fsistema-mara-laser-gps%2F||&#8221;][\/vc_column][\/vc_row][vc_row full_width=&#8221;stretch_row_content_no_spaces&#8221; css=&#8221;.vc_custom_1468829685924{margin-top: 0px !important;margin-bottom: 0px !important;}&#8221;][vc_column][vc_single_image image=&#8221;4412&#8243; img_size=&#8221;1903&#215;504&#8243; alignment=&#8221;center&#8221;][\/vc_column][\/vc_row]<\/p>\n<\/div>","protected":false},"excerpt":{"rendered":"<p>[vc_row full_width=&#8221;stretch_row&#8221; css=&#8221;.vc_custom_1469453376731{margin-top: 0px !important;margin-bottom: 0px !important;background-color: #ffffff !important;}&#8221; el_class=&#8221;row-image-top &#8220;][vc_column width=&#8221;1\/4&#8243; el_class=&#8221;image-top&#8221;][vc_single_image image=&#8221;4421&#8243; img_size=&#8221;large&#8221; css=&#8221;.vc_custom_1466526179193{margin-top: 0px !important;margin-bottom: 0px !important;padding-top: 0px !important;padding-bottom: 0px !important;}&#8221;][\/vc_column][vc_column width=&#8221;3\/4&#8243;][vc_column_text css=&#8221;.vc_custom_1469453577152{margin-bottom: 10px !important;padding-top: 40px !important;}&#8221;] Laser, GPS ou sistema MARA laser+gps: qual \u00e9 a tecnologia MARA ideal para voc\u00ea? [\/vc_column_text][vc_column_text css=&#8221;.vc_custom_1469452865217{margin-bottom: 30px !important;padding-bottom: 20px !important;}&#8221;] As niveladoras e as grades [&hellip;]<\/p>\n","protected":false},"author":1,"featured_media":0,"parent":0,"menu_order":0,"comment_status":"open","ping_status":"closed","template":"","meta":{"_acf_changed":false,"_monsterinsights_skip_tracking":false,"_monsterinsights_sitenote_active":false,"_monsterinsights_sitenote_note":"","_monsterinsights_sitenote_category":0,"footnotes":""},"class_list":["post-4462","page","type-page","status-publish","hentry"],"acf":[],"_links":{"self":[{"href":"https:\/\/maralaser.wpdev.it\/pt-br\/wp-json\/wp\/v2\/pages\/4462","targetHints":{"allow":["GET"]}}],"collection":[{"href":"https:\/\/maralaser.wpdev.it\/pt-br\/wp-json\/wp\/v2\/pages"}],"about":[{"href":"https:\/\/maralaser.wpdev.it\/pt-br\/wp-json\/wp\/v2\/types\/page"}],"author":[{"embeddable":true,"href":"https:\/\/maralaser.wpdev.it\/pt-br\/wp-json\/wp\/v2\/users\/1"}],"replies":[{"embeddable":true,"href":"https:\/\/maralaser.wpdev.it\/pt-br\/wp-json\/wp\/v2\/comments?post=4462"}],"version-history":[{"count":0,"href":"https:\/\/maralaser.wpdev.it\/pt-br\/wp-json\/wp\/v2\/pages\/4462\/revisions"}],"wp:attachment":[{"href":"https:\/\/maralaser.wpdev.it\/pt-br\/wp-json\/wp\/v2\/media?parent=4462"}],"curies":[{"name":"wp","href":"https:\/\/api.w.org\/{rel}","templated":true}]}}