{"id":4510,"date":"2016-06-22T08:45:11","date_gmt":"2016-06-22T07:45:11","guid":{"rendered":"https:\/\/maralaser.wpdev.it\/pt-br\/tecnologia-laser-new\/"},"modified":"2020-07-06T11:40:31","modified_gmt":"2020-07-06T10:40:31","slug":"tecnologia-laser","status":"publish","type":"page","link":"https:\/\/maralaser.wpdev.it\/pt-br\/tecnologia-laser\/","title":{"rendered":"Tecnologia Laser"},"content":{"rendered":"<div class=\"wpb-content-wrapper\"><p>[vc_row full_width=&#8221;stretch_row&#8221; css=&#8221;.vc_custom_1466520872677{background-color: #ffffff !important;}&#8221; el_class=&#8221;row-image-top &#8220;][vc_column width=&#8221;1\/4&#8243; el_class=&#8221;image-top&#8221;][vc_single_image image=&#8221;5307&#8243; img_size=&#8221;large&#8221; onclick=&#8221;link_image&#8221; css=&#8221;.vc_custom_1594031886234{margin-top: 20px !important;margin-bottom: 0px !important;padding-top: 0px !important;padding-bottom: 0px !important;}&#8221;][\/vc_column][vc_column width=&#8221;3\/4&#8243;][vc_column_text css=&#8221;.vc_custom_1469695612347{padding-top: 40px !important;}&#8221;]<\/p>\n<h2 style=\"font-size: 32px;\">Niveladoras laser Mara: aqui \u00e9 como eles funcionam<\/h2>\n<p>[\/vc_column_text][vc_column_text css=&#8221;.vc_custom_1491907594240{margin-bottom: 30px !important;padding-bottom: 20px !important;}&#8221;]<\/p>\n<p style=\"font-size: 20px; color: #777777; text-align: justify;\">As <strong>niveladoras laser Mara<\/strong> s\u00e3o formados a partir de tr\u00eas componentes, representados pela <strong>m\u00e1quina que funciona no solo<\/strong>, por um <strong>transmissor<\/strong> e um <strong>receptor do raio laser<\/strong>. Em especial, o aluno \u00e9 montado o receptor que recebe o sinal de laser emitido por um emissor colocado no topo de um trip\u00e9, com o objectivo de conseguir uma pista de nivelamento correcto.<\/p>\n<p>[\/vc_column_text][\/vc_column][\/vc_row][vc_row full_width=&#8221;stretch_row&#8221; css=&#8221;.vc_custom_1463998420773{background-color: #111111 !important;}&#8221; el_class=&#8221;no-space-bottom&#8221;][vc_column css=&#8221;.vc_custom_1463749445402{margin-top: 75px !important;margin-bottom: 75px !important;}&#8221;][vc_custom_heading text=&#8221;As niveladoras a laser MARA s\u00e3o compostas por tr\u00eas elementos principais&#8221; font_container=&#8221;tag:h2|font_size:35px|text_align:center|color:%23ffffff&#8221; google_fonts=&#8221;font_family:Montserrat%3Aregular%2C700|font_style:400%20regular%3A400%3Anormal&#8221;][\/vc_column][\/vc_row][vc_row full_width=&#8221;stretch_row&#8221; css=&#8221;.vc_custom_1468838416773{margin-bottom: 0px !important;padding-top: 60px !important;padding-bottom: 30px !important;background-image: url(https:\/\/maralaser.wpdev.it\/wp-content\/uploads\/2016\/05\/back_img.jpg?id=3956) !important;}&#8221; el_class=&#8221;center&#8221;][vc_column width=&#8221;1\/3&#8243;][thememove_icon type=&#8221;pe7stroke&#8221; icon_pe7stroke=&#8221;pe-7s-check&#8221; font_size=&#8221;80&#8243; font_color=&#8221;#fcce38&#8243;][vc_custom_heading text=&#8221;Transmissor do raio laser&#8221; font_container=&#8221;tag:h3|font_size:20|text_align:center|color:%23ffffff&#8221; use_theme_fonts=&#8221;yes&#8221; css=&#8221;.vc_custom_1469457199627{margin-top: 5px !important;margin-bottom: 5px !important;}&#8221;][\/vc_column][vc_column width=&#8221;1\/3&#8243;][thememove_icon type=&#8221;pe7stroke&#8221; icon_pe7stroke=&#8221;pe-7s-check&#8221; font_size=&#8221;80&#8243; font_color=&#8221;#fcce38&#8243;][vc_custom_heading text=&#8221;Receptor do raio laser&#8221; font_container=&#8221;tag:h3|font_size:20|text_align:center|color:%23ffffff&#8221; use_theme_fonts=&#8221;yes&#8221; css=&#8221;.vc_custom_1469457214751{margin-top: 5px !important;margin-bottom: 5px !important;}&#8221;][\/vc_column][vc_column width=&#8221;1\/3&#8243;][thememove_icon type=&#8221;pe7stroke&#8221; icon_pe7stroke=&#8221;pe-7s-check&#8221; font_size=&#8221;80&#8243; font_color=&#8221;#fcce38&#8243;][vc_custom_heading text=&#8221;M\u00e1quina que trabalha o terreno&#8221; font_container=&#8221;tag:h3|font_size:20|text_align:center|color:%23ffffff&#8221; use_theme_fonts=&#8221;yes&#8221; css=&#8221;.vc_custom_1469457228890{margin-top: 5px !important;margin-bottom: 5px !important;}&#8221;][\/vc_column][\/vc_row][vc_row full_width=&#8221;stretch_row&#8221; css=&#8221;.vc_custom_1468853830473{margin-top: 0px !important;margin-bottom: 0px !important;padding-top: 50px !important;background-color: #eaeaea !important;}&#8221;][vc_column][vc_column_text] \t<div  class=\"team-slider\">\n\n    <ul class=\"member-list\">\n\n\n  <li><a href=\"#slider-member4506\">Transmissor do raio laser<\/a><\/li>      <li><a href=\"#slider-member4507\">Receptor do raio laser<\/a><\/li>      <li><a href=\"#slider-member4508\">M\u00e1quina que trabalha o terreno<\/a><\/li>    <\/ul>\n<div class=\"team-slider-profiles flexslider\">\n<ul class=\"slides\">\n      <li id=\"slider-member4506\" >\n\n                        <div class=\"sixcol\">\n\n                            <div class=\"center\">\n\n                                <div class=\"team-member\">\n\n                                    <div class=\"img-wrap\">\n                                        <p><img loading=\"lazy\" decoding=\"async\" width=\"450\" height=\"450\" src=\"https:\/\/maralaser.wpdev.it\/wp-content\/uploads\/2016\/07\/Trasmettitori-laser-2-450x373.png\" class=\"alignleft img-circle wp-post-image\" alt=\"Testimonial\" title=\"\" srcset=\"https:\/\/maralaser.wpdev.it\/wp-content\/uploads\/2016\/07\/Trasmettitori-laser-2-450x373.png 450w, https:\/\/maralaser.wpdev.it\/wp-content\/uploads\/2016\/07\/Trasmettitori-laser-2-150x150.png 150w\" sizes=\"auto, (max-width: 450px) 100vw, 450px\" \/><\/p>\n                                        <\/div>\n\n                                    <h3> <\/h3>\n                                             <span><\/span>\n\n\n                                <\/div>\n\n                            <\/div>\n\n                        <\/div>\n\n                        <div class=\"sixcol last\">\n\n                            <h3 class=\"member-title\">TRANSMISSOR DO RAIO LASER  <\/h3>\n\n                            <div class=\"member-content\">\n                                <p style=\"text-align: justify;\"><p style=\"text-align: justify;\">No final dos anos 70 a tecnologia laser foi disponibilizada ao mercado, permitindo emitir um raio de luz linear, concentrado e muito brilhante. Isto permite ter, mesmo a dist\u00e2ncias de v\u00e1rias centenas de metros, um feixe de luz poderoso, leg\u00edvel e de dimens\u00f5es ainda muito pequenas. O uso de um cristal pentaprisma especial, que faz sair o raio laser em exatamente 90\u00b0 graus de entrada, cria um plano de refer\u00eancia de 360\u00b0. O sistema receptor capta o sinal e, gra\u00e7as \u00e0 niveladora, reproduz no ch\u00e3o o plano criado pelo transmissor de laser. Este \u00faltimo \u00e9 colocado em cima de um trip\u00e9, a uma altura acima da cabina do trator, de modo que n\u00e3o haja obst\u00e1culos entre o transmissor e o receptor de laser. Os transmissores modernos s\u00e3o auto-nivelantes uma vez que encontram automaticamente o plano horizontal. Al\u00e9m disso, podem definir planos com 1 ou 2 inclina\u00e7\u00f5es e o raio laser pode controlar as m\u00e1quinas at\u00e9 uma dist\u00e2ncia de cerca de 650 metros. A Mara n\u00e3o produz o transmissor de laser, mas as niveladoras da MARA funcionam com todos os sistemas presentes no mercado.<\/p><\/p>\n                            <\/div>\n\n\n                        <\/div>\n                    <\/li>\n       <li id=\"slider-member4507\" >\n\n                        <div class=\"sixcol\">\n\n                            <div class=\"center\">\n\n                                <div class=\"team-member\">\n\n                                    <div class=\"img-wrap\">\n                                        <p><img loading=\"lazy\" decoding=\"async\" width=\"450\" height=\"450\" src=\"https:\/\/maralaser.wpdev.it\/wp-content\/uploads\/2016\/05\/foto2.jpg\" class=\"alignleft img-circle wp-post-image\" alt=\"Testimonial\" title=\"\" srcset=\"https:\/\/maralaser.wpdev.it\/wp-content\/uploads\/2016\/05\/foto2.jpg 450w, https:\/\/maralaser.wpdev.it\/wp-content\/uploads\/2016\/05\/foto2-150x150.jpg 150w\" sizes=\"auto, (max-width: 450px) 100vw, 450px\" \/><\/p>\n                                        <\/div>\n\n                                    <h3> <\/h3>\n                                             <span><\/span>\n\n\n                                <\/div>\n\n                            <\/div>\n\n                        <\/div>\n\n                        <div class=\"sixcol last\">\n\n                            <h3 class=\"member-title\">RECEPTOR DO RAIO LASER <\/h3>\n\n                            <div class=\"member-content\">\n                                <p style=\"text-align: justify;\"><p style=\"text-align: justify;\">O receptor \u00e9 o componente que l\u00ea a luz laser que o transmissor emite. Isto \u00e9 feito atrav\u00e9s de fotodiodos especiais sens\u00edveis \u00e0 luz. As m\u00e1quinas niveladoras devem poder movimentar-se por todo o terreno, seguindo dire\u00e7\u00f5es diferentes em rela\u00e7\u00e3o \u00e0 conformidade do terreno (\u00e1reas de escava\u00e7\u00e3o e realizar); para o seu funcionamento, por conseguinte, \u00e9 necess\u00e1rio um aparelho de recep\u00e7\u00e3o preciso, sens\u00edvel e capaz de ler o sinal de 360\u00b0. A MARA produz o seu receptor laser que, gra\u00e7as \u00e0 sua tecnologia particular, \u00e9 capaz de ler e tamb\u00e9m de usar sinais fracos e \u00e9 insens\u00edvel a quaisquer perturba\u00e7\u00f5es externas. O emparelhamento do receptor com a caixa de controle MARA permite otimizar o funcionamento do sistema atrav\u00e9s das fun\u00e7\u00f5es de corre\u00e7\u00e3o da perturba\u00e7\u00e3o do vento, da recupera\u00e7\u00e3o autom\u00e1tica do sinal laser em caso de perda do mesmo e do controle da pot\u00eancia do trator, fun\u00e7\u00f5es exclusivas de MARA. Al\u00e9m disso, existe o controle autom\u00e1tico da fun\u00e7\u00e3o normal da l\u00e2mina para a realiza\u00e7\u00e3o do plano desejado.<\/p><\/p>\n                            <\/div>\n\n\n                        <\/div>\n                    <\/li>\n       <li id=\"slider-member4508\" >\n\n                        <div class=\"sixcol\">\n\n                            <div class=\"center\">\n\n                                <div class=\"team-member\">\n\n                                    <div class=\"img-wrap\">\n                                        <p><img loading=\"lazy\" decoding=\"async\" width=\"450\" height=\"450\" src=\"https:\/\/maralaser.wpdev.it\/wp-content\/uploads\/2016\/07\/macchina-che-lavora-il-terreno-e1537345641946-450x278.png\" class=\"alignleft img-circle wp-post-image\" alt=\"Testimonial\" title=\"\" srcset=\"https:\/\/maralaser.wpdev.it\/wp-content\/uploads\/2016\/07\/macchina-che-lavora-il-terreno-e1537345641946-450x278.png 450w, https:\/\/maralaser.wpdev.it\/wp-content\/uploads\/2016\/07\/macchina-che-lavora-il-terreno-e1537345641946-150x150.png 150w\" sizes=\"auto, (max-width: 450px) 100vw, 450px\" \/><\/p>\n                                        <\/div>\n\n                                    <h3> <\/h3>\n                                             <span><\/span>\n\n\n                                <\/div>\n\n                            <\/div>\n\n                        <\/div>\n\n                        <div class=\"sixcol last\">\n\n                            <h3 class=\"member-title\">M\u00c1QUINA QUE TRABALHA O TERRENO <\/h3>\n\n                            <div class=\"member-content\">\n                                <p style=\"text-align: justify;\"><p style=\"text-align: justify;\">Atrav\u00e9s do plano criado pelo transmissor de laser e captado pelo receptor, a m\u00e1quina pode ser adequadamente controlada para o nivelamento do terreno. A geometria particular do projeto e os pist\u00f5es hidr\u00e1ulicos comandados pelas eletrov\u00e1lvulas, que s\u00e3o controlados pela caixa de controle, garantem que a l\u00e2mina se levante e se abaixe de modo correto para obter o plano desejado com uma precis\u00e3o de \u00b1 2 mm.<\/p><\/p>\n                            <\/div>\n\n\n                        <\/div>\n                    <\/li>\n  \n            <\/ul>\n            <!-- \/.row -->\n        <\/div>\n        <\/div>\n        <script type=\"text\/javascript\">\n            jQuery(document).ready(function ($) {\n                jQuery(' .team-slider-profiles').flexslider({\n                    animation: 'slide',\n                    controlsContainer: \" .member-list\",\n                    controlNav: true,\n                    directionNav: false,\n                    animationLoop: false,\n                    slideshow: false,\n                    manualControls: \" .member-list li a\"\n                });\n            });\n        <\/script>\n        <\/div>\n        [\/vc_column_text][\/vc_column][\/vc_row]<\/p>\n<\/div>","protected":false},"excerpt":{"rendered":"<p>[vc_row full_width=&#8221;stretch_row&#8221; css=&#8221;.vc_custom_1466520872677{background-color: #ffffff !important;}&#8221; el_class=&#8221;row-image-top &#8220;][vc_column width=&#8221;1\/4&#8243; el_class=&#8221;image-top&#8221;][vc_single_image image=&#8221;5307&#8243; img_size=&#8221;large&#8221; onclick=&#8221;link_image&#8221; css=&#8221;.vc_custom_1594031886234{margin-top: 20px !important;margin-bottom: 0px !important;padding-top: 0px !important;padding-bottom: 0px !important;}&#8221;][\/vc_column][vc_column width=&#8221;3\/4&#8243;][vc_column_text css=&#8221;.vc_custom_1469695612347{padding-top: 40px !important;}&#8221;] Niveladoras laser Mara: aqui \u00e9 como eles funcionam [\/vc_column_text][vc_column_text css=&#8221;.vc_custom_1491907594240{margin-bottom: 30px !important;padding-bottom: 20px !important;}&#8221;] As niveladoras laser Mara s\u00e3o formados a partir de tr\u00eas componentes, representados pela m\u00e1quina que funciona [&hellip;]<\/p>\n","protected":false},"author":1,"featured_media":0,"parent":0,"menu_order":0,"comment_status":"open","ping_status":"closed","template":"","meta":{"_acf_changed":false,"_monsterinsights_skip_tracking":false,"_monsterinsights_sitenote_active":false,"_monsterinsights_sitenote_note":"","_monsterinsights_sitenote_category":0,"footnotes":""},"class_list":["post-4510","page","type-page","status-publish","hentry"],"acf":[],"_links":{"self":[{"href":"https:\/\/maralaser.wpdev.it\/pt-br\/wp-json\/wp\/v2\/pages\/4510","targetHints":{"allow":["GET"]}}],"collection":[{"href":"https:\/\/maralaser.wpdev.it\/pt-br\/wp-json\/wp\/v2\/pages"}],"about":[{"href":"https:\/\/maralaser.wpdev.it\/pt-br\/wp-json\/wp\/v2\/types\/page"}],"author":[{"embeddable":true,"href":"https:\/\/maralaser.wpdev.it\/pt-br\/wp-json\/wp\/v2\/users\/1"}],"replies":[{"embeddable":true,"href":"https:\/\/maralaser.wpdev.it\/pt-br\/wp-json\/wp\/v2\/comments?post=4510"}],"version-history":[{"count":0,"href":"https:\/\/maralaser.wpdev.it\/pt-br\/wp-json\/wp\/v2\/pages\/4510\/revisions"}],"wp:attachment":[{"href":"https:\/\/maralaser.wpdev.it\/pt-br\/wp-json\/wp\/v2\/media?parent=4510"}],"curies":[{"name":"wp","href":"https:\/\/api.w.org\/{rel}","templated":true}]}}