{"id":4536,"date":"2016-07-25T16:24:23","date_gmt":"2016-07-25T15:24:23","guid":{"rendered":"https:\/\/maralaser.wpdev.it\/pt-br\/tecnologia-gps\/"},"modified":"2020-07-06T11:55:12","modified_gmt":"2020-07-06T10:55:12","slug":"tecnologia-gps","status":"publish","type":"page","link":"https:\/\/maralaser.wpdev.it\/pt-br\/tecnologia-gps\/","title":{"rendered":"Tecnologia GPS"},"content":{"rendered":"<div class=\"wpb-content-wrapper\"><p>[vc_row full_width=&#8221;stretch_row&#8221; css=&#8221;.vc_custom_1466520872677{background-color: #ffffff !important;}&#8221; el_class=&#8221;row-image-top &#8220;][vc_column width=&#8221;1\/4&#8243; el_class=&#8221;image-top&#8221;][vc_single_image image=&#8221;5308&#8243; img_size=&#8221;large&#8221; onclick=&#8221;link_image&#8221; css=&#8221;.vc_custom_1594032220653{margin-top: 35px !important;margin-bottom: 0px !important;padding-top: 0px !important;padding-bottom: 0px !important;}&#8221;][\/vc_column][vc_column width=&#8221;3\/4&#8243;][vc_column_text css=&#8221;.vc_custom_1469461140747{padding-top: 40px !important;}&#8221;]<\/p>\n<h2 style=\"font-size: 35px;\">Sistema GPS: \u00b1 10 mm de precis\u00e3o<\/h2>\n<p>[\/vc_column_text][vc_column_text css=&#8221;.vc_custom_1594032910347{padding-bottom: 20px !important;}&#8221; el_class=&#8221;dpbl&#8221;]<\/p>\n<p style=\"font-size: 20px; color: #777777; text-align: justify;\">O sistema <strong>GPS (Sistema de Posicionamento Global)<\/strong> surgiu em 1973 nos EUA e, em 2000, seu uso foi liberalizado para usos civis pelo governo norte-americano. Para tal, foi instalada no espa\u00e7o uma rede de <strong>13 sat\u00e9lites artificiais<\/strong> que firam em torno da Terra em alturas diversas, e que transmitem sua posi\u00e7\u00e3o a todos os receptores de GPS. O <strong>receptor do GPS<\/strong> recebe os sinais dos sat\u00e9lites que fornecem a posi\u00e7\u00e3o horizontal do receptor na Terra (longitude e latitude).<\/p>\n<p>[\/vc_column_text][\/vc_column][\/vc_row][vc_row full_width=&#8221;stretch_row&#8221; css=&#8221;.vc_custom_1468838416773{margin-bottom: 0px !important;padding-top: 60px !important;padding-bottom: 30px !important;background-image: url(https:\/\/maralaser.wpdev.it\/wp-content\/uploads\/2016\/05\/back_img.jpg?id=3956) !important;}&#8221; el_class=&#8221;center&#8221;][vc_column][vc_column_text]<\/p>\n<p style=\"text-align: justify; font-size: 20px;\"><span style=\"color: #ffffff;\">Nos \u00faltimos anos, por meio de software dedicados, foi obtida uma alta <strong>precis\u00e3o<\/strong>, algo em torno de <strong>\u00b1 10 mm<\/strong>, tamb\u00e9m na eleva\u00e7\u00e3o (na indica\u00e7\u00e3o da posi\u00e7\u00e3o vertical), gra\u00e7as ao <strong>sistema RTK (Real Time Kinematic)<\/strong>, que fornece a posi\u00e7\u00e3o em tempo real e com a frequ\u00eancia elevada dos sinais transmitidos (cerca de 10 Hz).<\/span><\/p>\n<p>[\/vc_column_text][\/vc_column][\/vc_row][vc_row full_width=&#8221;stretch_row&#8221; css=&#8221;.vc_custom_1463998420773{background-color: #111111 !important;}&#8221; el_class=&#8221;no-space-bottom&#8221;][vc_column css=&#8221;.vc_custom_1463749445402{margin-top: 75px !important;margin-bottom: 75px !important;}&#8221;][vc_custom_heading text=&#8221;Descubra a opera\u00e7\u00e3o e os componentes do sistema GPS&#8221; font_container=&#8221;tag:h2|font_size:35px|text_align:center|color:%23ffffff&#8221; google_fonts=&#8221;font_family:Montserrat%3Aregular%2C700|font_style:400%20regular%3A400%3Anormal&#8221;][\/vc_column][\/vc_row][vc_row css=&#8221;.vc_custom_1469459792204{margin-top: 60px !important;margin-bottom: 60px !important;background-color: #ffffff !important;}&#8221;][vc_column][vc_tta_tabs][vc_tta_section title=&#8221;FUNCIONAMENTO DO SISTEMA GPS MARA&#8221; tab_id=&#8221;1469459202854-1fd4ad93-b4ea&#8221;][vc_column_text]<\/p>\n<p style=\"text-align: justify;\"><span style=\"color: #333333;\">As m\u00e1quinas MARA funcionam tamb\u00e9m sistemas de GPS e s\u00e3o compat\u00edveis com todos os sistemas de GPS dispon\u00edveis no mercado. O funcionamento das niveladoras MARA GPS \u00e9 como o das niveladoras com sistemas a laser, exceto pelo fato de que a altura de refer\u00eancia \u00e9 fornecida diretamente pelo GPS. O sistema GPS pode ser usado para criar um plano horizontal, com 1 ou 2 inclina\u00e7\u00f5es, com declives vari\u00e1veis ou com declives programados por meio de um software. As niveladoras MARA, controladas pelo sistema GPS, recebem os sinais que definem o plano a partir dos sat\u00e9lites e os copiam ao terreno. A precis\u00e3o diferente obtida com esta tecnologia quando comparada \u00e0 tecnologia a laser deve-se \u00e0 menor precis\u00e3o intr\u00ednseca dos sistemas de GPS, que tamb\u00e9m est\u00e3o sujeitos a varia\u00e7\u00f5es peri\u00f3dicas ligadas \u00e0 mudan\u00e7a da constela\u00e7\u00e3o de sat\u00e9lites a cada 12,5 minutos.\u00a0O sistema GPS fornece, por outro lado, uma grande flexibilidade de utiliza\u00e7\u00e3o, especialmente em terrenos grandes e com diferentes declives, e \u00e9 tamb\u00e9m usado em outros tipos de trabalhos, tanto em \u00e1reas agr\u00edcolas, quanto para constru\u00e7\u00e3o civil e para grandes movimenta\u00e7\u00f5es de terra.<br \/>\n<\/span><\/p>\n<p>[\/vc_column_text][\/vc_tta_section][vc_tta_section title=&#8221;COMPONENTES DO SISTEMA&#8221; tab_id=&#8221;1469459203108-7059c326-b582&#8243;][vc_column_text]<\/p>\n<p style=\"text-align: justify;\"><span style=\"color: #333333;\">O sistema GPS est\u00e1 dotado de um receptor (base m\u00f3vel) instalado na niveladora que percorre o campo e por um receptor fixo (base est\u00e1tica) de refer\u00eancia em diferencial, ou ainda que define a diferen\u00e7a de deslocamento entre a base m\u00f3vel e a fixa. Na cabine, ao lado do operador, \u00e9 instalada uma tela (com computador incorporado &#8211; ou de computador industrial) que processa os dados transmitidos do receptor m\u00f3vel (por cabo) e do receptor fixo (por r\u00e1dio) e envia um comando eletro-hidr\u00e1ulico que controla a altura da l\u00e2mina, o que permite executar o plano no terreno. Isto permite uma precis\u00e3o de posicionamento horizontal e vertical em torno do cent\u00edmetro, a uma dist\u00e2ncia m\u00e1xima de 5 km entre os dois receptores.\u00a0Quanto mais aumentar a dist\u00e2ncia entre os dois receptores, al\u00e9m dos 5 km, menor ser\u00e1 a precis\u00e3o.<br \/>\n<\/span><\/p>\n<p>[\/vc_column_text][\/vc_tta_section][\/vc_tta_tabs][\/vc_column][\/vc_row]<\/p>\n<\/div>","protected":false},"excerpt":{"rendered":"<p>[vc_row full_width=&#8221;stretch_row&#8221; css=&#8221;.vc_custom_1466520872677{background-color: #ffffff !important;}&#8221; el_class=&#8221;row-image-top &#8220;][vc_column width=&#8221;1\/4&#8243; el_class=&#8221;image-top&#8221;][vc_single_image image=&#8221;5308&#8243; img_size=&#8221;large&#8221; onclick=&#8221;link_image&#8221; css=&#8221;.vc_custom_1594032220653{margin-top: 35px !important;margin-bottom: 0px !important;padding-top: 0px !important;padding-bottom: 0px !important;}&#8221;][\/vc_column][vc_column width=&#8221;3\/4&#8243;][vc_column_text css=&#8221;.vc_custom_1469461140747{padding-top: 40px !important;}&#8221;] Sistema GPS: \u00b1 10 mm de precis\u00e3o [\/vc_column_text][vc_column_text css=&#8221;.vc_custom_1594032910347{padding-bottom: 20px !important;}&#8221; el_class=&#8221;dpbl&#8221;] O sistema GPS (Sistema de Posicionamento Global) surgiu em 1973 nos EUA e, em 2000, seu uso foi [&hellip;]<\/p>\n","protected":false},"author":1,"featured_media":0,"parent":0,"menu_order":0,"comment_status":"open","ping_status":"closed","template":"","meta":{"_acf_changed":false,"_monsterinsights_skip_tracking":false,"_monsterinsights_sitenote_active":false,"_monsterinsights_sitenote_note":"","_monsterinsights_sitenote_category":0,"footnotes":""},"class_list":["post-4536","page","type-page","status-publish","hentry"],"acf":[],"_links":{"self":[{"href":"https:\/\/maralaser.wpdev.it\/pt-br\/wp-json\/wp\/v2\/pages\/4536","targetHints":{"allow":["GET"]}}],"collection":[{"href":"https:\/\/maralaser.wpdev.it\/pt-br\/wp-json\/wp\/v2\/pages"}],"about":[{"href":"https:\/\/maralaser.wpdev.it\/pt-br\/wp-json\/wp\/v2\/types\/page"}],"author":[{"embeddable":true,"href":"https:\/\/maralaser.wpdev.it\/pt-br\/wp-json\/wp\/v2\/users\/1"}],"replies":[{"embeddable":true,"href":"https:\/\/maralaser.wpdev.it\/pt-br\/wp-json\/wp\/v2\/comments?post=4536"}],"version-history":[{"count":0,"href":"https:\/\/maralaser.wpdev.it\/pt-br\/wp-json\/wp\/v2\/pages\/4536\/revisions"}],"wp:attachment":[{"href":"https:\/\/maralaser.wpdev.it\/pt-br\/wp-json\/wp\/v2\/media?parent=4536"}],"curies":[{"name":"wp","href":"https:\/\/api.w.org\/{rel}","templated":true}]}}