{"id":4552,"date":"2016-07-25T17:21:04","date_gmt":"2016-07-25T16:21:04","guid":{"rendered":"https:\/\/maralaser.wpdev.it\/pt-br\/sistema-mara-laser-gps\/"},"modified":"2020-07-06T11:51:14","modified_gmt":"2020-07-06T10:51:14","slug":"sistema-mara-laser-gps","status":"publish","type":"page","link":"https:\/\/maralaser.wpdev.it\/pt-br\/sistema-mara-laser-gps\/","title":{"rendered":"Sistema MARA laser + GPS"},"content":{"rendered":"<div class=\"wpb-content-wrapper\"><p>[vc_row full_width=&#8221;stretch_row&#8221; css=&#8221;.vc_custom_1466520872677{background-color: #ffffff !important;}&#8221; el_class=&#8221;row-image-top &#8220;][vc_column width=&#8221;1\/4&#8243; el_class=&#8221;image-top&#8221;][vc_single_image image=&#8221;5309&#8243; img_size=&#8221;large&#8221; onclick=&#8221;link_image&#8221; css=&#8221;.vc_custom_1594032346818{margin-top: 40px !important;margin-bottom: 0px !important;padding-top: 0px !important;padding-bottom: 0px !important;}&#8221;][\/vc_column][vc_column width=&#8221;3\/4&#8243;][vc_column_text css=&#8221;.vc_custom_1469633647607{padding-top: 40px !important;}&#8221;]<\/p>\n<h2 style=\"font-size: 35px;\">Sistema integrado MARA laser + GPS<\/h2>\n<p>[\/vc_column_text][vc_column_text css=&#8221;.vc_custom_1594032660145{margin-bottom: 30px !important;padding-bottom: 20px !important;}&#8221; el_class=&#8221;dpbl&#8221;]<\/p>\n<p style=\"font-size: 20px; color: #777777; text-align: justify;\">O funcionamento do <strong>sistema integrado Mara<\/strong> \u00e9 simples, precisa e eficaz, pois prev\u00ea o uso do <strong>controle a laser<\/strong> e tamb\u00e9m do <strong>posicionamento por meio de GPS<\/strong>. A diferen\u00e7a mais marcante entre o sistema de nivelamento com o controle a laser e sistema com o controle por GPS \u00e9 a precis\u00e3o: o sistema a laser permite criar um plano mais preciso (\u00b1 2 mil\u00edmetros de erro) enquanto o sistema GPS resulta em um erro de cerca de \u00b1 10 mm, que se altera a cada 12 minutos, quando \u00e9 ativada a nova constela\u00e7\u00e3o de sat\u00e9lites que d\u00e3o o sinal do plano de refer\u00eancia. Assim, a MARA concebeu o uso do sistema a laser para executar o n\u00edvel, ainda que com o limite de controle com um raio de aproximadamente 1.300 m. Em seguida, utiliza o sistema GPS para definir a posi\u00e7\u00e3o da niveladora no terreno. O sistema \u00e9 ent\u00e3o integrado ao laser, que controla a altura da niveladora, e ao GPS que controla a posi\u00e7\u00e3o.<\/p>\n<p>[\/vc_column_text][\/vc_column][\/vc_row][vc_row full_width=&#8221;stretch_row&#8221; css=&#8221;.vc_custom_1463998420773{background-color: #111111 !important;}&#8221; el_class=&#8221;no-space-bottom&#8221;][vc_column css=&#8221;.vc_custom_1463749445402{margin-top: 75px !important;margin-bottom: 75px !important;}&#8221;][vc_column_text]<\/p>\n<p style=\"text-align: justify; font-size: 20px;\"><span style=\"color: #ffffff;\">Para ajudar o operador a executar o trabalho, a MARA decidiu tornar o sistema totalmente autom\u00e1tico. As v\u00e1rias fases de trabalho s\u00e3o as seguintes:<br \/>\n<\/span><\/p>\n<p>[\/vc_column_text][vc_row_inner][vc_column_inner width=&#8221;1\/6&#8243;][vc_icon icon_fontawesome=&#8221;fa fa-check&#8221; color=&#8221;orange&#8221; align=&#8221;right&#8221;][vc_icon icon_fontawesome=&#8221;fa fa-check&#8221; color=&#8221;orange&#8221; align=&#8221;right&#8221;][vc_icon icon_fontawesome=&#8221;fa fa-check&#8221; color=&#8221;orange&#8221; align=&#8221;right&#8221;][vc_icon icon_fontawesome=&#8221;fa fa-check&#8221; color=&#8221;orange&#8221; align=&#8221;right&#8221; css=&#8221;.vc_custom_1469611055708{padding-top: 8px !important;}&#8221;][\/vc_column_inner][vc_column_inner width=&#8221;5\/6&#8243;][vc_column_text css=&#8221;.vc_custom_1469633759834{padding-top: 12px !important;padding-bottom: 25px !important;}&#8221;]<\/p>\n<p style=\"text-align: justify; font-size: 20px;\"><span style=\"color: #ffffff;\">O operador introduz no sistema o tipo de trator e o tamanho da niveladora com que ir\u00e1 trabalhar;<\/span><\/p>\n<p>[\/vc_column_text][vc_column_text]<\/p>\n<p style=\"text-align: justify; font-size: 20px;\"><span style=\"color: #ffffff;\">Ap\u00f3s ter entrado no campo e ter ligado o sistema (por meio de uma tela de 10 polegadas com comandos touch screen, instalado ao lado do operador na cabine), o operador percorrer\u00e1 um lado do terreno que deseja n\u00edvel;<\/span><\/p>\n<p>[\/vc_column_text][vc_column_text]<\/p>\n<p style=\"text-align: justify; font-size: 20px;\"><span style=\"color: #ffffff;\">Na tela ser\u00e3o exibidos os tra\u00e7os do percurso a seguir e o sistema corrigir\u00e1 a dire\u00e7\u00e3o do trator por meio de setas (como no sistema de condu\u00e7\u00e3o paralela assistida);<\/span><\/p>\n<p>[\/vc_column_text][vc_column_text]<\/p>\n<p style=\"text-align: justify; font-size: 20px;\"><span style=\"color: #ffffff;\">O sistema automaticamente ler\u00e1 as quotas de terreno e, ao final do terreno, desenhar\u00e1 o mapa do terreno em 3D com a indica\u00e7\u00e3o:<\/span><\/p>\n<p>[\/vc_column_text][\/vc_column_inner][\/vc_row_inner][vc_row_inner][vc_column_inner width=&#8221;1\/6&#8243;][\/vc_column_inner][vc_column_inner width=&#8221;5\/6&#8243;][vc_column_text]<\/p>\n<ul style=\"color: #ffffff; font-size: 18px;\">\n<li>Da \u00e1rea a ser trabalhada;<\/li>\n<li>Das inclina\u00e7\u00f5es Norte-Sul e Leste-Oeste (eixo X e eixo Y);<\/li>\n<li>Da dist\u00e2ncia m\u00e1xima entre as \u00e1reas de escava\u00e7\u00e3o e as de enchimento;<\/li>\n<li>Do volume de terra que ser\u00e1 necess\u00e1rio remover;<\/li>\n<li>Do tempo necess\u00e1rio para realizar o trabalho;<\/li>\n<li>Do custo da execu\u00e7\u00e3o do trabalho em fun\u00e7\u00e3o do trator e niveladora com que se ir\u00e1 trabalhar e que j\u00e1 foi introduzida no sistema pelo operador antes do in\u00edcio.<\/li>\n<\/ul>\n<p>[\/vc_column_text][\/vc_column_inner][\/vc_row_inner][vc_row_inner][vc_column_inner][vc_column_text]<\/p>\n<p style=\"text-align: justify; font-size: 20px;\"><span style=\"color: #ffffff;\">Neste ponto, ser\u00e1 poss\u00edvel alterar os declives e o sistema calcular\u00e1 os novos resultados. Quando o operador aceitar os resultados, o terreno aparecer\u00e1 na tela em 3D, com as seguintes indica\u00e7\u00f5es:<br \/>\n<\/span><\/p>\n<p>[\/vc_column_text][\/vc_column_inner][\/vc_row_inner][vc_row_inner][vc_column_inner width=&#8221;1\/6&#8243;][\/vc_column_inner][vc_column_inner width=&#8221;5\/6&#8243;][vc_column_text]<\/p>\n<ul style=\"color: #ffffff; font-size: 18px;\">\n<li>As \u00e1reas a serem cortadas em vermelho;<\/li>\n<li>As \u00e1reas a serem preenchidas;<\/li>\n<li>A ponto mais alto do terreno, por onde se deve iniciar o trabalho, em amarelo;<\/li>\n<li>A posi\u00e7\u00e3o do trator e da niveladora em azul.<\/li>\n<li>Algumas setas indicar\u00e3o o percurso a ser observado pelo operador para otimizar o trabalho (menor quantidade de terra a ser movida \u00e0 dist\u00e2ncia menor).<\/li>\n<\/ul>\n<p>[\/vc_column_text][\/vc_column_inner][\/vc_row_inner][vc_row_inner][vc_column_inner][vc_column_text]<\/p>\n<p style=\"text-align: justify; font-size: 20px;\"><span style=\"color: #ffffff;\">De forma autom\u00e1tica, o sistema erguer\u00e1 o receptor at\u00e9 encontrar o feixe de laser para se obter a profundidade de corte em rela\u00e7\u00e3o \u00e0 pot\u00eancia do trator dispon\u00edvel e para o tamanho, em largura, da l\u00e2mina da niveladora utilizada. Em cada etapa, o sistema atualizar\u00e1 o plano e informar\u00e1 ao operador sobre a \u00e1rea \u00e0 qual direcionar o trator a fim de otimizar o nivelamento. Quando n\u00e3o houver mais varia\u00e7\u00f5es no plano, o sistema informar\u00e1 ao operador que o trabalho est\u00e1 conclu\u00eddo.<br \/>\n<\/span><\/p>\n<p>[\/vc_column_text][\/vc_column_inner][\/vc_row_inner][\/vc_column][\/vc_row][vc_row full_width=&#8221;stretch_row&#8221; css=&#8221;.vc_custom_1469629711102{margin-bottom: 0px !important;padding-top: 60px !important;padding-bottom: 60px !important;background-color: #282828 !important;}&#8221;][vc_column width=&#8221;2\/3&#8243;][vc_row_inner][vc_column_inner width=&#8221;3\/4&#8243;][vc_column_text]<\/p>\n<p style=\"text-align: justify; font-size: 20px; color: #333333;\"><span style=\"color: #ffffff;\">O tempo de trabalho e o rendimento por hectare depender\u00e3o da situa\u00e7\u00e3o do terreno antes do trabalho:<\/span><\/p>\n<p>[\/vc_column_text][vc_column_text css=&#8221;.vc_custom_1469634208184{padding-left: 50px !important;}&#8221;]<\/p>\n<ul style=\"font-size: 20px; color: #ffffff;\">\n<li>Do volume de solo a ser deslocado;<\/li>\n<li>Da dist\u00e2ncia entre as \u00e1reas a serem escavadas e a serem preenchidas;<\/li>\n<li>Da consist\u00eancia do terreno (argiloso, arenoso ou de textura arenosa ou de composi\u00e7\u00e3o m\u00e9dia);<\/li>\n<li>Da umidade do solo.<\/li>\n<\/ul>\n<p>[\/vc_column_text][vc_column_text]<\/p>\n<p style=\"text-align: justify; font-size: 20px; color: #ffffff;\">Esses par\u00e2metros definem o tempo de execu\u00e7\u00e3o de um nivelamento.<\/p>\n<p>[\/vc_column_text][\/vc_column_inner][vc_column_inner width=&#8221;1\/4&#8243;][\/vc_column_inner][\/vc_row_inner][\/vc_column][vc_column width=&#8221;1\/3&#8243;][vc_column_text css=&#8221;.vc_custom_1594032672162{padding-top: 50px !important;padding-right: 50px !important;padding-bottom: 50px !important;padding-left: 50px !important;background-color: #fcce38 !important;border-radius: 10px !important;}&#8221; el_class=&#8221;yellowbox&#8221;]<\/p>\n<p style=\"text-align: center; font-size: 20px; color: #333333;\"><strong>O sistema n\u00e3o exige que o operador execute alguma a\u00e7\u00e3o e tenha uma vasta experi\u00eancia. Assim, mesmo um operador inexperiente ser\u00e1 capaz de executar o trabalho de maneira perfeita e no tempo predeterminado.<\/strong><\/p>\n<p>[\/vc_column_text][\/vc_column][\/vc_row][vc_row full_width=&#8221;stretch_row&#8221; css=&#8221;.vc_custom_1469629578494{margin-top: 0px !important;margin-bottom: 0px !important;padding-top: 50px !important;padding-bottom: 50px !important;background-color: #ffffff !important;}&#8221;][vc_column][vc_column_text]<\/p>\n<h2 style=\"text-align: center;\"><span style=\"color: #333333;\">Descubra os nossos exemplos de nivelamento do solo pela m\u00e1quina MARA<\/span><\/h2>\n<p>[\/vc_column_text][vc_tta_tabs][vc_tta_section title=&#8221;EXEMPLO N\u00b01&#8243; tab_id=&#8221;1469623406441-f73c7ef0-d2d8&#8243;][vc_column_text]<\/p>\n<p style=\"color: #333333;\">Um exemplo explicativo para executar um plano, ap\u00f3s o c\u00e1lculo feito pelo sistema integrado MARA, em um terreno de 1 hectare com:<\/p>\n<ul style=\"padding-left: 50px; color: #333333;\">\n<li>Uma diferen\u00e7a de diferen\u00e7a de 20 cm de desn\u00edvel entre o ponto mais alto e o mais baixo;<\/li>\n<li>A dist\u00e2ncia m\u00e1xima de 80 m entre as \u00e1reas a serem escavadas e aquelas a serem preenchidas;<\/li>\n<li>Em um solo de composi\u00e7\u00e3o m\u00e9dia;<\/li>\n<li>Com uma umidade relativa de cerca de 45%;<\/li>\n<li>Usando uma niveladora com 4 m de largura;<\/li>\n<li>Com um trator de 120 HP de pot\u00eancia.<\/li>\n<\/ul>\n<p>&nbsp;<\/p>\n<p style=\"color: #333333;\">O tempo de trabalho ser\u00e1 de aproximadamente 6 horas.<\/p>\n<p>[\/vc_column_text][\/vc_tta_section][vc_tta_section title=&#8221;EXEMPLO N\u00b02&#8243; tab_id=&#8221;1469623406829-05d19a50-e84d&#8221;][vc_column_text]<\/p>\n<p style=\"color: #333333;\">Outro exemplo de um plano feito em um terreno de 1 hectare j\u00e1 nivelado anteriormente, mas que deve ser corrigido, com:<\/p>\n<ul style=\"padding-left: 50px; color: #333333;\">\n<li>Um desn\u00edvel de cerca de 2-3 cm;<\/li>\n<li>As mesmas condi\u00e7\u00f5es do exemplo anterior;<\/li>\n<li>A mesma niveladora;<\/li>\n<li>O mesmo trator.<\/li>\n<\/ul>\n<p>&nbsp;<\/p>\n<p style=\"color: #333333;\">O tempo de trabalho ser\u00e1 de aproximadamente 1,5 hora.<\/p>\n<p>[\/vc_column_text][\/vc_tta_section][\/vc_tta_tabs][\/vc_column][\/vc_row]<\/p>\n<\/div>","protected":false},"excerpt":{"rendered":"<p>[vc_row full_width=&#8221;stretch_row&#8221; css=&#8221;.vc_custom_1466520872677{background-color: #ffffff !important;}&#8221; el_class=&#8221;row-image-top &#8220;][vc_column width=&#8221;1\/4&#8243; el_class=&#8221;image-top&#8221;][vc_single_image image=&#8221;5309&#8243; img_size=&#8221;large&#8221; onclick=&#8221;link_image&#8221; css=&#8221;.vc_custom_1594032346818{margin-top: 40px !important;margin-bottom: 0px !important;padding-top: 0px !important;padding-bottom: 0px !important;}&#8221;][\/vc_column][vc_column width=&#8221;3\/4&#8243;][vc_column_text css=&#8221;.vc_custom_1469633647607{padding-top: 40px !important;}&#8221;] Sistema integrado MARA laser + GPS [\/vc_column_text][vc_column_text css=&#8221;.vc_custom_1594032660145{margin-bottom: 30px !important;padding-bottom: 20px !important;}&#8221; el_class=&#8221;dpbl&#8221;] O funcionamento do sistema integrado Mara \u00e9 simples, precisa e eficaz, pois prev\u00ea o uso do controle [&hellip;]<\/p>\n","protected":false},"author":1,"featured_media":0,"parent":0,"menu_order":0,"comment_status":"open","ping_status":"closed","template":"","meta":{"_acf_changed":false,"_monsterinsights_skip_tracking":false,"_monsterinsights_sitenote_active":false,"_monsterinsights_sitenote_note":"","_monsterinsights_sitenote_category":0,"footnotes":""},"class_list":["post-4552","page","type-page","status-publish","hentry"],"acf":[],"_links":{"self":[{"href":"https:\/\/maralaser.wpdev.it\/pt-br\/wp-json\/wp\/v2\/pages\/4552","targetHints":{"allow":["GET"]}}],"collection":[{"href":"https:\/\/maralaser.wpdev.it\/pt-br\/wp-json\/wp\/v2\/pages"}],"about":[{"href":"https:\/\/maralaser.wpdev.it\/pt-br\/wp-json\/wp\/v2\/types\/page"}],"author":[{"embeddable":true,"href":"https:\/\/maralaser.wpdev.it\/pt-br\/wp-json\/wp\/v2\/users\/1"}],"replies":[{"embeddable":true,"href":"https:\/\/maralaser.wpdev.it\/pt-br\/wp-json\/wp\/v2\/comments?post=4552"}],"version-history":[{"count":0,"href":"https:\/\/maralaser.wpdev.it\/pt-br\/wp-json\/wp\/v2\/pages\/4552\/revisions"}],"wp:attachment":[{"href":"https:\/\/maralaser.wpdev.it\/pt-br\/wp-json\/wp\/v2\/media?parent=4552"}],"curies":[{"name":"wp","href":"https:\/\/api.w.org\/{rel}","templated":true}]}}